{"id":999,"date":"2026-04-17T21:16:23","date_gmt":"2026-04-17T19:16:23","guid":{"rendered":"https:\/\/mikemuellers.com\/?page_id=999"},"modified":"2026-04-18T11:25:03","modified_gmt":"2026-04-18T09:25:03","slug":"fasten-und-qigong","status":"publish","type":"page","link":"https:\/\/mikemuellers.com\/en\/fasten-und-qigong\/","title":{"rendered":"Fasten und QiGong"},"content":{"rendered":"<section id=\"sp-gpnotmjxbw6p\" data-mobile-visibility=\"#sp-gpnotmjxbw6p|false\" data-tablet-visibility=\"#sp-gpnotmjxbw6p|false\" data-desktop-visibility=\"#sp-gpnotmjxbw6p|false\" data-mobile-css=\"\" data-tablet-css=\"\" class=\"sp-el-section  spBgcoverscroll\" style=\"background-image: linear-gradient(0deg, rgba(0, 0, 0, 0.15), rgba(0, 0, 0, 0.15)), url('https:\/\/images.unsplash.com\/photo-1562822945-075f7678350e?crop=entropy&amp;cs=tinysrgb&amp;fit=max&amp;fm=jpg&amp;ixid=M3w1Mzc1fDB8MXxzZWFyY2h8NHx8ZmFzdGluZyUyMHdlbGxuZXNzfGVufDB8MHx8fDE3Njg3MzE5Mzh8MA&amp;ixlib=rb-4.1.0&amp;q=80&amp;w=1080'); width: 100%; max-width: 100%;\">\n<div id=\"sp-u7n1e935arqg\" data-mobile-visibility=\"#sp-u7n1e935arqg|false\" data-tablet-visibility=\"#sp-u7n1e935arqg|false\" data-desktop-visibility=\"#sp-u7n1e935arqg|false\" data-mobile-css=\"\" data-tablet-css=\"\" class=\"sp-el-row sp-w-full  sp-m-auto sm:sp-flex sp-justify-between\" style=\"width: auto; max-width: 1080px;\">\n<div id=\"sp-pi51zb48vm9\" data-mobile-visibility=\"#sp-pi51zb48vm9|false\" data-tablet-visibility=\"#sp-pi51zb48vm9|false\" data-desktop-visibility=\"#sp-pi51zb48vm9|false\" data-mobile-css=\"#sp-pi51zb48vm9|margin-bottom:13px;\" data-tablet-css=\"\" class=\"sp-el-col  sp-w-full sm:sp-flex sp-flex-col sp-justify-center\" style=\"width: calc(33.3333% - 13px);\">\n<figure id=\"sp-xkvekwu6cq1r\" data-mobile-css=\"#sp-xkvekwu6cq1r|text-align:center;\" data-tablet-css=\"#sp-xkvekwu6cq1r|text-align:center;\" class=\"sp-image-wrapper sp-el-block\" style=\"margin: 0px; text-align: left;\">\n<div><span><a href=\"https:\/\/mikemuellers.com\/en\/\" target=\"\" rel=\"\" class=\"sp-inline-block\"><img loading=\"lazy\" decoding=\"async\" src=\"https:\/\/mikemuellers.com\/wp-content\/uploads\/2026\/03\/LogoFreiMike.png\" alt=\"\" width=\"512\" height=\"512\" srcset=\" https:\/\/mikemuellers.com\/wp-content\/uploads\/2026\/03\/LogoFreiMike-150x150.png 150w, https:\/\/mikemuellers.com\/wp-content\/uploads\/2026\/03\/LogoFreiMike-300x300.png 300w, https:\/\/mikemuellers.com\/wp-content\/uploads\/2026\/03\/LogoFreiMike-12x12.png 12w, https:\/\/mikemuellers.com\/wp-content\/uploads\/2026\/03\/LogoFreiMike.png 512w\" data-mobile-visibility=\".sp-image-block-xkvekwu6cq1r|false\" data-tablet-visibility=\".sp-image-block-xkvekwu6cq1r|false\" data-desktop-visibility=\".sp-image-block-xkvekwu6cq1r|false\" class=\"sp-image-block-xkvekwu6cq1r\" style=\"width: 150px;\"><\/a><\/span><\/div>\n<div id=\"sp-image-dynamic-tags-js-xkvekwu6cq1r\"><script>jQuery(function() { image_dynamic_tags('xkvekwu6cq1r' );});<\/script><\/div>\n<\/figure>\n<\/div>\n<div id=\"sp-acdv6kd8nl56\" data-mobile-visibility=\"#sp-acdv6kd8nl56|false\" data-tablet-visibility=\"#sp-acdv6kd8nl56|false\" data-desktop-visibility=\"#sp-acdv6kd8nl56|false\" data-mobile-css=\"#sp-acdv6kd8nl56|margin-bottom:13px;\" data-tablet-css=\"\" class=\"sp-el-col  sp-w-full sm:sp-flex sp-flex-col sp-justify-center sp-items-center\" style=\"width: calc(33.3333% - 13px);\">\n<div id=\"sp-nbd4iekrr13q\" data-mobile-css=\"#sp-nbd4iekrr13q .nav-menu .menu-item |text-align:center;width:100%\" data-tablet-css=\"#sp-nbd4iekrr13q .nav-menu .menu-item |text-align:center\" data-mobile-visibility=\".sp-nav-menu-block-nbd4iekrr13q|false\" data-tablet-visibility=\".sp-nav-menu-block-nbd4iekrr13q|false\" data-desktop-visibility=\".sp-nav-menu-block-nbd4iekrr13q|false\" class=\"sp-nav sp-flex sp-el-block sp-justify-start sp-nav-menu-block-nbd4iekrr13q\" style=\"margin: 0px; font-size: 16px; color: rgb(255, 255, 255);\">\n<style type=\"text\/css\" data-mobile-css=\"\" data-tablet-css=\"#sp-nbd4iekrr13q|justify-content:center\"><\/style>\n<style type=\"text\/css\" data-mobile-css=\"#sp-nbd4iekrr13q ul li a |text-align:center\" data-tablet-css=\"#sp-nbd4iekrr13q ul li a |text-align:center\"><\/style>\n<style type=\"text\/css\" data-mobile-css=\"\"><\/style>\n<style type=\"text\/css\" data-mobile-css=\"#sp-nbd4iekrr13q .nav-bar |align-items:center\"><\/style>\n<style type=\"text\/css\">     #sp-nbd4iekrr13q .seedprod-menu-horizontal .nav-menu .menu-item ,#sp-nbd4iekrr13q .seedprod-menu-horizontal .nav-menu .seedprod-menu-heading , #sp-nbd4iekrr13q .seedprod-menu-separator {padding:0px 7.5px}      #sp-nbd4iekrr13q .nav-menu ul.sub-menu {box-shadow:0 25px 50px -12px rgba(0, 0, 0, 0.25)}      #sp-nbd4iekrr13q ul li a {font-size:16px}      #sp-nbd4iekrr13q .seedprod-menu-horizontal .nav-menu .separator.menu-item { padding:0px; }      #sp-nbd4iekrr13q .custom-restricted-width .menu-item{padding:7.5px 0px}      #sp-nbd4iekrr13q .seedprod-menu-list li a {color:#FFFFFF;text-align:left}     #sp-nbd4iekrr13q .seedprod-menu-list li{color:#FFFFFF;text-align:left}      #sp-nbd4iekrr13q .seedprod-menu-list li a:hover {text-align:left}      #sp-nbd4iekrr13q .sub-menu {background-color:#fb8c00 !important;border-radius:6px;padding:4px 4px 4px 4px }      #sp-nbd4iekrr13q .sub-menu a {color:#FFFFFF}      #sp-nbd4iekrr13q ul.seedprod-menu-list ul.sub-menu li a:hover{}      #sp-nbd4iekrr13q .bar{background-color:#FFFFFF;}   <\/style>\n<div class=\"sp-nested-nav-wrapper h sp-nav-classhead_menue\">\n<div class=\"seedprod-menu seedprod-menu-builder seedprod-menu-horizontal sp-mobile-menu-false\">\n<div class=\"\">\n<nav class=\"nav-bar\">\n<div class=\"hamburger\"><span class=\"bar\"><\/span><span class=\"bar\"><\/span><span class=\"bar\"><\/span><\/div>\n<div class=\"nav-menu\">\n<div>               <div class=\"nav-menu-bar\"><ul id=\"menu-head_menue\" class=\"seedprod-menu-list\"><li id=\"menu-item-890\" class=\"menu-item menu-item-type-post_type menu-item-object-page menu-item-home menu-item-890\"><a href=\"https:\/\/mikemuellers.com\/en\/\">Home<\/a><\/li>\n<li id=\"menu-item-901\" class=\"menu-item menu-item-type-post_type menu-item-object-page menu-item-has-children menu-item-901\"><a href=\"https:\/\/mikemuellers.com\/en\/kur-und-fastenhotel-quellenhof-bad-bertrich\/\">Das Fastenprogramm &#8211; Die Preise<\/a>\n<ul class=\"sub-menu\">\n\t<li id=\"menu-item-1000\" class=\"menu-item menu-item-type-post_type menu-item-object-page menu-item-1000\"><a href=\"https:\/\/mikemuellers.com\/en\/fasten-und-qigong\/\">Fasten und QiGong<\/a><\/li>\n\t<li id=\"menu-item-902\" class=\"menu-item menu-item-type-post_type menu-item-object-page menu-item-902\"><a href=\"https:\/\/mikemuellers.com\/en\/mike-muellers-fastencoach\/\">Mike Muellers, Fastencoach<\/a><\/li>\n\t<li id=\"menu-item-905\" class=\"menu-item menu-item-type-post_type menu-item-object-page menu-item-905\"><a href=\"https:\/\/mikemuellers.com\/en\/stanislav-hadzhiev-qigong\/\">Stanislav Hadzhiev QiGong<\/a><\/li>\n\t<li id=\"menu-item-989\" class=\"menu-item menu-item-type-post_type menu-item-object-page menu-item-989\"><a href=\"https:\/\/mikemuellers.com\/en\/fasten-yoga-spezial\/\">Fasten Yoga Spezial<\/a><\/li>\n\t<li id=\"menu-item-932\" class=\"menu-item menu-item-type-post_type menu-item-object-page menu-item-932\"><a href=\"https:\/\/mikemuellers.com\/en\/carmen-hubbig-yoga-im-quellenhof\/\">Carmen Hubbig Yoga im Quellenhof<\/a><\/li>\n<\/ul>\n<\/li>\n<li id=\"menu-item-964\" class=\"menu-item menu-item-type-custom menu-item-object-custom menu-item-964\"><a href=\"https:\/\/mikemuellers.com\/en\/contact-2\/\">Contact us<\/a><\/li>\n<li id=\"menu-item-939\" class=\"menu-item menu-item-type-post_type menu-item-object-page current_page_parent menu-item-939\"><a href=\"https:\/\/mikemuellers.com\/en\/blog\/\">Der Fastenblog<\/a><\/li>\n<\/ul><\/div>             <\/div>\n<div><script> jQuery(document).ready(function(){   initDropdowns(); }); <\/script><\/div>\n<\/div>\n<\/nav>\n<\/div>\n<\/div>\n<\/div>\n<\/div>\n<\/div>\n<div id=\"sp-d5f6jvp1w1m4\" data-mobile-visibility=\"#sp-d5f6jvp1w1m4|false\" data-tablet-visibility=\"#sp-d5f6jvp1w1m4|false\" data-desktop-visibility=\"#sp-d5f6jvp1w1m4|false\" data-mobile-css=\"#sp-d5f6jvp1w1m4|margin-bottom:13px;\" data-tablet-css=\"\" class=\"sp-el-col  sp-w-full\" style=\"width: calc(33.3333% - 13px);\">\n<div id=\"sp-button-parent-g3jaegl6q5z4\" data-mobile-css=\"#sp-button-parent-g3jaegl6q5z4|text-align:center;\" data-tablet-css=\"#sp-button-parent-g3jaegl6q5z4|text-align:center;\" class=\"sp-button-wrapper sp-el-block\" style=\"margin: 0px; text-align: right;\"><a href=\"https:\/\/rooms.ibelsa.com\/de\/webbookingtwo\/33087407-0D61-16EF-2C67-3FD055C5CC82\/page\" id=\"sp-g3jaegl6q5z4\" data-mobile-css=\"\" data-tablet-css=\"\" data-mobile-visibility=\".sp-button-g3jaegl6q5z4|false\" data-tablet-visibility=\".sp-button-g3jaegl6q5z4|false\" data-desktop-visibility=\".sp-button-g3jaegl6q5z4|false\" target=\"_blank\" rel=\"\" class=\"sp-button sp-css-target sp-text-center sp-inline-block sp-leading-none sp-button-g3jaegl6q5z4\" style=\"text-shadow: rgba(0, 0, 0, 0.4) 2px 2px 4px; font-size: 18px; background: rgb(251, 140, 0); color: rgb(255, 255, 255); width: auto; padding: 12px 16px; border-radius: 4px; box-shadow: rgba(0, 0, 0, 0.1) 0px 10px 15px -3px, rgba(0, 0, 0, 0.5) 0px 4px 6px -2px;\"><i class=\"sp-mr-2 fas fa-bed\"><\/i><span>Ja ich will!<\/span><span><span id=\"sp-button-sub-text-g3jaegl6q5z4\" data-mobile-css=\"\" data-tablet-css=\"\" class=\"sp-button-sub-txt sp-block sp-mt-1 sp-opacity-75\" style=\"font-size: 12px; line-height: 1;\">Buchen<\/span><\/span><\/a><\/div>\n<\/div>\n<\/div>\n<\/section>\n<section id=\"sp-oap278aufry\" data-mobile-visibility=\"#sp-oap278aufry|false\" data-tablet-visibility=\"#sp-oap278aufry|false\" data-desktop-visibility=\"#sp-oap278aufry|false\" data-mobile-css=\"\" data-tablet-css=\"\" class=\"sp-el-section\" style=\"background-color: rgb(236, 253, 245); width: 100%; max-width: 100%; padding: 80px 60px;\">\n<div id=\"sp-zpiv74zyip4n\" data-mobile-visibility=\"#sp-zpiv74zyip4n|false\" data-tablet-visibility=\"#sp-zpiv74zyip4n|false\" data-desktop-visibility=\"#sp-zpiv74zyip4n|false\" data-mobile-css=\"#sp-zpiv74zyip4n|margin:50px 0px 50px 0px ;\" data-tablet-css=\"\" class=\"sp-el-row sp-w-full  sp-m-auto sm:sp-flex sp-justify-between\">\n<div id=\"sp-m19rsw\" data-mobile-visibility=\"#sp-m19rsw|false\" data-tablet-visibility=\"#sp-m19rsw|false\" data-desktop-visibility=\"#sp-m19rsw|false\" data-mobile-css=\"\" data-tablet-css=\"\" class=\"sp-el-col  sp-w-full\" style=\"width: calc(65% + 0px);\"><span href=\"\" target=\"\" rel=\"\" class=\"sp-header-block-link\" style=\"text-decoration: none;\"><\/p>\n<h2 id=\"mir4v4\" data-mobile-css=\".sp-headline-block-mir4v4, #sp-mir4v4, #mir4v4|font-size:40px;text-align:center;\" data-tablet-css=\".sp-headline-block-mir4v4, #sp-mir4v4, #mir4v4|text-align:center;\" data-mobile-visibility=\".sp-headline-block-mir4v4|false\" data-tablet-visibility=\".sp-headline-block-mir4v4|false\" data-desktop-visibility=\".sp-headline-block-mir4v4|false\" class=\"sp-css-target sp-el-block sp-headline-block-mir4v4 sp-type-header mce-content-body html4-captions\"  style=\"color: rgb(255, 255, 255); text-align: center; margin: 0px; position: relative;\" ><span style=\"color: #000000;\" data-mce-style=\"color: #000000;\">Fasten &amp; QiGong mit <br \/>Mike &amp; Stanislav<\/span><\/h2>\n<p><\/span><\/p>\n<div id=\"sp-cw4v7y\" data-mobile-css=\".sp-text-wrapper-cw4v7y, #sp-cw4v7y, #cw4v7y|text-align:left;\" data-tablet-css=\".sp-text-wrapper-cw4v7y, #sp-cw4v7y, #cw4v7y|text-align:left;\" data-mobile-visibility=\".sp-text-wrapper-cw4v7y|false\" data-tablet-visibility=\".sp-text-wrapper-cw4v7y|false\" data-desktop-visibility=\".sp-text-wrapper-cw4v7y|false\" class=\"sp-css-target sp-text-wrapper sp-el-block sp-text-block-style sp-text-wrapper-cw4v7y\" style=\"margin: 0px; text-align: left;\">\n<div class=\"Fsg96\" data-sfc-cp=\"\" data-complete=\"true\" data-processed=\"true\">\n<h3 data-section-id=\"10ds0zg\" data-start=\"268\" data-end=\"320\">Mikes Empfehlung f\u00fcr Fasten-Puristen &amp; Einsteiger<\/h3>\n<blockquote data-start=\"322\" data-end=\"876\">\n<p data-start=\"324\" data-end=\"477\">\u201eWenn Sie zu mir kommen, um Ihrem K\u00f6rper wirklich eine tiefgreifende Reinigung zu erm\u00f6glichen, dann ist unser Klassik-Programm Ihr sicherster Einstieg.<\/p>\n<p data-start=\"484\" data-end=\"681\">Wir fasten konsequent nach der <span class=\"hover:entity-accent entity-underline inline cursor-pointer align-baseline\"><span class=\"whitespace-normal\">Buchinger-Fasten<\/span><\/span>-Methode, bewegen uns t\u00e4glich in der Natur und nutzen <span class=\"hover:entity-accent entity-underline inline cursor-pointer align-baseline\"><span class=\"whitespace-normal\">QiGong<\/span><\/span>, um die Energie im Fluss zu halten.<\/p>\n<p data-start=\"688\" data-end=\"855\">Es ist das purste Fastenerlebnis, das wir im Quellenhof in <span class=\"hover:entity-accent entity-underline inline cursor-pointer align-baseline\"><span class=\"whitespace-normal\">Bad Bertrich<\/span><\/span> anbieten \u2013 ohne Ablenkung, mit maximalem Fokus auf Ihre Gesundheit.\u201c<\/p>\n<p data-start=\"862\" data-end=\"876\">\u2014 Mike M\u00fcllers<\/p>\n<\/blockquote>\n<hr data-start=\"878\" data-end=\"881\">\n<h3 data-section-id=\"qda98e\" data-start=\"883\" data-end=\"926\">Warum QiGong das perfekte Fasten-Duo ist<\/h3>\n<h3 data-section-id=\"yyxam0\" data-start=\"928\" data-end=\"969\">Sanfte Bewegung statt \u00dcberforderung<\/h3>\n<p data-start=\"970\" data-end=\"1122\">Im Fasten braucht der K\u00f6rper keine H\u00f6chstleistung, sondern Unterst\u00fctzung.<br data-start=\"1043\" data-end=\"1046\">QiGong arbeitet ruhig, stabil und ohne Belastung f\u00fcr Kreislauf oder Gelenke.<\/p>\n<h3 data-section-id=\"bydq71\" data-start=\"1124\" data-end=\"1164\">Energie aufbauen statt verbrauchen<\/h3>\n<p data-start=\"1165\" data-end=\"1310\">Fasten lenkt den Fokus nach innen.<br data-start=\"1199\" data-end=\"1202\">Die langsamen, flie\u00dfenden Bewegungen des QiGong verst\u00e4rken genau diesen Prozess \u2013 statt ihn zu unterbrechen.<\/p>\n<h3 data-section-id=\"1itkl52\" data-start=\"1312\" data-end=\"1356\">Sp\u00fcrbare Ruhe \u2013 oft schon nach Minuten<\/h3>\n<p data-start=\"1357\" data-end=\"1494\">Ohne Leistungsdruck. Ohne Bewertung.<br data-start=\"1393\" data-end=\"1396\">Viele erleben bereits nach kurzer Zeit eine tiefe innere Ruhe, die den Fastenprozess intensiviert.<\/p>\n<h3 data-section-id=\"ey17ws\" data-start=\"1496\" data-end=\"1524\">Perfekt f\u00fcr Einsteiger<\/h3>\n<p data-start=\"1525\" data-end=\"1628\">Keine Vorkenntnisse notwendig.<br data-start=\"1555\" data-end=\"1558\">Sie werden genau dort abgeholt, wo Sie stehen \u2013 k\u00f6rperlich und mental.<\/p>\n<hr data-start=\"1630\" data-end=\"1633\">\n<h3 data-section-id=\"1et08al\" data-start=\"1635\" data-end=\"1656\">Mein Fazit f\u00fcr Sie<\/h3>\n<p data-start=\"1658\" data-end=\"1799\">Wenn Sie eine Methode suchen, die<br data-start=\"1691\" data-end=\"1694\">Ihren K\u00f6rper sanft aktiviert,<br data-start=\"1723\" data-end=\"1726\">Ihren Geist beruhigt<br data-start=\"1746\" data-end=\"1749\">und sich nat\u00fcrlich in den Fastenprozess einf\u00fcgt,<\/p>\n<p data-start=\"1801\" data-end=\"1856\">dann ist das Klassik-Programm die klarste Entscheidung.<\/p>\n<hr data-start=\"1858\" data-end=\"1861\">\n<blockquote data-start=\"1863\" data-end=\"2149\">\n<p data-start=\"1865\" data-end=\"2028\">\u201eBeim QiGong mit Stanislav geht es nicht darum, sich zu verbiegen.<br data-start=\"1931\" data-end=\"1934\">Es geht darum, wieder im eigenen K\u00f6rper anzukommen und die Energie frei flie\u00dfen zu lassen.<\/p>\n<p data-start=\"2035\" data-end=\"2128\">Es ist der entspannteste und zugleich sicherste Weg zu einem erfolgreichen Fastenerlebnis.\u201c<\/p>\n<p data-start=\"2135\" data-end=\"2149\">\u2014 Mike M\u00fcllers<\/p>\n<\/blockquote>\n<hr data-start=\"2151\" data-end=\"2154\">\n<h2 data-section-id=\"1tudhdr\" data-start=\"2156\" data-end=\"2180\">Unser Fasten-Modell<\/h2>\n<h3 data-section-id=\"nqx4rn\" data-start=\"2182\" data-end=\"2232\">Klassik: Fasten &amp; QiGong mit Mike und Stanislav<\/h3>\n<p data-start=\"2234\" data-end=\"2286\"><strong data-start=\"2234\" data-end=\"2286\">Unser bew\u00e4hrtes Kernprogramm \u2013 47 Wochen im Jahr<\/strong><\/p>\n<p data-start=\"2288\" data-end=\"2427\">Erleben Sie die reinigende Kraft des Fastens in einer klaren Struktur,<br data-start=\"2358\" data-end=\"2361\">begleitet von Mike M\u00fcllers und erg\u00e4nzt durch QiGong mit Stanislav.<\/p>\n<hr data-start=\"2429\" data-end=\"2432\">\n<h3 data-section-id=\"6uo9qa\" data-start=\"2434\" data-end=\"2443\">Fokus<\/h3>\n<ul data-start=\"2445\" data-end=\"2520\">\n<li data-section-id=\"zutlux\" data-start=\"2445\" data-end=\"2470\">K\u00f6rperliche Reinigung<\/li>\n<li data-section-id=\"7vz93b\" data-start=\"2471\" data-end=\"2495\">Gef\u00fchrte Wanderungen<\/li>\n<li data-section-id=\"gjeqkd\" data-start=\"2496\" data-end=\"2520\">Sanfte Energiearbeit<\/li>\n<\/ul>\n<hr data-start=\"2522\" data-end=\"2525\">\n<h3 data-section-id=\"1gvhltm\" data-start=\"2527\" data-end=\"2540\">Inklusive<\/h3>\n<p data-start=\"2542\" data-end=\"2574\">Alle Leistungen des Fastenpakets<\/p>\n<hr data-start=\"2576\" data-end=\"2579\">\n<h2 data-section-id=\"48a587\" data-start=\"2581\" data-end=\"2610\">Fasten-Zimmerpreise 2026<\/h2>\n<p data-start=\"2612\" data-end=\"2766\"><strong data-start=\"2612\" data-end=\"2662\">Komplettpreis pro Person f\u00fcr die gesamte Dauer<\/strong><br data-start=\"2662\" data-end=\"2665\">Inklusive: Fastenprogramm, Betreuung, Wanderungen und QiGong<br data-start=\"2725\" data-end=\"2728\">Exklusive: Yoga, Kurtaxe und Parkplatz<\/p>\n<hr data-start=\"2768\" data-end=\"2771\">\n<h3 data-section-id=\"1q9gpy5\" data-start=\"2773\" data-end=\"2810\">Superior Einzelzimmer (ca. 18 m\u00b2)<\/h3>\n<ul data-start=\"2812\" data-end=\"2918\">\n<li data-section-id=\"hh5y3t\" data-start=\"2812\" data-end=\"2831\">5 N\u00e4chte: 750 \u20ac<\/li>\n<li data-section-id=\"1u6rnl4\" data-start=\"2832\" data-end=\"2851\">7 N\u00e4chte: 890 \u20ac<\/li>\n<li data-section-id=\"ivjjmv\" data-start=\"2852\" data-end=\"2874\">10 N\u00e4chte: 1.250 \u20ac<\/li>\n<li data-section-id=\"1z0d6jo\" data-start=\"2875\" data-end=\"2897\">14 N\u00e4chte: 1.550 \u20ac<\/li>\n<li data-section-id=\"1nsgcmb\" data-start=\"2898\" data-end=\"2918\">21 N\u00e4chte: 2.200 \u20ac<\/li>\n<\/ul>\n<hr data-start=\"2920\" data-end=\"2923\">\n<h3 data-section-id=\"j8e7f0\" data-start=\"2925\" data-end=\"2963\">Superior Doppelzimmer (pro Person)<\/h3>\n<ul data-start=\"2965\" data-end=\"3071\">\n<li data-section-id=\"ew4vot\" data-start=\"2965\" data-end=\"2984\">5 N\u00e4chte: 710 \u20ac<\/li>\n<li data-section-id=\"1tku6tl\" data-start=\"2985\" data-end=\"3004\">7 N\u00e4chte: 880 \u20ac<\/li>\n<li data-section-id=\"k18q5g\" data-start=\"3005\" data-end=\"3027\">10 N\u00e4chte: 1.235 \u20ac<\/li>\n<li data-section-id=\"glcjig\" data-start=\"3028\" data-end=\"3050\">14 N\u00e4chte: 1.480 \u20ac<\/li>\n<li data-section-id=\"1noz3s0\" data-start=\"3051\" data-end=\"3071\">21 N\u00e4chte: 2.100 \u20ac<\/li>\n<\/ul>\n<hr data-start=\"3073\" data-end=\"3076\">\n<p data-start=\"3078\" data-end=\"3201\"><strong data-start=\"3081\" data-end=\"3105\">Empfehlung von Mike:<\/strong><br data-start=\"3105\" data-end=\"3108\">F\u00fcr eine sp\u00fcrbare Ver\u00e4nderung empfehlen wir mindestens <strong data-start=\"3163\" data-end=\"3173\">7 Tage<\/strong>, ideal sind <strong data-start=\"3186\" data-end=\"3200\">10\u201314 Tage<\/strong>.<\/p>\n<hr data-start=\"3203\" data-end=\"3206\">\n<h2 data-section-id=\"48a586\" data-start=\"3208\" data-end=\"3237\">Fasten-Zimmerpreise 2027<\/h2>\n<p data-start=\"3239\" data-end=\"3393\"><strong data-start=\"3239\" data-end=\"3289\">Komplettpreis pro Person f\u00fcr die gesamte Dauer<\/strong><br data-start=\"3289\" data-end=\"3292\">Inklusive: Fastenprogramm, Betreuung, Wanderungen und QiGong<br data-start=\"3352\" data-end=\"3355\">Exklusive: Yoga, Kurtaxe und Parkplatz<\/p>\n<hr data-start=\"3395\" data-end=\"3398\">\n<h3 data-section-id=\"1q9gpy5\" data-start=\"3400\" data-end=\"3437\">Superior Einzelzimmer (ca. 18 m\u00b2)<\/h3>\n<ul data-start=\"3439\" data-end=\"3545\">\n<li data-section-id=\"iggbus\" data-start=\"3439\" data-end=\"3458\">5 N\u00e4chte: 780 \u20ac<\/li>\n<li data-section-id=\"lasapw\" data-start=\"3459\" data-end=\"3478\">7 N\u00e4chte: 926 \u20ac<\/li>\n<li data-section-id=\"1yht64j\" data-start=\"3479\" data-end=\"3501\">10 N\u00e4chte: 1.300 \u20ac<\/li>\n<li data-section-id=\"1un4lgh\" data-start=\"3502\" data-end=\"3524\">14 N\u00e4chte: 1.612 \u20ac<\/li>\n<li data-section-id=\"1nsadib\" data-start=\"3525\" data-end=\"3545\">21 N\u00e4chte: 2.288 \u20ac<\/li>\n<\/ul>\n<hr data-start=\"3547\" data-end=\"3550\">\n<h3 data-section-id=\"j8e7f0\" data-start=\"3552\" data-end=\"3590\">Superior Doppelzimmer (pro Person)<\/h3>\n<ul data-start=\"3592\" data-end=\"3698\">\n<li data-section-id=\"fvf9fs\" data-start=\"3592\" data-end=\"3611\">5 N\u00e4chte: 740 \u20ac<\/li>\n<li data-section-id=\"lw1u90\" data-start=\"3612\" data-end=\"3631\">7 N\u00e4chte: 915 \u20ac<\/li>\n<li data-section-id=\"el4eof\" data-start=\"3632\" data-end=\"3654\">10 N\u00e4chte: 1.285 \u20ac<\/li>\n<li data-section-id=\"1yefps5\" data-start=\"3655\" data-end=\"3677\">14 N\u00e4chte: 1.540 \u20ac<\/li>\n<li data-section-id=\"1nosulo\" data-start=\"3678\" data-end=\"3698\">21 N\u00e4chte: 2.184 \u20ac<\/li>\n<\/ul><\/div>\n<\/div>\n<div id=\"sp-button-parent-k05x5g\" data-mobile-css=\"#sp-button-parent-k05x5g|text-align:center;\" data-tablet-css=\"#sp-button-parent-k05x5g|text-align:center;\" class=\"sp-button-wrapper sp-el-block\" style=\"margin: 0px; text-align: center;\"><a href=\"https:\/\/rooms.ibelsa.com\/de\/webbookingtwo\/33087407-0D61-16EF-2C67-3FD055C5CC82\/page\" id=\"sp-k05x5g\" data-mobile-css=\"\" data-tablet-css=\"\" data-mobile-visibility=\".sp-button-k05x5g|false\" data-tablet-visibility=\".sp-button-k05x5g|false\" data-desktop-visibility=\".sp-button-k05x5g|false\" target=\"_blank\" rel=\"\" class=\"sp-button sp-css-target sp-text-center sp-inline-block sp-leading-none sp-button-k05x5g\" style=\"font-size: 15px; background: linear-gradient(-180deg, rgb(124, 179, 66), rgb(106, 153, 56) 90%); color: rgb(255, 255, 255); width: auto; padding: 8px 12px; border-radius: 4px; box-shadow: rgba(255, 255, 255, 0.2) 0px 1px 0px inset;\"><i class=\"sp-mr-2 fas fa-bed\"><\/i><span>Ich Will<\/span><span><span id=\"sp-button-sub-text-k05x5g\" data-mobile-css=\"\" data-tablet-css=\"\" class=\"sp-button-sub-txt sp-block sp-mt-1 sp-opacity-75\" style=\"font-size: 9px; line-height: 1;\">Buchen<\/span><\/span><\/a><\/div>\n<\/div>\n<div id=\"sp-lruroi\" data-mobile-visibility=\"#sp-lruroi|false\" data-tablet-visibility=\"#sp-lruroi|false\" data-desktop-visibility=\"#sp-lruroi|false\" data-mobile-css=\"\" data-tablet-css=\"\" class=\"sp-el-col  sp-w-full\" style=\"width: calc(35% + 0px);\">\n<figure id=\"sp-opq4d5\" data-mobile-css=\"#sp-opq4d5|text-align:center;\" data-tablet-css=\"#sp-opq4d5|text-align:center;\" class=\"sp-image-wrapper sp-el-block\" style=\"margin: 0px; text-align: center;\">\n<div><span><img loading=\"lazy\" decoding=\"async\" src=\"https:\/\/mikemuellers.com\/wp-content\/uploads\/2026\/01\/Bildschirmfoto-2026-01-19-um-10.34.58.png\" alt=\"Fasten Plan\" width=\"560\" height=\"684\" data-dynamic-tag=\"\" data-image-src=\"wpmedia\" data-mobile-visibility=\".sp-image-block-opq4d5|false\" data-tablet-visibility=\".sp-image-block-opq4d5|false\" data-desktop-visibility=\".sp-image-block-opq4d5|false\" srcset=\" https:\/\/mikemuellers.com\/wp-content\/uploads\/2026\/01\/Bildschirmfoto-2026-01-19-um-10.34.58-150x150.png 150w, https:\/\/mikemuellers.com\/wp-content\/uploads\/2026\/01\/Bildschirmfoto-2026-01-19-um-10.34.58-246x300.png 246w, https:\/\/mikemuellers.com\/wp-content\/uploads\/2026\/01\/Bildschirmfoto-2026-01-19-um-10.34.58.png 560w\" class=\"sp-image-block-opq4d5 custom-preview-class\" style=\"width: 560px; border-width: 1px; border-style: solid; border-color: rgb(222, 222, 222);\"><\/span><\/div>\n<div id=\"sp-image-dynamic-tags-js-opq4d5\"><script>jQuery(function() { image_dynamic_tags('opq4d5' );});<\/script><\/div>\n<\/figure>\n<\/div>\n<\/div>\n<\/section>","protected":false},"excerpt":{"rendered":"<p>Ja ich will!Buchen Fasten &amp; QiGong mit Mike &amp; Stanislav Mikes Empfehlung f\u00fcr Fasten-Puristen &amp; Einsteiger \u201eWenn Sie zu mir kommen, um Ihrem K\u00f6rper wirklich eine tiefgreifende Reinigung zu erm\u00f6glichen, dann ist unser Klassik-Programm Ihr sicherster Einstieg. Wir fasten konsequent nach der Buchinger-Fasten-Methode, bewegen uns t\u00e4glich in der Natur und nutzen QiGong, um die Energie [&hellip;]<\/p>\n","protected":false},"author":1,"featured_media":0,"parent":0,"menu_order":0,"comment_status":"closed","ping_status":"closed","template":"","meta":{"footnotes":""},"class_list":["post-999","page","type-page","status-publish","hentry"],"_links":{"self":[{"href":"https:\/\/mikemuellers.com\/en\/wp-json\/wp\/v2\/pages\/999","targetHints":{"allow":["GET"]}}],"collection":[{"href":"https:\/\/mikemuellers.com\/en\/wp-json\/wp\/v2\/pages"}],"about":[{"href":"https:\/\/mikemuellers.com\/en\/wp-json\/wp\/v2\/types\/page"}],"author":[{"embeddable":true,"href":"https:\/\/mikemuellers.com\/en\/wp-json\/wp\/v2\/users\/1"}],"replies":[{"embeddable":true,"href":"https:\/\/mikemuellers.com\/en\/wp-json\/wp\/v2\/comments?post=999"}],"version-history":[{"count":10,"href":"https:\/\/mikemuellers.com\/en\/wp-json\/wp\/v2\/pages\/999\/revisions"}],"predecessor-version":[{"id":1004,"href":"https:\/\/mikemuellers.com\/en\/wp-json\/wp\/v2\/pages\/999\/revisions\/1004"}],"wp:attachment":[{"href":"https:\/\/mikemuellers.com\/en\/wp-json\/wp\/v2\/media?parent=999"}],"curies":[{"name":"wp","href":"https:\/\/api.w.org\/{rel}","templated":true}]}}