{"id":811,"date":"2026-04-15T21:51:22","date_gmt":"2026-04-15T19:51:22","guid":{"rendered":"https:\/\/mikemuellers.com\/?page_id=811"},"modified":"2026-04-15T21:56:54","modified_gmt":"2026-04-15T19:56:54","slug":"das-fastenprogram","status":"publish","type":"page","link":"https:\/\/mikemuellers.com\/en\/das-fastenprogram\/","title":{"rendered":"Fastenprogramm"},"content":{"rendered":"<section id=\"sp-vtpa59\" data-mobile-visibility=\"#sp-vtpa59|false\" data-tablet-visibility=\"#sp-vtpa59|false\" data-desktop-visibility=\"#sp-vtpa59|false\" data-mobile-css=\"\" data-tablet-css=\"\" class=\"sp-el-section  spBgcover\" style=\"background-image: linear-gradient(0deg, rgba(0, 0, 0, 0.2), rgba(0, 0, 0, 0.2)), url('https:\/\/mikemuellers.com\/wp-content\/uploads\/2026\/01\/IMG_6661-scaled.jpeg'); background-color: rgb(0, 0, 0); width: 1920px; max-width: 100%;\">\n<div id=\"sp-fd17fl\" data-mobile-visibility=\"#sp-fd17fl|false\" data-tablet-visibility=\"#sp-fd17fl|false\" data-desktop-visibility=\"#sp-fd17fl|false\" data-mobile-css=\"\" data-tablet-css=\"\" class=\"sp-el-row sp-w-full  sp-m-auto sm:sp-flex sp-justify-between\" style=\"width: 100%; max-width: 100%;\">\n<div id=\"sp-eq9ujj\" data-mobile-visibility=\"#sp-eq9ujj|false\" data-tablet-visibility=\"#sp-eq9ujj|false\" data-desktop-visibility=\"#sp-eq9ujj|false\" data-mobile-css=\"\" data-tablet-css=\"\" class=\"sp-el-col  sp-w-full\" style=\"width: calc(100% + 0px); padding: 0px;\">\n<div id=\"sp-o3cfrh\" data-mobile-visibility=\".sp-templatepart-block-o3cfrh|false\" data-tablet-visibility=\".sp-templatepart-block-o3cfrh|false\" data-desktop-visibility=\".sp-templatepart-block-o3cfrh|false\" data-mobile-css=\"\" data-tablet-css=\"\" class=\"sp-templatepart-wrapper sp-templatepart-block-o3cfrh\" style=\"padding: 0px; margin: 0px; display: flex;\">\n<div class=\"sp-w-full\">        <\/div>\n<\/div>\n<\/div>\n<\/div>\n<div id=\"sp-rhklhijnri15\" data-mobile-visibility=\"#sp-rhklhijnri15|false\" data-tablet-visibility=\"#sp-rhklhijnri15|false\" data-desktop-visibility=\"#sp-rhklhijnri15|false\" data-mobile-css=\"\" data-tablet-css=\"\" class=\"sp-el-row sp-w-full  sp-m-auto spBgcover sm:sp-flex sp-justify-between\" style=\"padding: 0px; width: auto; max-width: 1000px;\">\n<div id=\"sp-ivmmqymvtrr\" data-mobile-visibility=\"#sp-ivmmqymvtrr|false\" data-tablet-visibility=\"#sp-ivmmqymvtrr|false\" data-desktop-visibility=\"#sp-ivmmqymvtrr|false\" data-mobile-css=\"\" data-tablet-css=\"\" class=\"sp-el-col  spBgcover sp-w-full\" style=\"width: calc(23% + 0px);\">\n<figure id=\"sp-xfwpit0j3wqs\" data-mobile-css=\"#sp-xfwpit0j3wqs|text-align:center;\" data-tablet-css=\"#sp-xfwpit0j3wqs|text-align:center;\" class=\"sp-image-wrapper sp-el-block\" style=\"margin: 4px 0px 0px; text-align: center;\">\n<div><span><a href=\"https:\/\/mikemuellers.com\/en\/\" target=\"\" rel=\"\" class=\"sp-inline-block\"><img loading=\"lazy\" decoding=\"async\" src=\"https:\/\/mikemuellers.com\/wp-content\/uploads\/2026\/03\/LogoFreiMike.png\" alt=\"\" width=\"512\" height=\"512\" srcset=\" https:\/\/mikemuellers.com\/wp-content\/uploads\/2026\/03\/LogoFreiMike-150x150.png 150w, https:\/\/mikemuellers.com\/wp-content\/uploads\/2026\/03\/LogoFreiMike-300x300.png 300w, https:\/\/mikemuellers.com\/wp-content\/uploads\/2026\/03\/LogoFreiMike-12x12.png 12w, https:\/\/mikemuellers.com\/wp-content\/uploads\/2026\/03\/LogoFreiMike.png 512w\" data-mobile-visibility=\".sp-image-block-xfwpit0j3wqs|false\" data-tablet-visibility=\".sp-image-block-xfwpit0j3wqs|false\" data-desktop-visibility=\".sp-image-block-xfwpit0j3wqs|false\" class=\"sp-image-block-xfwpit0j3wqs\" style=\"object-fit: fill; width: 100px; height: 100px;\"><\/a><\/span><\/div>\n<div id=\"sp-image-dynamic-tags-js-xfwpit0j3wqs\"><script>jQuery(function() { image_dynamic_tags('xfwpit0j3wqs' );});<\/script><\/div>\n<\/figure>\n<\/div>\n<div id=\"sp-uquv10e8hju\" data-mobile-visibility=\"#sp-uquv10e8hju|false\" data-tablet-visibility=\"#sp-uquv10e8hju|false\" data-desktop-visibility=\"#sp-uquv10e8hju|false\" data-mobile-css=\"\" data-tablet-css=\"\" class=\"sp-el-col  spBgcover sp-w-full\" style=\"width: calc(52% + 0px);\"><span href=\"\" target=\"\" rel=\"\" class=\"sp-header-block-link\" style=\"text-decoration: none;\"><\/p>\n<h2 id=\"mir4v4\" data-mobile-css=\".sp-headline-block-mir4v4, #sp-mir4v4, #mir4v4|font-size:40px;text-align:center;\" data-tablet-css=\".sp-headline-block-mir4v4, #sp-mir4v4, #mir4v4|text-align:center;\" data-mobile-visibility=\".sp-headline-block-mir4v4|false\" data-tablet-visibility=\".sp-headline-block-mir4v4|false\" data-desktop-visibility=\".sp-headline-block-mir4v4|false\" class=\"sp-css-target sp-el-block sp-headline-block-mir4v4 sp-type-header mce-content-body html4-captions\"  style=\"color: rgb(255, 255, 255); text-align: center; margin: 0px; position: relative;\" >Mike Muellers Fasten &#8211; Hotel Quellenhof <br \/>Bad Bertrich<\/h2>\n<p><\/span><\/div>\n<div id=\"sp-o64r4khtsv4r\" data-mobile-visibility=\"#sp-o64r4khtsv4r|false\" data-tablet-visibility=\"#sp-o64r4khtsv4r|false\" data-desktop-visibility=\"#sp-o64r4khtsv4r|false\" data-mobile-css=\"\" data-tablet-css=\"\" class=\"sp-el-col  spBgcover sp-w-full\" style=\"width: calc(24% + 0px);\">\n<div id=\"sp-button-parent-s2onk6gkanqq\" data-mobile-css=\"#sp-button-parent-s2onk6gkanqq|text-align:center;\" data-tablet-css=\"#sp-button-parent-s2onk6gkanqq|text-align:center;\" class=\"sp-button-wrapper sp-el-block\" style=\"margin: 4px 0px 0px; text-align: right;\"><a href=\"https:\/\/wa.me\/4915161491999\" id=\"sp-s2onk6gkanqq\" data-mobile-css=\"\" data-tablet-css=\"\" data-mobile-visibility=\".sp-button-s2onk6gkanqq|false\" data-tablet-visibility=\".sp-button-s2onk6gkanqq|false\" data-desktop-visibility=\".sp-button-s2onk6gkanqq|false\" target=\"_blank\" rel=\"\" class=\"sp-button sp-css-target sp-text-center sp-inline-block sp-leading-none sp-button-s2onk6gkanqq\" style=\"text-shadow: rgba(0, 0, 0, 0.3) 3px 3px 6px; font-size: 15px; background: rgb(124, 179, 66); color: rgb(255, 255, 255); width: auto; padding: 10px 31px; border-radius: 100px; border-bottom: 1px solid rgb(0, 0, 0); box-shadow: rgba(0, 0, 0, 0.1) 0px 10px 15px -3px, rgba(0, 0, 0, 0.5) 0px 4px 6px -2px;\"><i class=\"sp-mr-2 fab fa-whatsapp\"><\/i><span>WhatsApp<\/span><span><span id=\"sp-button-sub-text-s2onk6gkanqq\" data-mobile-css=\"\" data-tablet-css=\"\" class=\"sp-button-sub-txt sp-block sp-mt-1 sp-opacity-75\" style=\"font-size: 9px; line-height: 1;\">Sie haben Fragen? Schreiben Sie mir einfach!<\/span><\/span><\/a><\/div>\n<\/div>\n<\/div>\n<\/section>\n<section id=\"sp-oap278aufry\" data-mobile-visibility=\"#sp-oap278aufry|false\" data-tablet-visibility=\"#sp-oap278aufry|false\" data-desktop-visibility=\"#sp-oap278aufry|false\" data-mobile-css=\"\" data-tablet-css=\"\" class=\"sp-el-section\" style=\"background-color: rgb(236, 253, 245); width: 100%; max-width: 100%; padding: 80px 60px;\">\n<div id=\"sp-zpiv74zyip4n\" data-mobile-visibility=\"#sp-zpiv74zyip4n|false\" data-tablet-visibility=\"#sp-zpiv74zyip4n|false\" data-desktop-visibility=\"#sp-zpiv74zyip4n|false\" data-mobile-css=\"#sp-zpiv74zyip4n|margin:50px 0px 50px 0px ;\" data-tablet-css=\"\" class=\"sp-el-row sp-w-full  sp-m-auto sm:sp-flex sp-justify-between\">\n<div id=\"sp-m19rsw\" data-mobile-visibility=\"#sp-m19rsw|false\" data-tablet-visibility=\"#sp-m19rsw|false\" data-desktop-visibility=\"#sp-m19rsw|false\" data-mobile-css=\"\" data-tablet-css=\"\" class=\"sp-el-col  sp-w-full\" style=\"width: calc(65% + 0px);\">\n<div id=\"sp-cw4v7y\" data-mobile-css=\".sp-text-wrapper-cw4v7y, #sp-cw4v7y, #cw4v7y|text-align:left;\" data-tablet-css=\".sp-text-wrapper-cw4v7y, #sp-cw4v7y, #cw4v7y|text-align:left;\" data-mobile-visibility=\".sp-text-wrapper-cw4v7y|false\" data-tablet-visibility=\".sp-text-wrapper-cw4v7y|false\" data-desktop-visibility=\".sp-text-wrapper-cw4v7y|false\" class=\"sp-css-target sp-text-wrapper sp-el-block sp-text-block-style sp-text-wrapper-cw4v7y\" style=\"margin: 0px; text-align: left;\">\n<h2><strong>Fasten im Quellenhof \u2013 der Ort, an dem alles zusammenkommt<\/strong><\/h2>\n<p>Im Kurhotel Quellenhof arbeite ich seit langem bewusst an einem Ort, der ideale Voraussetzungen f\u00fcr eine erfolgreiche Fastenzeit bietet.<\/p>\n<p>Ruhe, Natur, kurze Wege \u2013 und vor allem: die direkte Verbindung zur Vulkaneifel Therme.<\/p>\n<p>Denn genau diese Kombination macht den Unterschied.<\/p>\n<hr>\n<h2><strong>Die perfekte Synergie: Fasten, Thermalwasser &amp; Natur<\/strong><\/h2>\n<p>Fasten wirkt von innen.<br \/>Thermalwasser unterst\u00fctzt von au\u00dfen.<\/p>\n<p>W\u00e4hrend Ihr K\u00f6rper durch das Fasten in einen nat\u00fcrlichen Reinigungsprozess kommt, hilft die W\u00e4rme des Wassers dabei, loszulassen \u2013 k\u00f6rperlich wie mental.<\/p>\n<p>Muskeln entspannen sich.<br \/>Gelenke werden entlastet.<br \/>Der ganze Organismus kommt zur Ruhe.<\/p>\n<p>Viele G\u00e4ste sp\u00fcren genau hier den Wendepunkt ihrer Fastenwoche.<\/p>\n<hr>\n<h2><strong>Warum ich seit vielen Jahren mit dem Quellenhof arbeite<\/strong><\/h2>\n<p>Ich habe diesen Ort bewusst gew\u00e4hlt.<\/p>\n<p>Nicht wegen \u201eWellness\u201c.<br \/>Sondern wegen der Bedingungen, die eine Fastenwoche wirklich unterst\u00fctzen:<\/p>\n<ul>\n<li>\n<p>ruhige Lage ohne Ablenkung<\/p>\n<\/li>\n<li>\n<p>direkte N\u00e4he zur Therme<\/p>\n<\/li>\n<li>\n<p>klare Strukturen vor Ort<\/p>\n<\/li>\n<li>\n<p>eine Atmosph\u00e4re, die R\u00fcckzug m\u00f6glich macht<\/p>\n<\/li>\n<\/ul>\n<p>Alles Dinge, die Sie beim Fasten tats\u00e4chlich brauchen.<\/p>\n<hr>\n<h2><strong>Ihr Vorteil<\/strong><\/h2>\n<p>Sie bekommen nicht nur ein Fastenprogramm.<br \/>Sondern einen Rahmen, in dem es funktioniert.<\/p>\n<p>Wenn Sie klassischen Hotel-Luxus suchen, ist der Quellenhof nicht der richtige Ort.<br data-start=\"1178\" data-end=\"1181\">Sch\u00e4tzen Sie jedoch Ruhe, R\u00fcckzug und eine besondere Atmosph\u00e4re, werden Sie hier genau das finden.<br data-start=\"1286\" data-end=\"1289\">Das ehemalige Kloster der Vinzentinerinnen schafft einen Rahmen, der Fasten wirklich unterst\u00fctzt \u2013 und dabei angenehm bodenst\u00e4ndig bleibt.<\/p>\n<p>Ich begleite Sie durch den Prozess.<br \/>Der Quellenhof schafft die Umgebung, in der Sie sich darauf einlassen k\u00f6nnen.<\/p>\n<hr>\n<h2><strong>Fazit<\/strong><\/h2>\n<p>Fasten kann man \u00fcberall.<br \/>Aber nicht \u00fcberall wirkt es gleich.<\/p>\n<p>Hier haben Sie die besten Voraussetzungen daf\u00fcr.<\/p>\n<\/div>\n<\/div>\n<div id=\"sp-lruroi\" data-mobile-visibility=\"#sp-lruroi|false\" data-tablet-visibility=\"#sp-lruroi|false\" data-desktop-visibility=\"#sp-lruroi|false\" data-mobile-css=\"\" data-tablet-css=\"\" class=\"sp-el-col  sp-w-full\" style=\"width: calc(35% + 0px);\">\n<figure id=\"sp-opq4d5\" data-mobile-css=\"#sp-opq4d5|text-align:center;\" data-tablet-css=\"#sp-opq4d5|text-align:center;\" class=\"sp-image-wrapper sp-el-block\" style=\"margin: 0px; text-align: center;\">\n<div><span><img loading=\"lazy\" decoding=\"async\" src=\"https:\/\/mikemuellers.com\/wp-content\/uploads\/2026\/02\/20140320_110115-scaled.jpg\" alt=\"Fasten Plan\" width=\"2560\" height=\"2560\" data-dynamic-tag=\"\" data-image-src=\"wpmedia\" data-mobile-visibility=\".sp-image-block-opq4d5|false\" data-tablet-visibility=\".sp-image-block-opq4d5|false\" data-desktop-visibility=\".sp-image-block-opq4d5|false\" srcset=\" https:\/\/mikemuellers.com\/wp-content\/uploads\/2026\/02\/20140320_110115-150x150.jpg 150w, https:\/\/mikemuellers.com\/wp-content\/uploads\/2026\/02\/20140320_110115-300x300.jpg 300w, https:\/\/mikemuellers.com\/wp-content\/uploads\/2026\/02\/20140320_110115-1024x1024.jpg 1024w, https:\/\/mikemuellers.com\/wp-content\/uploads\/2026\/02\/20140320_110115-scaled.jpg 2560w\" class=\"sp-image-block-opq4d5 custom-preview-class\" style=\"width: 2560px; border-width: 1px; border-style: solid; border-color: rgb(222, 222, 222);\"><\/span><\/div>\n<div id=\"sp-image-dynamic-tags-js-opq4d5\"><script>jQuery(function() { image_dynamic_tags('opq4d5' );});<\/script><\/div>\n<\/figure>\n<figure id=\"sp-lpsrcu\" data-mobile-css=\"#sp-lpsrcu|text-align:center;\" data-tablet-css=\"#sp-lpsrcu|text-align:center;\" class=\"sp-image-wrapper sp-el-block\" style=\"margin: 0px; text-align: center;\">\n<div><span><img loading=\"lazy\" decoding=\"async\" src=\"https:\/\/mikemuellers.com\/wp-content\/uploads\/2026\/02\/vulkaneifeltherme-scaled.png\" alt=\"Fasten Plan\" width=\"2560\" height=\"1233\" data-dynamic-tag=\"\" data-image-src=\"wpmedia\" data-mobile-visibility=\".sp-image-block-lpsrcu|false\" data-tablet-visibility=\".sp-image-block-lpsrcu|false\" data-desktop-visibility=\".sp-image-block-lpsrcu|false\" srcset=\" https:\/\/mikemuellers.com\/wp-content\/uploads\/2026\/02\/vulkaneifeltherme-150x150.png 150w, https:\/\/mikemuellers.com\/wp-content\/uploads\/2026\/02\/vulkaneifeltherme-300x145.png 300w, https:\/\/mikemuellers.com\/wp-content\/uploads\/2026\/02\/vulkaneifeltherme-1024x493.png 1024w, https:\/\/mikemuellers.com\/wp-content\/uploads\/2026\/02\/vulkaneifeltherme-scaled.png 2560w\" class=\"sp-image-block-lpsrcu custom-preview-class\" style=\"width: 2560px; border-width: 1px; border-style: solid; border-color: rgb(222, 222, 222);\"><\/span><\/div>\n<div id=\"sp-image-dynamic-tags-js-lpsrcu\"><script>jQuery(function() { image_dynamic_tags('lpsrcu' );});<\/script><\/div>\n<\/figure>\n<figure id=\"sp-mq5yyx\" data-mobile-css=\"#sp-mq5yyx|text-align:center;\" data-tablet-css=\"#sp-mq5yyx|text-align:center;\" class=\"sp-image-wrapper sp-el-block\" style=\"margin: 0px; text-align: center;\">\n<div><span><img loading=\"lazy\" decoding=\"async\" src=\"https:\/\/mikemuellers.com\/wp-content\/uploads\/2026\/02\/bertrichammorgen-scaled.jpg\" alt=\"Fasten Plan\" width=\"2560\" height=\"1440\" data-dynamic-tag=\"\" data-image-src=\"wpmedia\" data-mobile-visibility=\".sp-image-block-mq5yyx|false\" data-tablet-visibility=\".sp-image-block-mq5yyx|false\" data-desktop-visibility=\".sp-image-block-mq5yyx|false\" srcset=\" https:\/\/mikemuellers.com\/wp-content\/uploads\/2026\/02\/bertrichammorgen-150x150.jpg 150w, https:\/\/mikemuellers.com\/wp-content\/uploads\/2026\/02\/bertrichammorgen-300x169.jpg 300w, https:\/\/mikemuellers.com\/wp-content\/uploads\/2026\/02\/bertrichammorgen-1024x576.jpg 1024w, https:\/\/mikemuellers.com\/wp-content\/uploads\/2026\/02\/bertrichammorgen-scaled.jpg 2560w\" class=\"sp-image-block-mq5yyx custom-preview-class\" style=\"width: 2560px; border-width: 1px; border-style: solid; border-color: rgb(222, 222, 222);\"><\/span><\/div>\n<div id=\"sp-image-dynamic-tags-js-mq5yyx\"><script>jQuery(function() { image_dynamic_tags('mq5yyx' );});<\/script><\/div>\n<\/figure>\n<figure id=\"sp-jjqq3f\" data-mobile-css=\"#sp-jjqq3f|text-align:center;\" data-tablet-css=\"#sp-jjqq3f|text-align:center;\" class=\"sp-image-wrapper sp-el-block\" style=\"margin: 0px; text-align: center;\">\n<div><span><img loading=\"lazy\" decoding=\"async\" src=\"https:\/\/mikemuellers.com\/wp-content\/uploads\/2026\/01\/IMG_6566.jpeg\" alt=\"Fasten Plan\" width=\"1600\" height=\"1200\" data-dynamic-tag=\"\" data-image-src=\"wpmedia\" data-mobile-visibility=\".sp-image-block-jjqq3f|false\" data-tablet-visibility=\".sp-image-block-jjqq3f|false\" data-desktop-visibility=\".sp-image-block-jjqq3f|false\" srcset=\" https:\/\/mikemuellers.com\/wp-content\/uploads\/2026\/01\/IMG_6566-150x150.jpeg 150w, https:\/\/mikemuellers.com\/wp-content\/uploads\/2026\/01\/IMG_6566-300x225.jpeg 300w, https:\/\/mikemuellers.com\/wp-content\/uploads\/2026\/01\/IMG_6566-1024x768.jpeg 1024w, https:\/\/mikemuellers.com\/wp-content\/uploads\/2026\/01\/IMG_6566.jpeg 1600w\" class=\"sp-image-block-jjqq3f custom-preview-class\" style=\"width: 1600px; border-width: 1px; border-style: solid; border-color: rgb(222, 222, 222);\"><\/span><\/div>\n<div id=\"sp-image-dynamic-tags-js-jjqq3f\"><script>jQuery(function() { image_dynamic_tags('jjqq3f' );});<\/script><\/div>\n<\/figure>\n<figure id=\"sp-ouelnc\" data-mobile-css=\"#sp-ouelnc|text-align:center;\" data-tablet-css=\"#sp-ouelnc|text-align:center;\" class=\"sp-image-wrapper sp-el-block\" style=\"margin: 0px; text-align: center;\">\n<div><span><img loading=\"lazy\" decoding=\"async\" src=\"https:\/\/mikemuellers.com\/wp-content\/uploads\/2026\/02\/IMG_5710-scaled.jpg\" alt=\"Fasten Plan\" width=\"2560\" height=\"1920\" data-dynamic-tag=\"\" data-image-src=\"wpmedia\" data-mobile-visibility=\".sp-image-block-ouelnc|false\" data-tablet-visibility=\".sp-image-block-ouelnc|false\" data-desktop-visibility=\".sp-image-block-ouelnc|false\" srcset=\" https:\/\/mikemuellers.com\/wp-content\/uploads\/2026\/02\/IMG_5710-150x150.jpg 150w, https:\/\/mikemuellers.com\/wp-content\/uploads\/2026\/02\/IMG_5710-300x225.jpg 300w, https:\/\/mikemuellers.com\/wp-content\/uploads\/2026\/02\/IMG_5710-1024x768.jpg 1024w, https:\/\/mikemuellers.com\/wp-content\/uploads\/2026\/02\/IMG_5710-scaled.jpg 2560w\" class=\"sp-image-block-ouelnc custom-preview-class\" style=\"width: 2560px; border-width: 1px; border-style: solid; border-color: rgb(222, 222, 222);\"><\/span><\/div>\n<div id=\"sp-image-dynamic-tags-js-ouelnc\"><script>jQuery(function() { image_dynamic_tags('ouelnc' );});<\/script><\/div>\n<\/figure>\n<\/div>\n<\/div>\n<div id=\"sp-a3v506\" data-mobile-visibility=\"#sp-a3v506|false\" data-tablet-visibility=\"#sp-a3v506|false\" data-desktop-visibility=\"#sp-a3v506|false\" data-mobile-css=\"\" data-tablet-css=\"\" class=\"sp-el-row sp-w-full  sp-m-auto sm:sp-flex sp-justify-between\">\n<div id=\"sp-tc7kes\" data-mobile-visibility=\"#sp-tc7kes|false\" data-tablet-visibility=\"#sp-tc7kes|false\" data-desktop-visibility=\"#sp-tc7kes|false\" data-mobile-css=\"\" data-tablet-css=\"\" class=\"sp-el-col  sp-w-full\" style=\"width: calc(100% + 0px);\">\n<div id=\"sp-ejb1kl\" data-mobile-visibility=\".sp-templatepart-block-ejb1kl|false\" data-tablet-visibility=\".sp-templatepart-block-ejb1kl|false\" data-desktop-visibility=\".sp-templatepart-block-ejb1kl|false\" data-mobile-css=\"\" data-tablet-css=\"\" class=\"sp-templatepart-wrapper sp-templatepart-block-ejb1kl\" style=\"margin: 0px; display: flex;\"><\/div>\n<div id=\"sp-button-parent-oluill\" data-mobile-css=\"#sp-button-parent-oluill|text-align:center;\" data-tablet-css=\"#sp-button-parent-oluill|text-align:center;\" class=\"sp-button-wrapper sp-el-block\" style=\"margin: 0px; text-align: center;\"><a href=\"https:\/\/rooms.ibelsa.com\/de\/webbookingtwo\/33087407-0D61-16EF-2C67-3FD055C5CC82\/page\" id=\"sp-oluill\" data-mobile-css=\"\" data-tablet-css=\"\" data-mobile-visibility=\".sp-button-oluill|false\" data-tablet-visibility=\".sp-button-oluill|false\" data-desktop-visibility=\".sp-button-oluill|false\" target=\"_blank\" rel=\"\" class=\"sp-button sp-css-target sp-text-center sp-inline-block sp-leading-none sp-button-oluill\" style=\"font-size: 15px; width: auto; padding: 8px 12px;\"><i class=\"sp-mr-2 fas fa-bed\"><\/i><span>Ja ich will!<\/span><span><span id=\"sp-button-sub-text-oluill\" data-mobile-css=\"\" data-tablet-css=\"\" class=\"sp-button-sub-txt sp-block sp-mt-1 sp-opacity-75\" style=\"font-size: 9px; line-height: 1;\">Buchen<\/span><\/span><\/a><\/div>\n<div id=\"sp-nhxch6\" data-mobile-visibility=\".sp-shortcode-block-nhxch6|false\" data-tablet-visibility=\".sp-shortcode-block-nhxch6|false\" data-desktop-visibility=\".sp-shortcode-block-nhxch6|false\" data-mobile-css=\"\" data-tablet-css=\"\" class=\"sp-el-block sp-shortcode-block-nhxch6 sp-shortcode-wrapper\" style=\"margin: 0px;\"><span><\/p>\n<div class=\"\"><\/div>\n<p><\/span><\/div>\n<\/div>\n<\/div>\n<\/section>","protected":false},"excerpt":{"rendered":"<p>Mike Muellers Fasten &#8211; Hotel Quellenhof Bad Bertrich WhatsAppSie haben Fragen? Schreiben Sie mir einfach! Fasten im Quellenhof \u2013 der Ort, an dem alles zusammenkommt Im Kurhotel Quellenhof arbeite ich seit langem bewusst an einem Ort, der ideale Voraussetzungen f\u00fcr eine erfolgreiche Fastenzeit bietet. Ruhe, Natur, kurze Wege \u2013 und vor allem: die direkte Verbindung [&hellip;]<\/p>\n","protected":false},"author":1,"featured_media":0,"parent":0,"menu_order":0,"comment_status":"closed","ping_status":"closed","template":"","meta":{"footnotes":""},"class_list":["post-811","page","type-page","status-publish","hentry"],"_links":{"self":[{"href":"https:\/\/mikemuellers.com\/en\/wp-json\/wp\/v2\/pages\/811","targetHints":{"allow":["GET"]}}],"collection":[{"href":"https:\/\/mikemuellers.com\/en\/wp-json\/wp\/v2\/pages"}],"about":[{"href":"https:\/\/mikemuellers.com\/en\/wp-json\/wp\/v2\/types\/page"}],"author":[{"embeddable":true,"href":"https:\/\/mikemuellers.com\/en\/wp-json\/wp\/v2\/users\/1"}],"replies":[{"embeddable":true,"href":"https:\/\/mikemuellers.com\/en\/wp-json\/wp\/v2\/comments?post=811"}],"version-history":[{"count":7,"href":"https:\/\/mikemuellers.com\/en\/wp-json\/wp\/v2\/pages\/811\/revisions"}],"predecessor-version":[{"id":913,"href":"https:\/\/mikemuellers.com\/en\/wp-json\/wp\/v2\/pages\/811\/revisions\/913"}],"wp:attachment":[{"href":"https:\/\/mikemuellers.com\/en\/wp-json\/wp\/v2\/media?parent=811"}],"curies":[{"name":"wp","href":"https:\/\/api.w.org\/{rel}","templated":true}]}}