{"id":434,"date":"2026-03-02T12:26:47","date_gmt":"2026-03-02T11:26:47","guid":{"rendered":"https:\/\/mikemuellers.com\/?page_id=434"},"modified":"2026-04-17T12:27:32","modified_gmt":"2026-04-17T10:27:32","slug":"gesundheitshinweise","status":"publish","type":"page","link":"https:\/\/mikemuellers.com\/en\/gesundheitshinweise\/","title":{"rendered":"Gesundheitshinweise"},"content":{"rendered":"<div id=\"sp-page\" class=\"spBgcover sp-content-1\" style=\"background-color: rgb(255, 255, 255); font-family: 'Helvetica Neue', Arial, sans-serif; font-weight: 400;\">\n<section id=\"sp-k9r64w\" data-mobile-visibility=\"#sp-k9r64w|false\" data-tablet-visibility=\"#sp-k9r64w|false\" data-desktop-visibility=\"#sp-k9r64w|false\" data-mobile-css=\"\" data-tablet-css=\"\" class=\"sp-el-section\" style=\"width: 100%; max-width: 100%; background-image: linear-gradient(0deg, rgba(0, 0, 0, 0.1), rgba(0, 0, 0, 0.1)), url('https:\/\/mikemuellers.com\/wp-content\/uploads\/2026\/03\/IMG_8970-scaled.jpeg');\">\n<div id=\"sp-yi876x\" data-mobile-visibility=\"#sp-yi876x|false\" data-tablet-visibility=\"#sp-yi876x|false\" data-desktop-visibility=\"#sp-yi876x|false\" data-mobile-css=\"\" data-tablet-css=\"\" class=\"sp-el-row sp-w-full  sp-m-auto sm:sp-flex sp-justify-between\">\n<div id=\"sp-ua4zn4\" data-mobile-visibility=\"#sp-ua4zn4|false\" data-tablet-visibility=\"#sp-ua4zn4|false\" data-desktop-visibility=\"#sp-ua4zn4|false\" data-mobile-css=\"\" data-tablet-css=\"\" class=\"sp-el-col  sp-w-full\" style=\"width: calc(100% + 0px);\">\n<div id=\"sp-sv4lac\" data-mobile-css=\"#sp-sv4lac .nav-menu .menu-item |text-align:center;width:100%\" data-tablet-css=\"#sp-sv4lac .nav-menu .menu-item |text-align:center\" data-mobile-visibility=\".sp-nav-menu-block-sv4lac|false\" data-tablet-visibility=\".sp-nav-menu-block-sv4lac|false\" data-desktop-visibility=\".sp-nav-menu-block-sv4lac|false\" class=\"sp-nav sp-flex sp-el-block sp-justify-start sp-nav-menu-block-sv4lac\" style=\"margin: 0px; font-size: 27px; color: rgb(255, 255, 255); text-shadow: rgba(0, 0, 0, 0.4) 2px 2px 4px;\">\n<style type=\"text\/css\" data-mobile-css=\"\" data-tablet-css=\"#sp-sv4lac|justify-content:center\"><\/style>\n<style type=\"text\/css\" data-mobile-css=\"#sp-sv4lac ul li a |text-align:center\" data-tablet-css=\"#sp-sv4lac ul li a |text-align:center\"><\/style>\n<style type=\"text\/css\" data-mobile-css=\"\"><\/style>\n<style type=\"text\/css\" data-mobile-css=\"#sp-sv4lac .nav-bar |align-items:center\"><\/style>\n<style type=\"text\/css\">\n    #sp-sv4lac .seedprod-menu-horizontal .nav-menu .menu-item ,#sp-sv4lac .seedprod-menu-horizontal .nav-menu .seedprod-menu-heading , #sp-sv4lac .seedprod-menu-separator {padding:0px 10px}<\/p>\n<p>    #sp-sv4lac .nav-menu ul.sub-menu {box-shadow:0 25px 50px -12px rgba(0, 0, 0, 0.25)}<\/p>\n<p>    #sp-sv4lac ul li a {font-size:27px}<\/p>\n<p>    #sp-sv4lac .seedprod-menu-horizontal .nav-menu .separator.menu-item { padding:0px; }<\/p>\n<p>    #sp-sv4lac .custom-restricted-width .menu-item{padding:10px 0px}<\/p>\n<p>    #sp-sv4lac .seedprod-menu-list li a {color:#FFFFFF;text-align:left}\n    #sp-sv4lac .seedprod-menu-list li{color:#FFFFFF;text-align:left}<\/p>\n<p>    #sp-sv4lac .seedprod-menu-list li a:hover {text-align:left}<\/p>\n<p>    #sp-sv4lac .sub-menu {border-radius:6px;padding:4px 4px 4px 4px }<\/p>\n<p>    #sp-sv4lac .sub-menu a {color:#7cb342 !important}<\/p>\n<p>    #sp-sv4lac ul.seedprod-menu-list ul.sub-menu li a:hover{}<\/p>\n<p>    #sp-sv4lac .bar{background-color:#FFFFFF;}\n  <\/style>\n<div class=\"sp-nested-nav-wrapper h sp-nav-classhead_menue\">\n<div class=\"seedprod-menu seedprod-menu-builder seedprod-menu-horizontal sp-mobile-menu-false\">\n<div class=\"\">\n<nav class=\"nav-bar\">\n<div class=\"hamburger\"><span class=\"bar\"><\/span><span class=\"bar\"><\/span><span class=\"bar\"><\/span><\/div>\n<div class=\"nav-menu\">\n<div>\n              <div class=\"nav-menu-bar\"><ul id=\"menu-head_menue\" class=\"seedprod-menu-list\"><li id=\"menu-item-890\" class=\"menu-item menu-item-type-post_type menu-item-object-page menu-item-home menu-item-890\"><a href=\"https:\/\/mikemuellers.com\/en\/\">Home<\/a><\/li>\n<li id=\"menu-item-901\" class=\"menu-item menu-item-type-post_type menu-item-object-page menu-item-has-children menu-item-901\"><a href=\"https:\/\/mikemuellers.com\/en\/kur-und-fastenhotel-quellenhof-bad-bertrich\/\">Das Fastenprogramm &#8211; Die Preise<\/a>\n<ul class=\"sub-menu\">\n\t<li id=\"menu-item-1000\" class=\"menu-item menu-item-type-post_type menu-item-object-page menu-item-1000\"><a href=\"https:\/\/mikemuellers.com\/en\/fasten-und-qigong\/\">Fasten und QiGong<\/a><\/li>\n\t<li id=\"menu-item-902\" class=\"menu-item menu-item-type-post_type menu-item-object-page menu-item-902\"><a href=\"https:\/\/mikemuellers.com\/en\/mike-muellers-fastencoach\/\">Mike Muellers, Fastencoach<\/a><\/li>\n\t<li id=\"menu-item-905\" class=\"menu-item menu-item-type-post_type menu-item-object-page menu-item-905\"><a href=\"https:\/\/mikemuellers.com\/en\/stanislav-hadzhiev-qigong\/\">Stanislav Hadzhiev QiGong<\/a><\/li>\n\t<li id=\"menu-item-989\" class=\"menu-item menu-item-type-post_type menu-item-object-page menu-item-989\"><a href=\"https:\/\/mikemuellers.com\/en\/fasten-yoga-spezial\/\">Fasten Yoga Spezial<\/a><\/li>\n\t<li id=\"menu-item-932\" class=\"menu-item menu-item-type-post_type menu-item-object-page menu-item-932\"><a href=\"https:\/\/mikemuellers.com\/en\/carmen-hubbig-yoga-im-quellenhof\/\">Carmen Hubbig Yoga im Quellenhof<\/a><\/li>\n<\/ul>\n<\/li>\n<li id=\"menu-item-964\" class=\"menu-item menu-item-type-custom menu-item-object-custom menu-item-964\"><a href=\"https:\/\/mikemuellers.com\/en\/contact-2\/\">Contact us<\/a><\/li>\n<li id=\"menu-item-939\" class=\"menu-item menu-item-type-post_type menu-item-object-page current_page_parent menu-item-939\"><a href=\"https:\/\/mikemuellers.com\/en\/blog\/\">Der Fastenblog<\/a><\/li>\n<\/ul><\/div>\n            <\/div>\n<div><script> jQuery(document).ready(function(){   initDropdowns(); }); <\/script><\/div>\n<\/div>\n<\/nav>\n<\/div>\n<\/div>\n<\/div>\n<\/div>\n<\/div>\n<\/div>\n<\/section>\n<section id=\"sp-oap278aufry\" data-mobile-visibility=\"#sp-oap278aufry|false\" data-tablet-visibility=\"#sp-oap278aufry|false\" data-desktop-visibility=\"#sp-oap278aufry|false\" data-mobile-css=\"\" data-tablet-css=\"\" class=\"sp-el-section\" style=\"background-color: rgb(236, 253, 245); width: 100%; max-width: 100%; padding: 80px 60px;\">\n<div id=\"sp-cvx03y\" data-mobile-visibility=\"#sp-cvx03y|false\" data-tablet-visibility=\"#sp-cvx03y|false\" data-desktop-visibility=\"#sp-cvx03y|false\" data-mobile-css=\"\" data-tablet-css=\"\" class=\"sp-el-row sp-w-full  sp-m-auto sm:sp-flex sp-justify-between\" style=\"width: 100%; max-width: 100%;\">\n<div id=\"sp-mx85ig\" data-mobile-visibility=\"#sp-mx85ig|false\" data-tablet-visibility=\"#sp-mx85ig|false\" data-desktop-visibility=\"#sp-mx85ig|false\" data-mobile-css=\"\" data-tablet-css=\"\" class=\"sp-el-col  sp-w-full\" style=\"width: calc(100% + 0px);\"><span href=\"\" target=\"\" rel=\"\" class=\"sp-header-block-link\" style=\"text-decoration: none;\"><\/p>\n<h2 id=\"sp-lyyjwk\" data-mobile-css=\".sp-headline-block-lyyjwk, #sp-lyyjwk, #lyyjwk|text-align:center;\" data-tablet-css=\".sp-headline-block-lyyjwk, #sp-lyyjwk, #lyyjwk|text-align:center;\" data-mobile-visibility=\".sp-headline-block-lyyjwk|false\" data-tablet-visibility=\".sp-headline-block-lyyjwk|false\" data-desktop-visibility=\".sp-headline-block-lyyjwk|false\" class=\"sp-css-target sp-el-block sp-headline-block-lyyjwk sp-type-header\" style=\"text-align: center; margin: 0px;\">Wichtiger gesundheitlicher Hinweis &amp; Haftungsausschluss<\/h2>\n<p><\/span><\/p>\n<div id=\"sp-f6ikn3\" data-mobile-css=\".sp-text-wrapper-f6ikn3, #sp-f6ikn3, #f6ikn3|text-align:left;\" data-tablet-css=\".sp-text-wrapper-f6ikn3, #sp-f6ikn3, #f6ikn3|text-align:left;\" data-mobile-visibility=\".sp-text-wrapper-f6ikn3|false\" data-tablet-visibility=\".sp-text-wrapper-f6ikn3|false\" data-desktop-visibility=\".sp-text-wrapper-f6ikn3|false\" class=\"sp-css-target sp-text-wrapper sp-el-block sp-text-block-style sp-text-wrapper-f6ikn3\" style=\"margin: 0px; text-align: left;\">\n<h3 data-path-to-node=\"3\">&nbsp;<\/h3>\n<p data-path-to-node=\"4\"><b data-path-to-node=\"4\" data-index-in-node=\"0\">Eigenverantwortung &amp; Gesundheitliche Eignung<\/b> Die Teilnahme an den Fastenkursen von Mike M\u00fcllers im Kurhotel Quellenhof erfolgt auf eigene Verantwortung. Die angebotenen Fastenprogramme richten sich an <b data-path-to-node=\"4\" data-index-in-node=\"200\">gesunde Personen<\/b> (Fasten f\u00fcr Gesunde). Mit der Anmeldung best\u00e4tigt der Teilnehmer, dass keine medizinischen Gr\u00fcnde gegen eine Fastenkur sprechen.<\/p>\n<p data-path-to-node=\"5\"><b data-path-to-node=\"5\" data-index-in-node=\"0\">Kein Ersatz f\u00fcr \u00e4rztliche Behandlung<\/b> Das Fasten-Coaching sowie die begleitenden Angebote (QiGong, Yoga, Wanderungen) dienen der Gesundheitspr\u00e4vention und allgemeinen Regeneration. Sie stellen <b data-path-to-node=\"5\" data-index-in-node=\"192\">keine medizinische Therapie oder Heilbehandlung<\/b> dar und ersetzen nicht den Besuch bei einem Arzt oder Heilpraktiker. Es werden keine Diagnosen gestellt oder Heilversprechen abgegeben.<\/p>\n<p data-path-to-node=\"6\"><b data-path-to-node=\"6\" data-index-in-node=\"0\">\u00c4rztliche R\u00fccksprache<\/b> Personen, die regelm\u00e4\u00dfig Medikamente einnehmen oder sich in laufender \u00e4rztlicher Behandlung befinden, werden dringend gebeten, ihre Fastenabsicht vorab mit ihrem behandelnden Arzt abzukl\u00e4ren. Bei w\u00e4hrend des Fastens auftretenden Beschwerden ist der Fasten-Coach sowie gegebenenfalls ein Arzt umgehend zu informieren.<\/p>\n<p data-path-to-node=\"7\"><b data-path-to-node=\"7\" data-index-in-node=\"0\">Haftungsbeschr\u00e4nkung<\/b> Die Haftung des Veranstalters f\u00fcr Sch\u00e4den, die nicht aus der Verletzung des Lebens, des K\u00f6rpers oder der Gesundheit stammen, ist auf Vorsatz und grobe Fahrl\u00e4ssigkeit beschr\u00e4nkt.<\/p>\n<\/div>\n<\/div>\n<\/div>\n<\/section>\n<\/div>","protected":false},"excerpt":{"rendered":"<p>Wichtiger gesundheitlicher Hinweis &amp; Haftungsausschluss &nbsp; Eigenverantwortung &amp; Gesundheitliche Eignung Die Teilnahme an den Fastenkursen von Mike M\u00fcllers im Kurhotel Quellenhof erfolgt auf eigene Verantwortung. Die angebotenen Fastenprogramme richten sich an gesunde Personen (Fasten f\u00fcr Gesunde). Mit der Anmeldung best\u00e4tigt der Teilnehmer, dass keine medizinischen Gr\u00fcnde gegen eine Fastenkur sprechen. Kein Ersatz f\u00fcr \u00e4rztliche Behandlung [&hellip;]<\/p>\n","protected":false},"author":1,"featured_media":0,"parent":0,"menu_order":0,"comment_status":"closed","ping_status":"closed","template":"","meta":{"footnotes":""},"class_list":["post-434","page","type-page","status-publish","hentry"],"_links":{"self":[{"href":"https:\/\/mikemuellers.com\/en\/wp-json\/wp\/v2\/pages\/434","targetHints":{"allow":["GET"]}}],"collection":[{"href":"https:\/\/mikemuellers.com\/en\/wp-json\/wp\/v2\/pages"}],"about":[{"href":"https:\/\/mikemuellers.com\/en\/wp-json\/wp\/v2\/types\/page"}],"author":[{"embeddable":true,"href":"https:\/\/mikemuellers.com\/en\/wp-json\/wp\/v2\/users\/1"}],"replies":[{"embeddable":true,"href":"https:\/\/mikemuellers.com\/en\/wp-json\/wp\/v2\/comments?post=434"}],"version-history":[{"count":5,"href":"https:\/\/mikemuellers.com\/en\/wp-json\/wp\/v2\/pages\/434\/revisions"}],"predecessor-version":[{"id":948,"href":"https:\/\/mikemuellers.com\/en\/wp-json\/wp\/v2\/pages\/434\/revisions\/948"}],"wp:attachment":[{"href":"https:\/\/mikemuellers.com\/en\/wp-json\/wp\/v2\/media?parent=434"}],"curies":[{"name":"wp","href":"https:\/\/api.w.org\/{rel}","templated":true}]}}