{"id":430,"date":"2026-03-02T12:18:14","date_gmt":"2026-03-02T11:18:14","guid":{"rendered":"https:\/\/mikemuellers.com\/?page_id=430"},"modified":"2026-03-16T07:42:56","modified_gmt":"2026-03-16T06:42:56","slug":"impressum-2","status":"publish","type":"page","link":"https:\/\/mikemuellers.com\/en\/impressum-2\/","title":{"rendered":"Imprint"},"content":{"rendered":"<section id=\"sp-ks8a8s\" data-mobile-visibility=\"#sp-ks8a8s|false\" data-tablet-visibility=\"#sp-ks8a8s|false\" data-desktop-visibility=\"#sp-ks8a8s|false\" data-mobile-css=\"\" data-tablet-css=\"\" class=\"sp-el-section\" style=\"width: 100%; max-width: 100%; padding: 10px;\">\n<div id=\"sp-vw3kvy\" data-mobile-visibility=\"#sp-vw3kvy|false\" data-tablet-visibility=\"#sp-vw3kvy|false\" data-desktop-visibility=\"#sp-vw3kvy|false\" data-mobile-css=\"\" data-tablet-css=\"\" class=\"sp-el-row sp-w-full  sp-m-auto sm:sp-flex sp-justify-between\" style=\"padding: 0px;\">\n<div id=\"sp-t391cl\" data-mobile-visibility=\"#sp-t391cl|false\" data-tablet-visibility=\"#sp-t391cl|false\" data-desktop-visibility=\"#sp-t391cl|false\" data-mobile-css=\"\" data-tablet-css=\"\" class=\"sp-el-col  sp-w-full\" style=\"width: calc(100% + 0px);\"><span href=\"\" target=\"\" rel=\"\" class=\"sp-header-block-link\" style=\"text-decoration: none;\"><\/p>\n<h1 id=\"sp-cdsaud\" data-mobile-css=\".sp-headline-block-cdsaud, #sp-cdsaud, #cdsaud|text-align:center;\" data-tablet-css=\".sp-headline-block-cdsaud, #sp-cdsaud, #cdsaud|text-align:center;\" data-mobile-visibility=\".sp-headline-block-cdsaud|false\" data-tablet-visibility=\".sp-headline-block-cdsaud|false\" data-desktop-visibility=\".sp-headline-block-cdsaud|false\" class=\"sp-css-target sp-el-block sp-headline-block-cdsaud sp-type-header\" style=\"text-align: center; margin: 0px;\">Impressum<\/h1>\n<p><\/span><\/div>\n<\/div>\n<\/section>\n<section id=\"sp-smtqxi\" data-mobile-visibility=\"#sp-smtqxi|false\" data-tablet-visibility=\"#sp-smtqxi|false\" data-desktop-visibility=\"#sp-smtqxi|false\" data-mobile-css=\"\" data-tablet-css=\"\" class=\"sp-el-section\" style=\"width: 100%; max-width: 100%;\">\n<div id=\"sp-cfdvtu\" data-mobile-visibility=\"#sp-cfdvtu|false\" data-tablet-visibility=\"#sp-cfdvtu|false\" data-desktop-visibility=\"#sp-cfdvtu|false\" data-mobile-css=\"\" data-tablet-css=\"\" class=\"sp-el-row sp-w-full  sp-m-auto sm:sp-flex sp-justify-between\">\n<div id=\"sp-exqgwk\" data-mobile-visibility=\"#sp-exqgwk|false\" data-tablet-visibility=\"#sp-exqgwk|false\" data-desktop-visibility=\"#sp-exqgwk|false\" data-mobile-css=\"\" data-tablet-css=\"\" class=\"sp-el-col  sp-w-full\" style=\"width: calc(100% + 0px);\">\n<div id=\"gfnwjg\" data-mobile-css=\".sp-text-wrapper-gfnwjg, #sp-gfnwjg, #gfnwjg|text-align:left;\" data-tablet-css=\".sp-text-wrapper-gfnwjg, #sp-gfnwjg, #gfnwjg|text-align:left;\" data-mobile-visibility=\".sp-text-wrapper-gfnwjg|false\" data-tablet-visibility=\".sp-text-wrapper-gfnwjg|false\" data-desktop-visibility=\".sp-text-wrapper-gfnwjg|false\" class=\"sp-css-target sp-text-wrapper sp-el-block sp-text-block-style sp-text-wrapper-gfnwjg mce-content-body html4-captions\"  style=\"margin: 0px; text-align: left; position: relative;\" >\n<p>Obk GmbH<br \/>Kurhotel Quellenhof<br \/>Kurf\u00fcrstenstra\u00dfe 25<br \/>D-56864 Bad Bertrich<br \/>Tel. +49 (0) 26 74 \u2013 9 36 80<br \/>Fax +49 (0) 26 74 \u2013 93 68 68<br \/>quellenhof@badbertrich.com<\/p>\n<p>Vertreten durch: Koshrow Joorabchi<\/p>\n<p>Webdesign: Mike Muellers<\/p>\n<p><strong>Streitschlichtung<\/strong><\/p>\n<p>streitschlichtung@badbertrich.com<\/p>\n<p><strong>Verbraucherstreitbeilegung\/Universalschlichtungsstelle<br \/><\/strong>Wir sind nicht bereit oder verpflichtet, an Streitbeilegungsverfahren vor einer Verbraucherschlichtungsstelle teilzunehmen.<\/p>\n<p><strong>Haftung f\u00fcr Inhalte<\/strong><\/p>\n<p>Als Dienstanbieter sind wir gem\u00e4\u00df \u00a77 Abs. 1 TMG f\u00fcr eigene Inhalte auf idesen Seiten nach den allgemeinen Gesetzen verantwortlich. Nach \u00a7\u00a78 bis 10 TMG sind wir als Diensteanbieter jedoch nicht verpflichtet, \u00fcbermittelte oder gespeicherte fremde Informationen zu \u00fcberwachen oder nach Umst\u00e4nden zu forschen, die auf eine rechtswidrige T\u00e4tigkeit hinweisen.<\/p>\n<p>Verpflichtungen zur Entfernung oder Sperrung der Nutzung von Informationen nach den allgemeinen Gesetzen bleiben hiervon unber\u00fchrt. Eine diesbez\u00fcgliche Haftung ist jedoch erst ab dem Zeitpunkt der Kenntnis einer konkreten Rechtsverletzung m\u00f6glich. Bei Bekanntwerden von entsprechenden Rechtsverletzungen werden wir diese Inhalte umgehend entfernen.<\/p>\n<p><strong>Haftung f\u00fcr Links<\/strong><\/p>\n<p>Unser Angebot enth\u00e4lt Links zu externen Websites Dritter, auf deren Inhalt wir keinen Einfluss haben. Deshalb k\u00f6nnen wir f\u00fcr diese fremden Inhalte auch keine Gew\u00e4hr \u00fcbernehmen. F\u00fcr die Inhalte der verlinkten Seiten ist stets der jeweilige Anbietet oder Betreiber der Seiten verantwortlich. Die verlinkten Seiten wurden zum Zeitpunkt der Verlinkung auf m\u00f6gliche Rechtsverst\u00f6\u00dfe \u00fcberpr\u00fcft. Rechtswidrige Inhalte waren zum Zeitpunkt der Verlinkungen nicht erkenntbar.<\/p>\n<p>Eine permanente inhaltliche Kontrollel der verlinkten Seiten ist jedoch ohne konkrete Anhaltspunkte einer Rechtsverletzung nicht zumutbar. Bei Bekanntwerden von Rechtsverletzungen werden wir derartige Links umgehend entfernen.<\/p>\n<p><strong>Urheberrecht<\/strong><\/p>\n<p>Die durch die Seitenbetreiber erstellten Inhalte und Werke auf diesen Seiten unterliegen dem deutschen Urheberrecht. Die Vervielf\u00e4ltigung, Bearbeitung, Verbreitung und jede Art der Verwertung au\u00dferhalb der Grenzen des Urheberrechtes bed\u00fcrfen der schriftlichen Zustimmung des jeweiligen Autos bzw. Erstellers. Downloads und Kopien dieser Seiten sind nur f\u00fcr den privaten, nicht kommerziellen Gebrauch gestattet. Sowie die Inhalte auf dieser Seite nicht vom Betreiber erstellt wurden, werden die Urheberrechte Dritter beachtet. Insbesondere werden Inhalte Dritter als solche gekennzeichnet. Sollten Sie trotzdem auf eine Urheberrechtsverletzung aufmerksam werden, bitten wir um einen entsprechenden Hinweis. Bei Bekanntwerden von Rechtsverletzungen werden wir derartige Inhalte umgehend entfernen.<\/p>\n<p><\/p>\n<p data-path-to-node=\"4\"><b data-path-to-node=\"4\" data-index-in-node=\"0\">Angaben gem\u00e4\u00df \u00a7 5 DDG:<\/b><\/p>\n<p data-path-to-node=\"5\">Mike M\u00fcllers Fasten-Coach &amp; Gesundheitsberater Kurf\u00fcrstenstra\u00dfe [25] 56864 Bad Bertrich<\/p>\n<p data-path-to-node=\"5\">Im Auftrag der OBK GmbH<br \/>Kurhotel Quellenhof<br \/>Kurf\u00fcrstenstra\u00dfe 25<br \/>D-56864 Bad Bertrich<br \/>Tel. +49 (0) 26 74 \u2013 9 36 80<br \/>Fax +49 (0) 26 74 \u2013 93 68 68<br \/>quellenhof@badbertrich.com<\/p>\n<p>Vertreten durch: Koshrow Joorabchi<\/p>\n<p data-path-to-node=\"6\"><b data-path-to-node=\"6\" data-index-in-node=\"0\">Kontakt:<\/b> Telefon: 015161491999 E-Mail: info@mikemuellers.com Website: https:\/\/mikemuellers.com<\/p>\n<p data-path-to-node=\"8\">Fastenleiter \/ Fasten-Coach&nbsp;<\/p>\n<p data-path-to-node=\"9\"><b data-path-to-node=\"9\" data-index-in-node=\"0\">Verantwortlich f\u00fcr den Inhalt nach \u00a7 18 Abs. 2 MStV:<\/b> Mike M\u00fcllers OBK GmbHHotel Quellenhof Kurf\u00fcrstenstra\u00dfe [25] 56864 Bad Bertrich<\/p>\n<\/div>\n<\/div>\n<\/div>\n<\/section>\n","protected":false},"excerpt":{"rendered":"<p>Impressum Obk GmbHKurhotel QuellenhofKurf\u00fcrstenstra\u00dfe 25D-56864 Bad BertrichTel. +49 (0) 26 74 \u2013 9 36 80Fax +49 (0) 26 74 \u2013 93 68 68quellenhof@badbertrich.com Vertreten durch: Koshrow Joorabchi Webdesign: Mike Muellers Streitschlichtung streitschlichtung@badbertrich.com Verbraucherstreitbeilegung\/UniversalschlichtungsstelleWir sind nicht bereit oder verpflichtet, an Streitbeilegungsverfahren vor einer Verbraucherschlichtungsstelle teilzunehmen. Haftung f\u00fcr Inhalte Als Dienstanbieter sind wir gem\u00e4\u00df \u00a77 Abs. 1 [&hellip;]<\/p>\n","protected":false},"author":1,"featured_media":0,"parent":0,"menu_order":0,"comment_status":"closed","ping_status":"closed","template":"","meta":{"footnotes":""},"class_list":["post-430","page","type-page","status-publish","hentry"],"_links":{"self":[{"href":"https:\/\/mikemuellers.com\/en\/wp-json\/wp\/v2\/pages\/430","targetHints":{"allow":["GET"]}}],"collection":[{"href":"https:\/\/mikemuellers.com\/en\/wp-json\/wp\/v2\/pages"}],"about":[{"href":"https:\/\/mikemuellers.com\/en\/wp-json\/wp\/v2\/types\/page"}],"author":[{"embeddable":true,"href":"https:\/\/mikemuellers.com\/en\/wp-json\/wp\/v2\/users\/1"}],"replies":[{"embeddable":true,"href":"https:\/\/mikemuellers.com\/en\/wp-json\/wp\/v2\/comments?post=430"}],"version-history":[{"count":5,"href":"https:\/\/mikemuellers.com\/en\/wp-json\/wp\/v2\/pages\/430\/revisions"}],"predecessor-version":[{"id":572,"href":"https:\/\/mikemuellers.com\/en\/wp-json\/wp\/v2\/pages\/430\/revisions\/572"}],"wp:attachment":[{"href":"https:\/\/mikemuellers.com\/en\/wp-json\/wp\/v2\/media?parent=430"}],"curies":[{"name":"wp","href":"https:\/\/api.w.org\/{rel}","templated":true}]}}