{"id":379,"date":"2026-02-18T20:20:02","date_gmt":"2026-02-18T19:20:02","guid":{"rendered":"https:\/\/mikemuellers.com\/?page_id=379"},"modified":"2026-02-18T20:26:01","modified_gmt":"2026-02-18T19:26:01","slug":"agb","status":"publish","type":"page","link":"https:\/\/mikemuellers.com\/en\/agb\/","title":{"rendered":"GTC"},"content":{"rendered":"<section id=\"sp-vtpa59\" data-mobile-visibility=\"#sp-vtpa59|false\" data-tablet-visibility=\"#sp-vtpa59|false\" data-desktop-visibility=\"#sp-vtpa59|false\" data-mobile-css=\"\" data-tablet-css=\"\" class=\"sp-el-section  spBgcoverscroll\" style=\"background-image: linear-gradient(0deg, rgba(0, 0, 0, 0.3), rgba(0, 0, 0, 0.3)), url('https:\/\/images.unsplash.com\/photo-1562822945-075f7678350e?crop=entropy&amp;cs=tinysrgb&amp;fit=max&amp;fm=jpg&amp;ixid=M3w1Mzc1fDB8MXxzZWFyY2h8NHx8ZmFzdGluZyUyMHdlbGxuZXNzfGVufDB8MHx8fDE3Njg3MzE5Mzh8MA&amp;ixlib=rb-4.1.0&amp;q=80&amp;w=1080'); background-color: rgb(0, 0, 0); width: 100%; max-width: 100%;\">\n<div id=\"sp-fd17fl\" data-mobile-visibility=\"#sp-fd17fl|false\" data-tablet-visibility=\"#sp-fd17fl|false\" data-desktop-visibility=\"#sp-fd17fl|false\" data-mobile-css=\"\" data-tablet-css=\"\" class=\"sp-el-row sp-w-full  sp-m-auto sm:sp-flex sp-justify-between\" style=\"width: 100%; max-width: 100%;\">\n<div id=\"sp-eq9ujj\" data-mobile-visibility=\"#sp-eq9ujj|false\" data-tablet-visibility=\"#sp-eq9ujj|false\" data-desktop-visibility=\"#sp-eq9ujj|false\" data-mobile-css=\"\" data-tablet-css=\"\" class=\"sp-el-col  sp-w-full\" style=\"width: calc(100% + 0px); padding: 0px;\">\n<div id=\"sp-o3cfrh\" data-mobile-visibility=\".sp-templatepart-block-o3cfrh|false\" data-tablet-visibility=\".sp-templatepart-block-o3cfrh|false\" data-desktop-visibility=\".sp-templatepart-block-o3cfrh|false\" data-mobile-css=\"\" data-tablet-css=\"\" class=\"sp-templatepart-wrapper sp-templatepart-block-o3cfrh\" style=\"padding: 0px; margin: 0px; display: flex;\">\n<div class=\"sp-w-full\">        <\/div>\n<\/div>\n<\/div>\n<\/div>\n<div id=\"sp-rhklhijnri15\" data-mobile-visibility=\"#sp-rhklhijnri15|false\" data-tablet-visibility=\"#sp-rhklhijnri15|false\" data-desktop-visibility=\"#sp-rhklhijnri15|false\" data-mobile-css=\"\" data-tablet-css=\"\" class=\"sp-el-row sp-w-full  sp-m-auto spBgcover sm:sp-flex sp-justify-between\" style=\"padding: 0px; width: auto; max-width: 1000px;\">\n<div id=\"sp-ivmmqymvtrr\" data-mobile-visibility=\"#sp-ivmmqymvtrr|false\" data-tablet-visibility=\"#sp-ivmmqymvtrr|false\" data-desktop-visibility=\"#sp-ivmmqymvtrr|false\" data-mobile-css=\"\" data-tablet-css=\"\" class=\"sp-el-col  spBgcover sp-w-full\" style=\"width: calc(23% + 0px);\">\n<figure id=\"sp-xfwpit0j3wqs\" data-mobile-css=\"#sp-xfwpit0j3wqs|text-align:center;\" data-tablet-css=\"#sp-xfwpit0j3wqs|text-align:center;\" class=\"sp-image-wrapper sp-el-block\" style=\"margin: 4px 0px 0px; text-align: center;\">\n<div><span><a href=\"https:\/\/mikemuellers.com\/en\/\" target=\"\" rel=\"\" class=\"sp-inline-block\"><img loading=\"lazy\" decoding=\"async\" src=\"https:\/\/mikemuellers.com\/wp-content\/uploads\/2026\/02\/Logo_gross2green.png\" alt=\"\" width=\"1672\" height=\"1540\" srcset=\" https:\/\/mikemuellers.com\/wp-content\/uploads\/2026\/02\/Logo_gross2green-150x150.png 150w, https:\/\/mikemuellers.com\/wp-content\/uploads\/2026\/02\/Logo_gross2green-300x276.png 300w, https:\/\/mikemuellers.com\/wp-content\/uploads\/2026\/02\/Logo_gross2green-1024x943.png 1024w, https:\/\/mikemuellers.com\/wp-content\/uploads\/2026\/02\/Logo_gross2green.png 1672w\" data-mobile-visibility=\".sp-image-block-xfwpit0j3wqs|false\" data-tablet-visibility=\".sp-image-block-xfwpit0j3wqs|false\" data-desktop-visibility=\".sp-image-block-xfwpit0j3wqs|false\" class=\"sp-image-block-xfwpit0j3wqs\" style=\"width: 1672px;\"><\/a><\/span><\/div>\n<div id=\"sp-image-dynamic-tags-js-xfwpit0j3wqs\"><script>jQuery(function() { image_dynamic_tags('xfwpit0j3wqs' );});<\/script><\/div>\n<\/figure>\n<\/div>\n<div id=\"sp-uquv10e8hju\" data-mobile-visibility=\"#sp-uquv10e8hju|false\" data-tablet-visibility=\"#sp-uquv10e8hju|false\" data-desktop-visibility=\"#sp-uquv10e8hju|false\" data-mobile-css=\"\" data-tablet-css=\"\" class=\"sp-el-col  spBgcover sp-w-full\" style=\"width: calc(52% + 0px);\"><span href=\"\" target=\"\" rel=\"\" class=\"sp-header-block-link\" style=\"text-decoration: none;\"><\/p>\n<h2 id=\"sp-mir4v4\" data-mobile-css=\".sp-headline-block-mir4v4, #sp-mir4v4, #mir4v4|font-size:40px;text-align:center;\" data-tablet-css=\".sp-headline-block-mir4v4, #sp-mir4v4, #mir4v4|text-align:center;\" data-mobile-visibility=\".sp-headline-block-mir4v4|false\" data-tablet-visibility=\".sp-headline-block-mir4v4|false\" data-desktop-visibility=\".sp-headline-block-mir4v4|false\" class=\"sp-css-target sp-el-block sp-headline-block-mir4v4 sp-type-header\" style=\"font-size: 34px; line-height: 3.9; letter-spacing: 5px; color: rgb(255, 255, 255); text-align: center; margin: 0px;\">GTC<\/h2>\n<p><\/span><\/div>\n<div id=\"sp-o64r4khtsv4r\" data-mobile-visibility=\"#sp-o64r4khtsv4r|false\" data-tablet-visibility=\"#sp-o64r4khtsv4r|false\" data-desktop-visibility=\"#sp-o64r4khtsv4r|false\" data-mobile-css=\"\" data-tablet-css=\"\" class=\"sp-el-col  spBgcover sp-w-full\" style=\"width: calc(24% + 0px);\">\n<div id=\"sp-button-parent-s2onk6gkanqq\" data-mobile-css=\"#sp-button-parent-s2onk6gkanqq|text-align:center;\" data-tablet-css=\"#sp-button-parent-s2onk6gkanqq|text-align:center;\" class=\"sp-button-wrapper sp-el-block\" style=\"margin: 4px 0px 0px; text-align: right;\"><a href=\"https:\/\/wa.me\/4915161491999\" id=\"sp-s2onk6gkanqq\" data-mobile-css=\"\" data-tablet-css=\"\" data-mobile-visibility=\".sp-button-s2onk6gkanqq|false\" data-tablet-visibility=\".sp-button-s2onk6gkanqq|false\" data-desktop-visibility=\".sp-button-s2onk6gkanqq|false\" target=\"_blank\" rel=\"\" class=\"sp-button sp-css-target sp-text-center sp-inline-block sp-leading-none sp-button-s2onk6gkanqq\" style=\"font-size: 18px; background: rgb(30, 136, 229); color: rgb(255, 255, 255); width: auto; padding: 12px 16px; border-radius: 4px;\"><span>WhatsApp<\/span><span><span id=\"sp-button-sub-text-s2onk6gkanqq\" data-mobile-css=\"\" data-tablet-css=\"\" class=\"sp-button-sub-txt sp-block sp-mt-1 sp-opacity-75\" style=\"font-size: 12px; line-height: 1;\">Sie haben Fragen? Schreiben Sie mir einfach!<\/span><\/span><\/a><\/div>\n<\/div>\n<\/div>\n<\/section>\n<section id=\"sp-oap278aufry\" data-mobile-visibility=\"#sp-oap278aufry|false\" data-tablet-visibility=\"#sp-oap278aufry|false\" data-desktop-visibility=\"#sp-oap278aufry|false\" data-mobile-css=\"\" data-tablet-css=\"\" class=\"sp-el-section\" style=\"background-color: rgb(236, 253, 245); width: 100%; max-width: 100%; padding: 80px 60px;\">\n<div id=\"sp-zpiv74zyip4n\" data-mobile-visibility=\"#sp-zpiv74zyip4n|false\" data-tablet-visibility=\"#sp-zpiv74zyip4n|false\" data-desktop-visibility=\"#sp-zpiv74zyip4n|false\" data-mobile-css=\"#sp-zpiv74zyip4n|margin:50px 0px 50px 0px ;\" data-tablet-css=\"\" class=\"sp-el-row sp-w-full  sp-m-auto sm:sp-flex sp-justify-between\">\n<div id=\"sp-m19rsw\" data-mobile-visibility=\"#sp-m19rsw|false\" data-tablet-visibility=\"#sp-m19rsw|false\" data-desktop-visibility=\"#sp-m19rsw|false\" data-mobile-css=\"\" data-tablet-css=\"\" class=\"sp-el-col  sp-w-full\" style=\"width: calc(65% + 0px);\"><span href=\"\" target=\"\" rel=\"\" class=\"sp-header-block-link\" style=\"text-decoration: none;\"><\/p>\n<h2 id=\"sp-ff5mzv\" data-mobile-css=\".sp-headline-block-ff5mzv, #sp-ff5mzv, #ff5mzv|text-align:center;\" data-tablet-css=\".sp-headline-block-ff5mzv, #sp-ff5mzv, #ff5mzv|text-align:center;\" data-mobile-visibility=\".sp-headline-block-ff5mzv|false\" data-tablet-visibility=\".sp-headline-block-ff5mzv|false\" data-desktop-visibility=\".sp-headline-block-ff5mzv|false\" class=\"sp-css-target sp-el-block sp-headline-block-ff5mzv sp-type-header\" style=\"text-align: center; margin: 0px;\">Allgemeine Gastaufnahmebedingungen (AGB)<\/h2>\n<p><\/span><\/p>\n<div id=\"cw4v7y\" data-mobile-css=\".sp-text-wrapper-cw4v7y, #sp-cw4v7y, #cw4v7y|text-align:left;\" data-tablet-css=\".sp-text-wrapper-cw4v7y, #sp-cw4v7y, #cw4v7y|text-align:left;\" data-mobile-visibility=\".sp-text-wrapper-cw4v7y|false\" data-tablet-visibility=\".sp-text-wrapper-cw4v7y|false\" data-desktop-visibility=\".sp-text-wrapper-cw4v7y|false\" class=\"sp-css-target sp-text-wrapper sp-el-block sp-text-block-style sp-text-wrapper-cw4v7y mce-content-body html4-captions\"  style=\"margin: 0px; text-align: left; position: relative;\" >\n<div id=\"page\" class=\"hfeed site\">\n<div id=\"content\" class=\"site-content\">\n<div class=\"ast-container\">\n<div id=\"primary\" class=\"content-area primary\">\n<article id=\"post-25750\" class=\"post-25750 page type-page status-publish ast-article-single\">\n<div class=\"entry-content clear\">\n<div class=\"elementor elementor-25750\" data-elementor-type=\"wp-page\" data-elementor-id=\"25750\" data-elementor-post-type=\"page\">\n<section class=\"elementor-section elementor-top-section elementor-element elementor-element-76941b5 elementor-section-content-middle elementor-section-boxed elementor-section-height-default elementor-section-height-default\" data-id=\"76941b5\" data-element_type=\"section\" data-e-type=\"section\" data-settings=\"{'background_background':'classic','shape_divider_bottom':'waves'}\">\n<div class=\"elementor-container elementor-column-gap-default\">\n<div class=\"elementor-column elementor-col-100 elementor-top-column elementor-element elementor-element-ee78b90\" data-id=\"ee78b90\" data-element_type=\"column\" data-e-type=\"column\">\n<div class=\"elementor-widget-wrap elementor-element-populated\">\n<div class=\"elementor-element elementor-element-c35a550 elementor-widget elementor-widget-text-editor\" data-id=\"c35a550\" data-element_type=\"widget\" data-e-type=\"widget\" data-widget_type=\"text-editor.default\">\n<div class=\"elementor-widget-container\">\n<div id=\"model-response-message-contentr_b8d82d49d4e1a2ed\" class=\"markdown markdown-main-panel stronger enable-updated-hr-color\" dir=\"ltr\" aria-live=\"polite\" aria-busy=\"false\">\n<h2 data-path-to-node=\"2\"><\/h2>\n<p data-path-to-node=\"3\"><b data-path-to-node=\"3\" data-index-in-node=\"0\">Kurhotel Bad Bertrich | Stand: Januar 2026<\/b><\/p>\n<h3 data-path-to-node=\"4\">\u00a7 1 Vertragsschluss &amp; Bereitstellung<\/h3>\n<ol start=\"1\" data-path-to-node=\"5\">\n<li>\n<p data-path-to-node=\"5,0,0\"><b data-path-to-node=\"5,0,0\" data-index-in-node=\"0\">Vertragsabschluss:<\/b>&nbsp;Der Gastaufnahmevertrag ist verbindlich geschlossen, sobald ein Zimmer bestellt und zugesagt (fernm\u00fcndlich, schriftlich, per E-Mail oder via Buchungsportal) oder \u2013 falls eine Zusage zeitlich nicht mehr m\u00f6glich war \u2013 bereitgestellt wurde. Beide Vertragspartner sind zur Erf\u00fcllung des Vertrages verpflichtet.<\/p>\n<\/li>\n<li>\n<p data-path-to-node=\"5,1,0\"><b data-path-to-node=\"5,1,0\" data-index-in-node=\"0\">An- und Abreise:<\/b>&nbsp;Reservierte Zimmer stehen dem Gast am&nbsp;<b data-path-to-node=\"5,1,0\" data-index-in-node=\"55\">Anreisetag ab 15:00 Uhr<\/b>&nbsp;zur Verf\u00fcgung. Am&nbsp;<b data-path-to-node=\"5,1,0\" data-index-in-node=\"97\">Abreisetag ist das Zimmer bis 11:00 Uhr<\/b>&nbsp;freizugeben.<\/p>\n<\/li>\n<li>\n<p data-path-to-node=\"5,2,0\"><b data-path-to-node=\"5,2,0\" data-index-in-node=\"0\">Sp\u00e4tanreise:<\/b>&nbsp;Ohne ausdr\u00fcckliche Vereinbarung einer sp\u00e4teren Ankunftszeit beh\u00e4lt sich das Hotel das Recht vor, das Zimmer&nbsp;<b data-path-to-node=\"5,2,0\" data-index-in-node=\"121\">nach 19:30 Uhr<\/b>&nbsp;anderweitig zu vergeben.<\/p>\n<\/li>\n<li>\n<p data-path-to-node=\"5,3,0\"><b data-path-to-node=\"5,3,0\" data-index-in-node=\"0\">Zimmeranspruch:<\/b>&nbsp;Ein Anspruch auf die Bereitstellung bestimmter Zimmer besteht nicht. Sollten vereinbarte R\u00e4umlichkeiten nicht verf\u00fcgbar sein, ist das Hotel verpflichtet, sich um gleichwertigen Ersatz zu bem\u00fchen.<\/p>\n<\/li>\n<\/ol>\n<h3 data-path-to-node=\"6\">\u00a7 2 Zahlungsbedingungen<\/h3>\n<ol start=\"1\" data-path-to-node=\"7\">\n<li>\n<p data-path-to-node=\"7,0,0\"><b data-path-to-node=\"7,0,0\" data-index-in-node=\"0\">Zahlungsarten:<\/b>&nbsp;Die Begleichung der Rechnung erfolgt vor Ort ausschlie\u00dflich per&nbsp;<b data-path-to-node=\"7,0,0\" data-index-in-node=\"79\">EC-Karte oder in Bar<\/b>.<\/p>\n<\/li>\n<li>\n<p data-path-to-node=\"7,1,0\"><b data-path-to-node=\"7,1,0\" data-index-in-node=\"0\">Vorab-\u00dcberweisung:<\/b>&nbsp;Eine Zahlung per \u00dcberweisung ist m\u00f6glich, sofern der Betrag sp\u00e4testens&nbsp;<b data-path-to-node=\"7,1,0\" data-index-in-node=\"90\">zwei Werktage vor Anreise<\/b>&nbsp;auf dem Konto des Hotels eingegangen ist.<\/p>\n<\/li>\n<\/ol>\n<h3 data-path-to-node=\"8\">\u00a7 3 Fundsachen &amp; Datenschutz<\/h3>\n<ol start=\"1\" data-path-to-node=\"9\">\n<li>\n<p data-path-to-node=\"9,0,0\"><b data-path-to-node=\"9,0,0\" data-index-in-node=\"0\">Fundsachen:<\/b>&nbsp;Liegen gebliebene Gegenst\u00e4nde werden nur auf Wunsch und gegen Erstattung der Versandkosten nachgesendet. Die Aufbewahrungsfrist betr\u00e4gt&nbsp;<b data-path-to-node=\"9,0,0\" data-index-in-node=\"148\">6 Monate<\/b>.<\/p>\n<\/li>\n<li>\n<p data-path-to-node=\"9,1,0\"><b data-path-to-node=\"9,1,0\" data-index-in-node=\"0\">Diskretion:<\/b>&nbsp;Aus Datenschutzgr\u00fcnden erfolgt keine aktive Benachrichtigung des Gastes \u00fcber gefundene Gegenst\u00e4nde. Das Hotel gibt grunds\u00e4tzlich keine Ausk\u00fcnfte \u00fcber Aufenthalte von G\u00e4sten an Dritte weiter.<\/p>\n<\/li>\n<\/ol>\n<hr data-path-to-node=\"10\">\n<h2 data-path-to-node=\"11\">2. Stornierungs- und Umbuchungsbedingungen<\/h2>\n<p data-path-to-node=\"12\"><b data-path-to-node=\"12\" data-index-in-node=\"0\">Kurhotel Bad Bertrich | Stand: Januar 2026<\/b><\/p>\n<h3 data-path-to-node=\"13\">\u00a7 1 Stornierungsgrunds\u00e4tze<\/h3>\n<p data-path-to-node=\"14\">Ein R\u00fccktritt vom Vertrag bedarf der schriftlichen Form. Bei Nichtinanspruchnahme der vertraglichen Leistungen ist der Gast verpflichtet, den vereinbarten Preis abz\u00fcglich der ersparten Aufwendungen zu zahlen. Das Hotel ist bem\u00fcht, nicht in Anspruch genommene Zimmer anderweitig zu vermieten, um die Ausfallgeb\u00fchren f\u00fcr den Gast zu minimieren.<\/p>\n<h3 data-path-to-node=\"15\">\u00a7 2 Stornierungsfristen &amp; Geb\u00fchren<\/h3>\n<p data-path-to-node=\"16\">Je nach Buchungsart gelten folgende Pauschals\u00e4tze des Angebotspreises (Logis):<\/p>\n<table data-path-to-node=\"17\" class=\"mce-item-table\">\n<thead>\n<tr>\n<td><strong>Buchungstyp<\/strong><\/td>\n<td><strong>Bis 14 Tage vor Anreise<\/strong><\/td>\n<td><strong>13 bis 8 Tage<\/strong><\/td>\n<td><strong>7 bis 1 Tag<\/strong><\/td>\n<td><strong>Anreisetag<\/strong><\/td>\n<\/tr>\n<\/thead>\n<tbody>\n<tr>\n<td><span data-path-to-node=\"17,1,0,0\"><b data-path-to-node=\"17,1,0,0\" data-index-in-node=\"0\">Standard &amp; Angebote<\/b><\/span><\/td>\n<td><span data-path-to-node=\"17,1,1,0\">Kostenfrei*<\/span><\/td>\n<td><span data-path-to-node=\"17,1,2,0\">50 %<\/span><\/td>\n<td><span data-path-to-node=\"17,1,3,0\">80 %<\/span><\/td>\n<td><span data-path-to-node=\"17,1,4,0\">100 %<\/span><\/td>\n<\/tr>\n<tr>\n<td><span data-path-to-node=\"17,2,0,0\"><b data-path-to-node=\"17,2,0,0\" data-index-in-node=\"0\">Gruppen (ab 3 Zimmer)<\/b><\/span><\/td>\n<td><span data-path-to-node=\"17,2,1,0\">Kostenfrei bis 6 Wochen<\/span><\/td>\n<td><span data-path-to-node=\"17,2,2,0\">50 % (6-2 Wo.)<\/span><\/td>\n<td><span data-path-to-node=\"17,2,3,0\">80 % (&lt; 2 Wo.)<\/span><\/td>\n<td><span data-path-to-node=\"17,2,4,0\">100 %<\/span><\/td>\n<\/tr>\n<\/tbody>\n<\/table>\n<p data-path-to-node=\"18\"><i data-path-to-node=\"18\" data-index-in-node=\"0\">*Sofern kein fr\u00fcherer Termin f\u00fcr den kostenfreien R\u00fccktritt schriftlich vereinbart wurde.<\/i><\/p>\n<p data-path-to-node=\"18\"><b data-path-to-node=\"18\" data-index-in-node=\"90\">Hinweis:<\/b>&nbsp;Fr\u00fchst\u00fccksanteile, Kurtaxe und Parkgeb\u00fchren werden im Stornierungsfall nicht berechnet.<\/p>\n<h3 data-path-to-node=\"19\">\u00a7 3 Sonderregelungen<\/h3>\n<ul data-path-to-node=\"20\">\n<li>\n<p data-path-to-node=\"20,0,0\"><b data-path-to-node=\"20,0,0\" data-index-in-node=\"0\">Fastenbuchungen:<\/b>&nbsp;Bei Stornierung kann die Geb\u00fchr zu 100 % in eine Gutschrift umgewandelt werden (G\u00fcltigkeit: 1 Jahr, \u00fcbertragbar). Wird dies nicht gew\u00fcnscht, gelten die Standard-Stornogeb\u00fchren.<\/p>\n<\/li>\n<li>\n<p data-path-to-node=\"20,1,0\"><b data-path-to-node=\"20,1,0\" data-index-in-node=\"0\">Gutscheinbuchungen:<\/b>&nbsp;Nach best\u00e4tigter Einl\u00f6sung oder Verl\u00e4ngerung ist keine Stornierung mehr m\u00f6glich.<\/p>\n<\/li>\n<li>\n<p data-path-to-node=\"20,2,0\"><b data-path-to-node=\"20,2,0\" data-index-in-node=\"0\">Umbuchungen:<\/b>&nbsp;Sind bis maximal eine Woche vor Anreise gegen eine Bearbeitungsgeb\u00fchr von&nbsp;<b data-path-to-node=\"20,2,0\" data-index-in-node=\"87\">30 \u20ac<\/b>&nbsp;m\u00f6glich.<\/p>\n<\/li>\n<\/ul>\n<h3 data-path-to-node=\"21\">\u00a7 4 Optionaler Reiseschutz (Direktbuchung)<\/h3>\n<p data-path-to-node=\"22\">Wir empfehlen den Abschluss einer Reiser\u00fccktrittsversicherung. Bei Abschluss \u00fcber unser System gelten folgende Sonderkonditionen:<\/p>\n<ul data-path-to-node=\"23\">\n<li>\n<p data-path-to-node=\"23,0,0\">Kostenlose Stornierung bis zum&nbsp;<b data-path-to-node=\"23,0,0\" data-index-in-node=\"31\">Anreisetag 14:00 Uhr<\/b>.<\/p>\n<\/li>\n<li>\n<p data-path-to-node=\"23,1,0\">Danach fallen lediglich 50 % des Reisepreises an.<\/p>\n<\/li>\n<li>\n<p data-path-to-node=\"23,2,0\"><b data-path-to-node=\"23,2,0\" data-index-in-node=\"0\">Wichtig:<\/b>&nbsp;Ein Reiseabbruch (nach Check-in) ist hier\u00fcber nicht versichert.<\/p>\n<\/li>\n<\/ul>\n<hr data-path-to-node=\"24\">\n<h2 data-path-to-node=\"25\">3. Wichtige Gastinformationen<\/h2>\n<ul data-path-to-node=\"26\">\n<li>\n<p data-path-to-node=\"26,0,0\"><b data-path-to-node=\"26,0,0\" data-index-in-node=\"0\">Fr\u00fchst\u00fcck:<\/b>&nbsp;T\u00e4glich von&nbsp;<b data-path-to-node=\"26,0,0\" data-index-in-node=\"23\">08:00 bis 10:00 Uhr<\/b>. Nicht in Anspruch genommene Mahlzeiten werden nicht erstattet.<\/p>\n<\/li>\n<li>\n<p data-path-to-node=\"26,1,0\"><b data-path-to-node=\"26,1,0\" data-index-in-node=\"0\">Parken (Parkplatz Ost):<\/b>&nbsp;Parkgeb\u00fchren sind nicht erstattungsf\u00e4hig. Bitte buchen Sie Ihr Ticket erst&nbsp;<b data-path-to-node=\"26,1,0\" data-index-in-node=\"99\">beim Check-in direkt an der Rezeption<\/b>&nbsp;unter Angabe Ihres Kennzeichens.<\/p>\n<\/li>\n<\/ul>\n<hr data-path-to-node=\"27\"><\/div>\n<\/div>\n<\/div>\n<\/div>\n<\/div>\n<\/div>\n<\/section>\n<\/div>\n<\/div>\n<\/article>\n<\/div>\n<\/div>\n<\/div>\n<footer id=\"colophon\" class=\"site-footer\">\n<div class=\"site-below-footer-wrap ast-builder-grid-row-container site-footer-focus-item ast-builder-grid-row-2-equal ast-builder-grid-row-tablet-2-equal ast-builder-grid-row-mobile-full ast-footer-row-inline ast-footer-row-tablet-stack ast-footer-row-mobile-stack\" data-section=\"section-below-footer-builder\">\n<div class=\"ast-builder-grid-row-container-inner\">\n<div class=\"ast-builder-footer-grid-columns site-below-footer-inner-wrap ast-builder-grid-row\">\n<div class=\"site-footer-below-section-1 site-footer-section site-footer-section-1\">\n<div class=\"ast-builder-layout-element ast-flex site-footer-focus-item ast-footer-copyright\" data-section=\"section-footer-builder\">\n<div class=\"ast-footer-copyright\">\n<p>Copyright \u00a9 2026 Mike Muellers Fasten Bad Bertrich<a href=\"http:\/\/wble-media.de\/\" data-mce-href=\"http:\/\/wble-media.de\/\"><\/a><\/p>\n<\/div>\n<\/div>\n<\/div>\n<\/div>\n<\/div>\n<\/div>\n<\/footer>\n<\/div>\n<\/div>\n<\/div>\n<div id=\"sp-lruroi\" data-mobile-visibility=\"#sp-lruroi|false\" data-tablet-visibility=\"#sp-lruroi|false\" data-desktop-visibility=\"#sp-lruroi|false\" data-mobile-css=\"\" data-tablet-css=\"\" class=\"sp-el-col  sp-w-full\" style=\"width: calc(35% + 0px);\">\n<figure id=\"sp-opq4d5\" data-mobile-css=\"#sp-opq4d5|text-align:center;\" data-tablet-css=\"#sp-opq4d5|text-align:center;\" class=\"sp-image-wrapper sp-el-block\" style=\"margin: 0px; text-align: center;\">\n<div><span><img loading=\"lazy\" decoding=\"async\" src=\"https:\/\/mikemuellers.com\/wp-content\/uploads\/2026\/02\/1754030454_01-1-scaled.jpg\" alt=\"Fasten Plan\" width=\"2560\" height=\"1707\" data-dynamic-tag=\"\" data-image-src=\"wpmedia\" data-mobile-visibility=\".sp-image-block-opq4d5|false\" data-tablet-visibility=\".sp-image-block-opq4d5|false\" data-desktop-visibility=\".sp-image-block-opq4d5|false\" srcset=\" https:\/\/mikemuellers.com\/wp-content\/uploads\/2026\/02\/1754030454_01-1-150x150.jpg 150w, https:\/\/mikemuellers.com\/wp-content\/uploads\/2026\/02\/1754030454_01-1-300x200.jpg 300w, https:\/\/mikemuellers.com\/wp-content\/uploads\/2026\/02\/1754030454_01-1-1024x683.jpg 1024w, https:\/\/mikemuellers.com\/wp-content\/uploads\/2026\/02\/1754030454_01-1-scaled.jpg 2560w\" class=\"sp-image-block-opq4d5 custom-preview-class\" style=\"width: 2560px; border-width: 1px; border-style: solid; border-color: rgb(222, 222, 222);\"><\/span><\/div>\n<div id=\"sp-image-dynamic-tags-js-opq4d5\"><script>jQuery(function() { image_dynamic_tags('opq4d5' );});<\/script><\/div>\n<\/figure>\n<\/div>\n<\/div>\n<\/section>","protected":false},"excerpt":{"rendered":"<p>AGB WhatsAppSie haben Fragen? Schreiben Sie mir einfach! Allgemeine Gastaufnahmebedingungen (AGB) Kurhotel Bad Bertrich | Stand: Januar 2026 \u00a7 1 Vertragsschluss &amp; Bereitstellung Vertragsabschluss:&nbsp;Der Gastaufnahmevertrag ist verbindlich geschlossen, sobald ein Zimmer bestellt und zugesagt (fernm\u00fcndlich, schriftlich, per E-Mail oder via Buchungsportal) oder \u2013 falls eine Zusage zeitlich nicht mehr m\u00f6glich war \u2013 bereitgestellt wurde. Beide [&hellip;]<\/p>\n","protected":false},"author":1,"featured_media":0,"parent":0,"menu_order":0,"comment_status":"closed","ping_status":"closed","template":"","meta":{"footnotes":""},"class_list":["post-379","page","type-page","status-publish","hentry"],"_links":{"self":[{"href":"https:\/\/mikemuellers.com\/en\/wp-json\/wp\/v2\/pages\/379","targetHints":{"allow":["GET"]}}],"collection":[{"href":"https:\/\/mikemuellers.com\/en\/wp-json\/wp\/v2\/pages"}],"about":[{"href":"https:\/\/mikemuellers.com\/en\/wp-json\/wp\/v2\/types\/page"}],"author":[{"embeddable":true,"href":"https:\/\/mikemuellers.com\/en\/wp-json\/wp\/v2\/users\/1"}],"replies":[{"embeddable":true,"href":"https:\/\/mikemuellers.com\/en\/wp-json\/wp\/v2\/comments?post=379"}],"version-history":[{"count":7,"href":"https:\/\/mikemuellers.com\/en\/wp-json\/wp\/v2\/pages\/379\/revisions"}],"predecessor-version":[{"id":387,"href":"https:\/\/mikemuellers.com\/en\/wp-json\/wp\/v2\/pages\/379\/revisions\/387"}],"wp:attachment":[{"href":"https:\/\/mikemuellers.com\/en\/wp-json\/wp\/v2\/media?parent=379"}],"curies":[{"name":"wp","href":"https:\/\/api.w.org\/{rel}","templated":true}]}}