{"id":324,"date":"2026-02-18T11:57:04","date_gmt":"2026-02-18T10:57:04","guid":{"rendered":"https:\/\/mikemuellers.com\/?page_id=324"},"modified":"2026-04-18T11:54:28","modified_gmt":"2026-04-18T09:54:28","slug":"stanislav-hadzhiev-qigong","status":"publish","type":"page","link":"https:\/\/mikemuellers.com\/en\/stanislav-hadzhiev-qigong\/","title":{"rendered":"Stanislav Hadzhiev QiGong"},"content":{"rendered":"<section id=\"sp-feib4qx415sq\" data-mobile-visibility=\"#sp-feib4qx415sq|false\" data-tablet-visibility=\"#sp-feib4qx415sq|false\" data-desktop-visibility=\"#sp-feib4qx415sq|false\" data-mobile-css=\"\" data-tablet-css=\"\" class=\"sp-el-section  spBgcoverscroll\" style=\"background-image: linear-gradient(0deg, rgba(0, 0, 0, 0.15), rgba(0, 0, 0, 0.15)), url('https:\/\/mikemuellers.com\/wp-content\/uploads\/2026\/02\/IMG_5710-scaled.jpg'); width: 100%; max-width: 100%;\" draggable=\"false\">\n<div id=\"sp-hhm5t4ym0igo\" data-mobile-visibility=\"#sp-hhm5t4ym0igo|false\" data-tablet-visibility=\"#sp-hhm5t4ym0igo|false\" data-desktop-visibility=\"#sp-hhm5t4ym0igo|false\" data-mobile-css=\"\" data-tablet-css=\"\" class=\"sp-el-row sp-w-full  sp-m-auto sm:sp-flex sp-justify-between\" style=\"width: auto; max-width: 1140px;\">\n<div id=\"sp-znz01fdf1llo\" data-mobile-visibility=\"#sp-znz01fdf1llo|false\" data-tablet-visibility=\"#sp-znz01fdf1llo|false\" data-desktop-visibility=\"#sp-znz01fdf1llo|false\" data-mobile-css=\"#sp-znz01fdf1llo|margin-bottom:50px;\" data-tablet-css=\"\" class=\"sp-el-col  sp-w-full sm:sp-flex sp-flex-col sp-justify-center\" style=\"width: calc(33.3333% - 50px);\">\n<figure id=\"sp-qnkgkxudg54d\" data-mobile-css=\"#sp-qnkgkxudg54d|text-align:center;\" data-tablet-css=\"#sp-qnkgkxudg54d|text-align:center;\" class=\"sp-image-wrapper sp-el-block\" style=\"margin: 0px; text-align: left;\">\n<div><span><a href=\"https:\/\/mikemuellers.com\/en\/\" target=\"\" rel=\"\" class=\"sp-inline-block\" draggable=\"false\"><img loading=\"lazy\" decoding=\"async\" src=\"https:\/\/mikemuellers.com\/wp-content\/uploads\/2026\/03\/LogoFreiMike.png\" alt=\"\" width=\"512\" height=\"512\" srcset=\" https:\/\/mikemuellers.com\/wp-content\/uploads\/2026\/03\/LogoFreiMike-150x150.png 150w, https:\/\/mikemuellers.com\/wp-content\/uploads\/2026\/03\/LogoFreiMike-300x300.png 300w, https:\/\/mikemuellers.com\/wp-content\/uploads\/2026\/03\/LogoFreiMike-12x12.png 12w, https:\/\/mikemuellers.com\/wp-content\/uploads\/2026\/03\/LogoFreiMike.png 512w\" data-mobile-visibility=\".sp-image-block-qnkgkxudg54d|false\" data-tablet-visibility=\".sp-image-block-qnkgkxudg54d|false\" data-desktop-visibility=\".sp-image-block-qnkgkxudg54d|false\" class=\"sp-image-block-qnkgkxudg54d\" style=\"width: 150px;\" draggable=\"false\"><\/a><\/span><\/div>\n<div id=\"sp-image-dynamic-tags-js-qnkgkxudg54d\"><script>jQuery(function() { image_dynamic_tags('qnkgkxudg54d' );});<\/script><\/div>\n<\/figure>\n<\/div>\n<div id=\"sp-t9rgsette92t\" data-mobile-visibility=\"#sp-t9rgsette92t|false\" data-tablet-visibility=\"#sp-t9rgsette92t|false\" data-desktop-visibility=\"#sp-t9rgsette92t|false\" data-mobile-css=\"#sp-t9rgsette92t|margin-bottom:50px;\" data-tablet-css=\"\" class=\"sp-el-col  sp-w-full sm:sp-flex sp-flex-col sp-justify-center sp-items-center\" style=\"width: calc(33.3333% - 50px);\">\n<div id=\"sp-s6xibv63s1td\" data-mobile-css=\"#sp-s6xibv63s1td .nav-menu .menu-item |text-align:center;width:100%\" data-tablet-css=\"#sp-s6xibv63s1td .nav-menu .menu-item |text-align:center\" data-mobile-visibility=\".sp-nav-menu-block-s6xibv63s1td|false\" data-tablet-visibility=\".sp-nav-menu-block-s6xibv63s1td|false\" data-desktop-visibility=\".sp-nav-menu-block-s6xibv63s1td|false\" class=\"sp-nav sp-flex sp-el-block sp-justify-start sp-nav-menu-block-s6xibv63s1td\" style=\"padding: 10px; margin: 30px 30px 0px 0px; font-size: 18px; color: rgb(255, 255, 255); text-shadow: rgba(0, 0, 0, 0.3) 3px 3px 6px;\">\n<style type=\"text\/css\" data-mobile-css=\"\" data-tablet-css=\"#sp-s6xibv63s1td|justify-content:center\"><\/style>\n<style type=\"text\/css\" data-mobile-css=\"#sp-s6xibv63s1td ul li a |text-align:center\" data-tablet-css=\"#sp-s6xibv63s1td ul li a |text-align:center\"><\/style>\n<style type=\"text\/css\" data-mobile-css=\"\"><\/style>\n<style type=\"text\/css\" data-mobile-css=\"#sp-s6xibv63s1td .nav-bar |align-items:center\"><\/style>\n<style type=\"text\/css\">     #sp-s6xibv63s1td .seedprod-menu-horizontal .nav-menu .menu-item ,#sp-s6xibv63s1td .seedprod-menu-horizontal .nav-menu .seedprod-menu-heading , #sp-s6xibv63s1td .seedprod-menu-separator {padding:0px 10.5px}      #sp-s6xibv63s1td .nav-menu ul.sub-menu {box-shadow:0 25px 50px -12px rgba(0, 0, 0, 0.25)}      #sp-s6xibv63s1td ul li a {font-size:18px}      #sp-s6xibv63s1td .seedprod-menu-horizontal .nav-menu .separator.menu-item { padding:0px; }      #sp-s6xibv63s1td .custom-restricted-width .menu-item{padding:10.5px 0px}      #sp-s6xibv63s1td .seedprod-menu-list li a {color:#FFFFFF;text-align:left}     #sp-s6xibv63s1td .seedprod-menu-list li{color:#FFFFFF;text-align:left}      #sp-s6xibv63s1td .seedprod-menu-list li a:hover {text-align:left}      #sp-s6xibv63s1td .sub-menu {background-color:#fb8c00 !important;border-radius:6px}      #sp-s6xibv63s1td .sub-menu a {color:#FFFFFF}      #sp-s6xibv63s1td ul.seedprod-menu-list ul.sub-menu li a:hover{}      #sp-s6xibv63s1td .bar{background-color:#FFFFFF;}   <\/style>\n<div class=\"sp-nested-nav-wrapper h sp-nav-classhead_menue\">\n<div class=\"seedprod-menu seedprod-menu-builder seedprod-menu-horizontal sp-mobile-menu-true\">\n<div class=\"\">\n<nav class=\"nav-bar\">\n<div class=\"hamburger\"><span class=\"bar\"><\/span><span class=\"bar\"><\/span><span class=\"bar\"><\/span><\/div>\n<div class=\"nav-menu\">\n<div>               <div class=\"nav-menu-bar\"><ul id=\"menu-head_menue\" class=\"seedprod-menu-list\"><li id=\"menu-item-890\" class=\"menu-item menu-item-type-post_type menu-item-object-page menu-item-home menu-item-890\"><a href=\"https:\/\/mikemuellers.com\/en\/\">Home<\/a><\/li>\n<li id=\"menu-item-901\" class=\"menu-item menu-item-type-post_type menu-item-object-page menu-item-has-children menu-item-901\"><a href=\"https:\/\/mikemuellers.com\/en\/kur-und-fastenhotel-quellenhof-bad-bertrich\/\">Das Fastenprogramm &#8211; Die Preise<\/a>\n<ul class=\"sub-menu\">\n\t<li id=\"menu-item-1000\" class=\"menu-item menu-item-type-post_type menu-item-object-page menu-item-1000\"><a href=\"https:\/\/mikemuellers.com\/en\/fasten-und-qigong\/\">Fasten und QiGong<\/a><\/li>\n\t<li id=\"menu-item-902\" class=\"menu-item menu-item-type-post_type menu-item-object-page menu-item-902\"><a href=\"https:\/\/mikemuellers.com\/en\/mike-muellers-fastencoach\/\">Mike Muellers, Fastencoach<\/a><\/li>\n\t<li id=\"menu-item-905\" class=\"menu-item menu-item-type-post_type menu-item-object-page menu-item-905\"><a href=\"https:\/\/mikemuellers.com\/en\/stanislav-hadzhiev-qigong\/\">Stanislav Hadzhiev QiGong<\/a><\/li>\n\t<li id=\"menu-item-989\" class=\"menu-item menu-item-type-post_type menu-item-object-page menu-item-989\"><a href=\"https:\/\/mikemuellers.com\/en\/fasten-yoga-spezial\/\">Fasten Yoga Spezial<\/a><\/li>\n\t<li id=\"menu-item-932\" class=\"menu-item menu-item-type-post_type menu-item-object-page menu-item-932\"><a href=\"https:\/\/mikemuellers.com\/en\/carmen-hubbig-yoga-im-quellenhof\/\">Carmen Hubbig Yoga im Quellenhof<\/a><\/li>\n<\/ul>\n<\/li>\n<li id=\"menu-item-964\" class=\"menu-item menu-item-type-custom menu-item-object-custom menu-item-964\"><a href=\"https:\/\/mikemuellers.com\/en\/contact-2\/\">Contact us<\/a><\/li>\n<li id=\"menu-item-939\" class=\"menu-item menu-item-type-post_type menu-item-object-page current_page_parent menu-item-939\"><a href=\"https:\/\/mikemuellers.com\/en\/blog\/\">Der Fastenblog<\/a><\/li>\n<\/ul><\/div>             <\/div>\n<div><script> jQuery(document).ready(function(){   initDropdowns(); }); <\/script><\/div>\n<\/div>\n<\/nav>\n<\/div>\n<\/div>\n<\/div>\n<\/div>\n<\/div>\n<div id=\"sp-hm9su3bkem1m\" data-mobile-visibility=\"#sp-hm9su3bkem1m|false\" data-tablet-visibility=\"#sp-hm9su3bkem1m|false\" data-desktop-visibility=\"#sp-hm9su3bkem1m|false\" data-mobile-css=\"#sp-hm9su3bkem1m|margin-bottom:50px;\" data-tablet-css=\"#sp-hm9su3bkem1m|margin:0px 0px 100px 0px ;\" class=\"sp-el-col  sp-w-full sm:sp-flex sp-flex-col sp-justify-start\" style=\"width: calc(34% - 50px); margin-top: 20px; margin-bottom: 120px;\">\n<div id=\"sp-button-parent-higyo7jrbogf\" data-mobile-css=\"#sp-button-parent-higyo7jrbogf|text-align:center;\" data-tablet-css=\"#sp-button-parent-higyo7jrbogf|text-align:center;\" class=\"sp-button-wrapper sp-el-block\" style=\"margin: 0px; text-align: right;\"><a href=\"https:\/\/rooms.ibelsa.com\/de\/webbookingtwo\/33087407-0D61-16EF-2C67-3FD055C5CC82\/page\" id=\"sp-higyo7jrbogf\" data-mobile-css=\"\" data-tablet-css=\"\" data-mobile-visibility=\".sp-button-higyo7jrbogf|false\" data-tablet-visibility=\".sp-button-higyo7jrbogf|false\" data-desktop-visibility=\".sp-button-higyo7jrbogf|false\" target=\"_blank\" rel=\"\" class=\"sp-button sp-css-target sp-text-center sp-inline-block sp-leading-none sp-button-higyo7jrbogf\" style=\"text-shadow: rgba(0, 0, 0, 0.4) 2px 2px 4px; font-size: 18px; background: rgb(251, 140, 0); color: rgb(255, 255, 255); width: auto; padding: 12px 18px; border-radius: 17px; box-shadow: rgba(0, 0, 0, 0.1) 0px 10px 15px -3px, rgba(0, 0, 0, 0.5) 0px 4px 6px -2px; border-bottom: 1px solid rgb(0, 0, 0);\" draggable=\"false\"><i class=\"sp-mr-2 fas fa-bed\"><\/i><span>Ja ich will!<\/span><span><span id=\"sp-button-sub-text-higyo7jrbogf\" data-mobile-css=\"\" data-tablet-css=\"\" class=\"sp-button-sub-txt sp-block sp-mt-1 sp-opacity-75\" style=\"font-size: 12px; line-height: 1;\">Buchen<\/span><\/span><\/a><\/div>\n<\/div>\n<\/div>\n<\/section>\n<section id=\"sp-oap278aufry\" data-mobile-visibility=\"#sp-oap278aufry|false\" data-tablet-visibility=\"#sp-oap278aufry|false\" data-desktop-visibility=\"#sp-oap278aufry|false\" data-mobile-css=\"\" data-tablet-css=\"\" class=\"sp-el-section\" style=\"background-color: rgb(236, 253, 245); width: 100%; max-width: 100%; padding: 80px 60px;\">\n<div id=\"sp-zpiv74zyip4n\" data-mobile-visibility=\"#sp-zpiv74zyip4n|false\" data-tablet-visibility=\"#sp-zpiv74zyip4n|false\" data-desktop-visibility=\"#sp-zpiv74zyip4n|false\" data-mobile-css=\"#sp-zpiv74zyip4n|margin:50px 0px 50px 0px ;\" data-tablet-css=\"\" class=\"sp-el-row sp-w-full  sp-m-auto sm:sp-flex sp-justify-between\">\n<div id=\"sp-m19rsw\" data-mobile-visibility=\"#sp-m19rsw|false\" data-tablet-visibility=\"#sp-m19rsw|false\" data-desktop-visibility=\"#sp-m19rsw|false\" data-mobile-css=\"\" data-tablet-css=\"\" class=\"sp-el-col  sp-w-full\" style=\"width: calc(65% + 0px);\"><span href=\"\" target=\"\" rel=\"\" class=\"sp-header-block-link\" style=\"text-decoration: none;\"><\/p>\n<h1 id=\"sp-mir4v4\" data-mobile-css=\".sp-headline-block-mir4v4, #sp-mir4v4, #mir4v4|font-size:40px;text-align:center;\" data-tablet-css=\".sp-headline-block-mir4v4, #sp-mir4v4, #mir4v4|text-align:center;\" data-mobile-visibility=\".sp-headline-block-mir4v4|false\" data-tablet-visibility=\".sp-headline-block-mir4v4|false\" data-desktop-visibility=\".sp-headline-block-mir4v4|false\" class=\"sp-css-target sp-el-block sp-headline-block-mir4v4 sp-type-header\" style=\"color: rgb(255, 255, 255); text-align: center; margin: 0px;\"><span style=\"color: #000000;\">Stanislav Hadzhiev<\/span><\/h1>\n<p><\/span><\/p>\n<div id=\"sp-cw4v7y\" data-mobile-css=\".sp-text-wrapper-cw4v7y, #sp-cw4v7y, #cw4v7y|text-align:left;\" data-tablet-css=\".sp-text-wrapper-cw4v7y, #sp-cw4v7y, #cw4v7y|text-align:left;\" data-mobile-visibility=\".sp-text-wrapper-cw4v7y|false\" data-tablet-visibility=\".sp-text-wrapper-cw4v7y|false\" data-desktop-visibility=\".sp-text-wrapper-cw4v7y|false\" class=\"sp-css-target sp-text-wrapper sp-el-block sp-text-block-style sp-text-wrapper-cw4v7y\" style=\"margin: 0px; text-align: left;\">\n<p data-start=\"887\" data-end=\"943\"><strong data-start=\"887\" data-end=\"943\">Stille, Kraft &amp; Klarheit \u2013 eine Reise zu sich selbst<\/strong><\/p>\n<p data-start=\"945\" data-end=\"1015\">Im Alltag sind wir oft im Au\u00dfen.<br data-start=\"977\" data-end=\"980\">Hier kommen Sie wieder bei sich an.<\/p>\n<p data-start=\"1017\" data-end=\"1154\">Gemeinsam mit <span class=\"hover:entity-accent entity-underline inline cursor-pointer align-baseline\"><span class=\"whitespace-normal\">Stanislav Hadzhiev<\/span><\/span> schaffen wir Raum f\u00fcr Ruhe, Bewegung und neue Energie \u2013 ohne Druck, ohne Erwartungen.<\/p>\n<hr data-start=\"1156\" data-end=\"1159\">\n<h3 data-section-id=\"1xi8jf7\" data-start=\"1161\" data-end=\"1204\">QiGong \u2013 Bewegung, die nach innen wirkt<\/h3>\n<p data-start=\"1206\" data-end=\"1288\">Wenn morgens das Licht durch die Fenster f\u00e4llt, beginnt der Tag ruhig und bewusst.<\/p>\n<p data-start=\"1290\" data-end=\"1431\">Die \u00dcbungen sind sanft, flie\u00dfend und f\u00fcr jeden geeignet.<br data-start=\"1346\" data-end=\"1349\">Sie l\u00f6sen Spannungen, vertiefen den Atem und bringen den K\u00f6rper wieder in Balance.<\/p>\n<p data-start=\"1433\" data-end=\"1470\">Nicht kompliziert.<br data-start=\"1451\" data-end=\"1454\">Sondern sp\u00fcrbar.<\/p>\n<hr data-start=\"1472\" data-end=\"1475\">\n<h3 data-section-id=\"qt4ufa\" data-start=\"1477\" data-end=\"1535\">Wandern \u2013 Schritt f\u00fcr Schritt zur\u00fcck zur eigenen Mitte<\/h3>\n<p data-start=\"1537\" data-end=\"1639\">Unsere Wanderungen durch die Natur sind kein Training.<br data-start=\"1591\" data-end=\"1594\">Sie sind eine Einladung, langsamer zu werden.<\/p>\n<ul data-start=\"1641\" data-end=\"1762\">\n<li data-section-id=\"1kvsuy9\" data-start=\"1641\" data-end=\"1680\">den eigenen Rhythmus wiederzufinden<\/li>\n<li data-section-id=\"z4g5vu\" data-start=\"1681\" data-end=\"1710\">den Kopf frei zu bekommen<\/li>\n<li data-section-id=\"gq4trh\" data-start=\"1711\" data-end=\"1762\">den K\u00f6rper beim Fasten sinnvoll zu unterst\u00fctzen<\/li>\n<\/ul>\n<p data-start=\"1764\" data-end=\"1811\">Oft entstehen genau hier die klarsten Gedanken.<\/p>\n<hr data-start=\"1813\" data-end=\"1816\">\n<blockquote data-start=\"1818\" data-end=\"1935\">\n<p data-start=\"1820\" data-end=\"1935\">\u201eDer K\u00f6rper ist der Ort, an dem wir leben. Wenn wir gut mit ihm umgehen, f\u00fchlt sich auch alles andere leichter an.\u201c<\/p>\n<\/blockquote>\n<hr data-start=\"1937\" data-end=\"1940\">\n<p data-start=\"1942\" data-end=\"2056\">QiGong und Bewegung sind kein Zusatzprogramm.<br data-start=\"1987\" data-end=\"1990\">Sie sind ein Teil dessen, was diese Auszeit so wirkungsvoll macht.<\/p>\n<p data-start=\"2058\" data-end=\"2159\">Wenn Sie sich danach sehnen, wieder mehr bei sich selbst anzukommen,<br data-start=\"2126\" data-end=\"2129\">dann ist das ein guter Anfang.<\/p>\n<\/div>\n<\/div>\n<div id=\"sp-lruroi\" data-mobile-visibility=\"#sp-lruroi|false\" data-tablet-visibility=\"#sp-lruroi|false\" data-desktop-visibility=\"#sp-lruroi|false\" data-mobile-css=\"\" data-tablet-css=\"\" class=\"sp-el-col  sp-w-full\" style=\"width: calc(35% + 0px);\">\n<figure id=\"sp-opq4d5\" data-mobile-css=\"#sp-opq4d5|text-align:center;\" data-tablet-css=\"#sp-opq4d5|text-align:center;\" class=\"sp-image-wrapper sp-el-block\" style=\"margin: 0px; text-align: center;\">\n<div><span><img loading=\"lazy\" decoding=\"async\" src=\"https:\/\/mikemuellers.com\/wp-content\/uploads\/2026\/01\/Bildschirmfoto-2026-01-19-um-10.34.58.png\" alt=\"Fasten Plan\" width=\"560\" height=\"684\" data-dynamic-tag=\"\" data-image-src=\"wpmedia\" data-mobile-visibility=\".sp-image-block-opq4d5|false\" data-tablet-visibility=\".sp-image-block-opq4d5|false\" data-desktop-visibility=\".sp-image-block-opq4d5|false\" srcset=\" https:\/\/mikemuellers.com\/wp-content\/uploads\/2026\/01\/Bildschirmfoto-2026-01-19-um-10.34.58-150x150.png 150w, https:\/\/mikemuellers.com\/wp-content\/uploads\/2026\/01\/Bildschirmfoto-2026-01-19-um-10.34.58-246x300.png 246w, https:\/\/mikemuellers.com\/wp-content\/uploads\/2026\/01\/Bildschirmfoto-2026-01-19-um-10.34.58.png 560w\" class=\"sp-image-block-opq4d5 custom-preview-class\" style=\"width: 560px; border-width: 1px; border-style: solid; border-color: rgb(222, 222, 222);\"><\/span><\/div>\n<div id=\"sp-image-dynamic-tags-js-opq4d5\"><script>jQuery(function() { image_dynamic_tags('opq4d5' );});<\/script><\/div>\n<\/figure>\n<\/div>\n<\/div>\n<\/section>","protected":false},"excerpt":{"rendered":"<p>Ja ich will!Buchen Stanislav Hadzhiev Stille, Kraft &amp; Klarheit \u2013 eine Reise zu sich selbst Im Alltag sind wir oft im Au\u00dfen.Hier kommen Sie wieder bei sich an. Gemeinsam mit Stanislav Hadzhiev schaffen wir Raum f\u00fcr Ruhe, Bewegung und neue Energie \u2013 ohne Druck, ohne Erwartungen. QiGong \u2013 Bewegung, die nach innen wirkt Wenn morgens [&hellip;]<\/p>\n","protected":false},"author":1,"featured_media":0,"parent":0,"menu_order":0,"comment_status":"closed","ping_status":"closed","template":"","meta":{"footnotes":""},"class_list":["post-324","page","type-page","status-publish","hentry"],"_links":{"self":[{"href":"https:\/\/mikemuellers.com\/en\/wp-json\/wp\/v2\/pages\/324","targetHints":{"allow":["GET"]}}],"collection":[{"href":"https:\/\/mikemuellers.com\/en\/wp-json\/wp\/v2\/pages"}],"about":[{"href":"https:\/\/mikemuellers.com\/en\/wp-json\/wp\/v2\/types\/page"}],"author":[{"embeddable":true,"href":"https:\/\/mikemuellers.com\/en\/wp-json\/wp\/v2\/users\/1"}],"replies":[{"embeddable":true,"href":"https:\/\/mikemuellers.com\/en\/wp-json\/wp\/v2\/comments?post=324"}],"version-history":[{"count":10,"href":"https:\/\/mikemuellers.com\/en\/wp-json\/wp\/v2\/pages\/324\/revisions"}],"predecessor-version":[{"id":1043,"href":"https:\/\/mikemuellers.com\/en\/wp-json\/wp\/v2\/pages\/324\/revisions\/1043"}],"wp:attachment":[{"href":"https:\/\/mikemuellers.com\/en\/wp-json\/wp\/v2\/media?parent=324"}],"curies":[{"name":"wp","href":"https:\/\/api.w.org\/{rel}","templated":true}]}}