{"id":305,"date":"2026-02-18T08:48:33","date_gmt":"2026-02-18T07:48:33","guid":{"rendered":"https:\/\/mikemuellers.com\/?page_id=305"},"modified":"2026-04-18T11:51:32","modified_gmt":"2026-04-18T09:51:32","slug":"mike-muellers-fastencoach","status":"publish","type":"page","link":"https:\/\/mikemuellers.com\/en\/mike-muellers-fastencoach\/","title":{"rendered":"Mike Muellers, Fastencoach"},"content":{"rendered":"<section id=\"sp-rpwyiedjht6m\" data-mobile-visibility=\"#sp-rpwyiedjht6m|false\" data-tablet-visibility=\"#sp-rpwyiedjht6m|false\" data-desktop-visibility=\"#sp-rpwyiedjht6m|false\" data-mobile-css=\"\" data-tablet-css=\"\" class=\"sp-el-section  spBgcoverscroll\" style=\"background-image: linear-gradient(0deg, rgba(0, 0, 0, 0.15), rgba(0, 0, 0, 0.15)), url('https:\/\/mikemuellers.com\/wp-content\/uploads\/2026\/02\/IMG_5710-scaled.jpg'); width: 100%; max-width: 100%;\" draggable=\"false\">\n<div id=\"sp-g41ui9v8rq6r\" data-mobile-visibility=\"#sp-g41ui9v8rq6r|false\" data-tablet-visibility=\"#sp-g41ui9v8rq6r|false\" data-desktop-visibility=\"#sp-g41ui9v8rq6r|false\" data-mobile-css=\"\" data-tablet-css=\"\" class=\"sp-el-row sp-w-full  sp-m-auto sm:sp-flex sp-justify-between\" style=\"width: auto; max-width: 1140px;\">\n<div id=\"sp-m8xuww6ya0zq\" data-mobile-visibility=\"#sp-m8xuww6ya0zq|false\" data-tablet-visibility=\"#sp-m8xuww6ya0zq|false\" data-desktop-visibility=\"#sp-m8xuww6ya0zq|false\" data-mobile-css=\"#sp-m8xuww6ya0zq|margin-bottom:50px;\" data-tablet-css=\"\" class=\"sp-el-col  sp-w-full sm:sp-flex sp-flex-col sp-justify-center\" style=\"width: calc(33.3333% - 50px);\">\n<figure id=\"sp-fp0k7ci0nt8r\" data-mobile-css=\"#sp-fp0k7ci0nt8r|text-align:center;\" data-tablet-css=\"#sp-fp0k7ci0nt8r|text-align:center;\" class=\"sp-image-wrapper sp-el-block\" style=\"margin: 0px; text-align: left;\">\n<div><span><a href=\"https:\/\/mikemuellers.com\/en\/\" target=\"\" rel=\"\" class=\"sp-inline-block\" draggable=\"false\"><img loading=\"lazy\" decoding=\"async\" src=\"https:\/\/mikemuellers.com\/wp-content\/uploads\/2026\/03\/LogoFreiMike.png\" alt=\"\" width=\"512\" height=\"512\" srcset=\" https:\/\/mikemuellers.com\/wp-content\/uploads\/2026\/03\/LogoFreiMike-150x150.png 150w, https:\/\/mikemuellers.com\/wp-content\/uploads\/2026\/03\/LogoFreiMike-300x300.png 300w, https:\/\/mikemuellers.com\/wp-content\/uploads\/2026\/03\/LogoFreiMike-12x12.png 12w, https:\/\/mikemuellers.com\/wp-content\/uploads\/2026\/03\/LogoFreiMike.png 512w\" data-mobile-visibility=\".sp-image-block-fp0k7ci0nt8r|false\" data-tablet-visibility=\".sp-image-block-fp0k7ci0nt8r|false\" data-desktop-visibility=\".sp-image-block-fp0k7ci0nt8r|false\" class=\"sp-image-block-fp0k7ci0nt8r\" style=\"width: 150px;\" draggable=\"false\"><\/a><\/span><\/div>\n<div id=\"sp-image-dynamic-tags-js-fp0k7ci0nt8r\"><script>jQuery(function() { image_dynamic_tags('fp0k7ci0nt8r' );});<\/script><\/div>\n<\/figure>\n<\/div>\n<div id=\"sp-anjosfbywbya\" data-mobile-visibility=\"#sp-anjosfbywbya|false\" data-tablet-visibility=\"#sp-anjosfbywbya|false\" data-desktop-visibility=\"#sp-anjosfbywbya|false\" data-mobile-css=\"#sp-anjosfbywbya|margin-bottom:50px;\" data-tablet-css=\"\" class=\"sp-el-col  sp-w-full sm:sp-flex sp-flex-col sp-justify-center sp-items-center\" style=\"width: calc(33.3333% - 50px);\">\n<div id=\"sp-jehbiu8yyjoa\" data-mobile-css=\"#sp-jehbiu8yyjoa .nav-menu .menu-item |text-align:center;width:100%\" data-tablet-css=\"#sp-jehbiu8yyjoa .nav-menu .menu-item |text-align:center\" data-mobile-visibility=\".sp-nav-menu-block-jehbiu8yyjoa|false\" data-tablet-visibility=\".sp-nav-menu-block-jehbiu8yyjoa|false\" data-desktop-visibility=\".sp-nav-menu-block-jehbiu8yyjoa|false\" class=\"sp-nav sp-flex sp-el-block sp-justify-start sp-nav-menu-block-jehbiu8yyjoa\" style=\"padding: 10px; margin: 30px 30px 0px 0px; font-size: 18px; color: rgb(255, 255, 255); text-shadow: rgba(0, 0, 0, 0.3) 3px 3px 6px;\">\n<style type=\"text\/css\" data-mobile-css=\"\" data-tablet-css=\"#sp-jehbiu8yyjoa|justify-content:center\"><\/style>\n<style type=\"text\/css\" data-mobile-css=\"#sp-jehbiu8yyjoa ul li a |text-align:center\" data-tablet-css=\"#sp-jehbiu8yyjoa ul li a |text-align:center\"><\/style>\n<style type=\"text\/css\" data-mobile-css=\"\"><\/style>\n<style type=\"text\/css\" data-mobile-css=\"#sp-jehbiu8yyjoa .nav-bar |align-items:center\"><\/style>\n<style type=\"text\/css\">     #sp-jehbiu8yyjoa .seedprod-menu-horizontal .nav-menu .menu-item ,#sp-jehbiu8yyjoa .seedprod-menu-horizontal .nav-menu .seedprod-menu-heading , #sp-jehbiu8yyjoa .seedprod-menu-separator {padding:0px 10.5px}      #sp-jehbiu8yyjoa .nav-menu ul.sub-menu {box-shadow:0 25px 50px -12px rgba(0, 0, 0, 0.25)}      #sp-jehbiu8yyjoa ul li a {font-size:18px}      #sp-jehbiu8yyjoa .seedprod-menu-horizontal .nav-menu .separator.menu-item { padding:0px; }      #sp-jehbiu8yyjoa .custom-restricted-width .menu-item{padding:10.5px 0px}      #sp-jehbiu8yyjoa .seedprod-menu-list li a {color:#FFFFFF;text-align:left}     #sp-jehbiu8yyjoa .seedprod-menu-list li{color:#FFFFFF;text-align:left}      #sp-jehbiu8yyjoa .seedprod-menu-list li a:hover {text-align:left}      #sp-jehbiu8yyjoa .sub-menu {background-color:#fb8c00 !important;border-radius:6px}      #sp-jehbiu8yyjoa .sub-menu a {color:#FFFFFF}      #sp-jehbiu8yyjoa ul.seedprod-menu-list ul.sub-menu li a:hover{}      #sp-jehbiu8yyjoa .bar{background-color:#FFFFFF;}   <\/style>\n<div class=\"sp-nested-nav-wrapper h sp-nav-classhead_menue\">\n<div class=\"seedprod-menu seedprod-menu-builder seedprod-menu-horizontal sp-mobile-menu-true\">\n<div class=\"\">\n<nav class=\"nav-bar\">\n<div class=\"hamburger\"><span class=\"bar\"><\/span><span class=\"bar\"><\/span><span class=\"bar\"><\/span><\/div>\n<div class=\"nav-menu\">\n<div>               <div class=\"nav-menu-bar\"><ul id=\"menu-head_menue\" class=\"seedprod-menu-list\"><li id=\"menu-item-890\" class=\"menu-item menu-item-type-post_type menu-item-object-page menu-item-home menu-item-890\"><a href=\"https:\/\/mikemuellers.com\/en\/\">Home<\/a><\/li>\n<li id=\"menu-item-901\" class=\"menu-item menu-item-type-post_type menu-item-object-page menu-item-has-children menu-item-901\"><a href=\"https:\/\/mikemuellers.com\/en\/kur-und-fastenhotel-quellenhof-bad-bertrich\/\">Das Fastenprogramm &#8211; Die Preise<\/a>\n<ul class=\"sub-menu\">\n\t<li id=\"menu-item-1000\" class=\"menu-item menu-item-type-post_type menu-item-object-page menu-item-1000\"><a href=\"https:\/\/mikemuellers.com\/en\/fasten-und-qigong\/\">Fasten und QiGong<\/a><\/li>\n\t<li id=\"menu-item-902\" class=\"menu-item menu-item-type-post_type menu-item-object-page menu-item-902\"><a href=\"https:\/\/mikemuellers.com\/en\/mike-muellers-fastencoach\/\">Mike Muellers, Fastencoach<\/a><\/li>\n\t<li id=\"menu-item-905\" class=\"menu-item menu-item-type-post_type menu-item-object-page menu-item-905\"><a href=\"https:\/\/mikemuellers.com\/en\/stanislav-hadzhiev-qigong\/\">Stanislav Hadzhiev QiGong<\/a><\/li>\n\t<li id=\"menu-item-989\" class=\"menu-item menu-item-type-post_type menu-item-object-page menu-item-989\"><a href=\"https:\/\/mikemuellers.com\/en\/fasten-yoga-spezial\/\">Fasten Yoga Spezial<\/a><\/li>\n\t<li id=\"menu-item-932\" class=\"menu-item menu-item-type-post_type menu-item-object-page menu-item-932\"><a href=\"https:\/\/mikemuellers.com\/en\/carmen-hubbig-yoga-im-quellenhof\/\">Carmen Hubbig Yoga im Quellenhof<\/a><\/li>\n<\/ul>\n<\/li>\n<li id=\"menu-item-964\" class=\"menu-item menu-item-type-custom menu-item-object-custom menu-item-964\"><a href=\"https:\/\/mikemuellers.com\/en\/contact-2\/\">Contact us<\/a><\/li>\n<li id=\"menu-item-939\" class=\"menu-item menu-item-type-post_type menu-item-object-page current_page_parent menu-item-939\"><a href=\"https:\/\/mikemuellers.com\/en\/blog\/\">Der Fastenblog<\/a><\/li>\n<\/ul><\/div>             <\/div>\n<div><script> jQuery(document).ready(function(){   initDropdowns(); }); <\/script><\/div>\n<\/div>\n<\/nav>\n<\/div>\n<\/div>\n<\/div>\n<\/div>\n<\/div>\n<div id=\"sp-stxnmyivxopa\" data-mobile-visibility=\"#sp-stxnmyivxopa|false\" data-tablet-visibility=\"#sp-stxnmyivxopa|false\" data-desktop-visibility=\"#sp-stxnmyivxopa|false\" data-mobile-css=\"#sp-stxnmyivxopa|margin-bottom:50px;\" data-tablet-css=\"#sp-stxnmyivxopa|margin:0px 0px 100px 0px ;\" class=\"sp-el-col  sp-w-full sm:sp-flex sp-flex-col sp-justify-start\" style=\"width: calc(34% - 50px); margin-top: 20px; margin-bottom: 120px;\">\n<div id=\"sp-button-parent-ktz2n5oamz6d\" data-mobile-css=\"#sp-button-parent-ktz2n5oamz6d|text-align:center;\" data-tablet-css=\"#sp-button-parent-ktz2n5oamz6d|text-align:center;\" class=\"sp-button-wrapper sp-el-block\" style=\"margin: 0px; text-align: right;\"><a href=\"https:\/\/rooms.ibelsa.com\/de\/webbookingtwo\/33087407-0D61-16EF-2C67-3FD055C5CC82\/page\" id=\"sp-ktz2n5oamz6d\" data-mobile-css=\"\" data-tablet-css=\"\" data-mobile-visibility=\".sp-button-ktz2n5oamz6d|false\" data-tablet-visibility=\".sp-button-ktz2n5oamz6d|false\" data-desktop-visibility=\".sp-button-ktz2n5oamz6d|false\" target=\"_blank\" rel=\"\" class=\"sp-button sp-css-target sp-text-center sp-inline-block sp-leading-none sp-button-ktz2n5oamz6d\" style=\"text-shadow: rgba(0, 0, 0, 0.4) 2px 2px 4px; font-size: 18px; background: rgb(251, 140, 0); color: rgb(255, 255, 255); width: auto; padding: 12px 18px; border-radius: 17px; box-shadow: rgba(0, 0, 0, 0.1) 0px 10px 15px -3px, rgba(0, 0, 0, 0.5) 0px 4px 6px -2px; border-bottom: 1px solid rgb(0, 0, 0);\" draggable=\"false\"><i class=\"sp-mr-2 fas fa-bed\"><\/i><span>Ja ich will!<\/span><span><span id=\"sp-button-sub-text-ktz2n5oamz6d\" data-mobile-css=\"\" data-tablet-css=\"\" class=\"sp-button-sub-txt sp-block sp-mt-1 sp-opacity-75\" style=\"font-size: 12px; line-height: 1;\">Buchen<\/span><\/span><\/a><\/div>\n<\/div>\n<\/div>\n<\/section>\n<section id=\"sp-oap278aufry\" data-mobile-visibility=\"#sp-oap278aufry|false\" data-tablet-visibility=\"#sp-oap278aufry|false\" data-desktop-visibility=\"#sp-oap278aufry|false\" data-mobile-css=\"\" data-tablet-css=\"\" class=\"sp-el-section\" style=\"background-color: rgb(236, 253, 245); width: 100%; max-width: 100%; padding: 80px 60px;\">\n<div id=\"sp-zpiv74zyip4n\" data-mobile-visibility=\"#sp-zpiv74zyip4n|false\" data-tablet-visibility=\"#sp-zpiv74zyip4n|false\" data-desktop-visibility=\"#sp-zpiv74zyip4n|false\" data-mobile-css=\"#sp-zpiv74zyip4n|margin:50px 0px 50px 0px ;\" data-tablet-css=\"\" class=\"sp-el-row sp-w-full  sp-m-auto sm:sp-flex sp-justify-between\">\n<div id=\"sp-m19rsw\" data-mobile-visibility=\"#sp-m19rsw|false\" data-tablet-visibility=\"#sp-m19rsw|false\" data-desktop-visibility=\"#sp-m19rsw|false\" data-mobile-css=\"\" data-tablet-css=\"\" class=\"sp-el-col  sp-w-full\" style=\"width: calc(65% + 0px);\"><span href=\"\" target=\"\" rel=\"\" class=\"sp-header-block-link\" style=\"text-decoration: none;\"><\/p>\n<h1 id=\"sp-mir4v4\" data-mobile-css=\".sp-headline-block-mir4v4, #sp-mir4v4, #mir4v4|font-size:40px;text-align:center;\" data-tablet-css=\".sp-headline-block-mir4v4, #sp-mir4v4, #mir4v4|text-align:center;\" data-mobile-visibility=\".sp-headline-block-mir4v4|false\" data-tablet-visibility=\".sp-headline-block-mir4v4|false\" data-desktop-visibility=\".sp-headline-block-mir4v4|false\" class=\"sp-css-target sp-el-block sp-headline-block-mir4v4 sp-type-header\" style=\"color: rgb(255, 255, 255); text-align: center; margin: 0px;\"><span style=\"color: #000000;\">Mike Muellers<\/span><\/h1>\n<p><\/span><\/p>\n<div id=\"sp-cw4v7y\" data-mobile-css=\".sp-text-wrapper-cw4v7y, #sp-cw4v7y, #cw4v7y|text-align:left;\" data-tablet-css=\".sp-text-wrapper-cw4v7y, #sp-cw4v7y, #cw4v7y|text-align:left;\" data-mobile-visibility=\".sp-text-wrapper-cw4v7y|false\" data-tablet-visibility=\".sp-text-wrapper-cw4v7y|false\" data-desktop-visibility=\".sp-text-wrapper-cw4v7y|false\" class=\"sp-css-target sp-text-wrapper sp-el-block sp-text-block-style sp-text-wrapper-cw4v7y\" style=\"margin: 0px; text-align: left;\">\n<h2 data-section-id=\"1abj8gg\" data-start=\"237\" data-end=\"277\">Kompetenz, Empathie und Erfahrung<\/h2>\n<h2 data-section-id=\"w9lpix\" data-start=\"278\" data-end=\"317\">Ihr Fasten-Coaching mit Mike M\u00fcllers<\/h2>\n<p data-start=\"319\" data-end=\"445\">Fasten ist mehr als Verzicht.<br data-start=\"348\" data-end=\"351\">Es ist der Moment, in dem der K\u00f6rper beginnt aufzur\u00e4umen \u2013<br data-start=\"409\" data-end=\"412\">und der Kopf endlich leiser wird.<\/p>\n<p data-start=\"447\" data-end=\"492\"><strong data-start=\"447\" data-end=\"492\">Genau in diesem Prozess begleite ich Sie.<\/strong><\/p>\n<p data-start=\"494\" data-end=\"606\">Nicht kompliziert.<br data-start=\"512\" data-end=\"515\">Nicht dogmatisch.<br data-start=\"532\" data-end=\"535\">Sondern klar, strukturiert und mit der Erfahrung, die es daf\u00fcr braucht.<\/p>\n<p data-start=\"608\" data-end=\"720\">Im Kurhotel Quellenhof arbeite ich bewusst nach der bew\u00e4hrten<br data-start=\"669\" data-end=\"672\"><span class=\"hover:entity-accent entity-underline inline cursor-pointer align-baseline\"><span class=\"whitespace-normal\">Buchinger-Fasten<\/span><\/span>-Methode.<\/p>\n<p data-start=\"722\" data-end=\"813\">Aber noch wichtiger:<br data-start=\"742\" data-end=\"745\">Ich arbeite nicht nach Schema F \u2013<br data-start=\"778\" data-end=\"781\">ich begleite <strong data-start=\"794\" data-end=\"812\">Sie als Mensch<\/strong>.<\/p>\n<hr data-start=\"815\" data-end=\"818\">\n<h2 data-section-id=\"1wy9bpl\" data-start=\"820\" data-end=\"839\">Was Sie erwartet<\/h2>\n<h3 data-section-id=\"qvn4d7\" data-start=\"841\" data-end=\"878\">Verstehen statt nur durchhalten<\/h3>\n<p data-start=\"879\" data-end=\"1025\">Sie erfahren, was in Ihrem K\u00f6rper passiert \u2013 klar erkl\u00e4rt, ohne Fachsprache.<br data-start=\"955\" data-end=\"958\">Denn wer versteht, fastet ruhiger, sicherer und mit mehr Vertrauen.<\/p>\n<hr data-start=\"1027\" data-end=\"1030\">\n<h3 data-section-id=\"rqj6in\" data-start=\"1032\" data-end=\"1059\">Bewegung, die gut tut<\/h3>\n<p data-start=\"1060\" data-end=\"1226\">Unsere Wanderungen durch die Natur rund um <span class=\"hover:entity-accent entity-underline inline cursor-pointer align-baseline\"><span class=\"whitespace-normal\">Bad Bertrich<\/span><\/span> sind bewusst moderat.<br data-start=\"1162\" data-end=\"1165\">Sie bringen den K\u00f6rper in Bewegung \u2013 ohne ihn zu \u00fcberfordern.<\/p>\n<hr data-start=\"1228\" data-end=\"1231\">\n<h3 data-section-id=\"1or9hqb\" data-start=\"1233\" data-end=\"1261\">Achtsamkeit, die wirkt<\/h3>\n<p data-start=\"1262\" data-end=\"1338\">Sie lernen, wieder auf Ihren K\u00f6rper zu h\u00f6ren.<br data-start=\"1307\" data-end=\"1310\">Leise. Klar. Und ohne Druck.<\/p>\n<hr data-start=\"1340\" data-end=\"1343\">\n<h3 data-section-id=\"1szv6v9\" data-start=\"1345\" data-end=\"1372\">Sicherheit, die tr\u00e4gt<\/h3>\n<p data-start=\"1373\" data-end=\"1500\">Ob Sie zum ersten Mal fasten oder bereits Erfahrung haben \u2013<br data-start=\"1432\" data-end=\"1435\">ich begleite Sie ruhig, pr\u00e4sent und verl\u00e4sslich durch jede Phase.<\/p>\n<hr data-start=\"1502\" data-end=\"1505\">\n<h2 data-section-id=\"1vtivt0\" data-start=\"1507\" data-end=\"1536\">Fasten ist kein Verzicht<\/h2>\n<p data-start=\"1537\" data-end=\"1587\">Es ist eine bewusste Entscheidung f\u00fcr sich selbst.<\/p>\n<p data-start=\"1589\" data-end=\"1679\">Ein Schritt raus aus dem Alltag.<br data-start=\"1621\" data-end=\"1624\">Ein Schritt zur\u00fcck zu Klarheit, Ruhe und neuer Energie.<\/p>\n<hr data-start=\"1681\" data-end=\"1684\">\n<h2 data-section-id=\"1yhjcnk\" data-start=\"1686\" data-end=\"1740\">Wenn Sie sp\u00fcren, dass jetzt der richtige Moment ist<\/h2>\n<p data-start=\"1742\" data-end=\"1773\">\u2026 dann ist er es meistens auch.<\/p>\n<p data-start=\"1775\" data-end=\"1823\">Ich freue mich, Sie auf diesem Weg zu begleiten.<\/p>\n<hr data-start=\"1825\" data-end=\"1828\">\n<p data-start=\"1830\" data-end=\"1859\"><strong data-start=\"1830\" data-end=\"1844\">Herzlichst<\/strong><br data-start=\"1844\" data-end=\"1847\">Mike M\u00fcllers<\/p>\n<\/div>\n<div id=\"sp-k8fw5a\" data-mobile-css=\"#sp-k8fw5a|height:40px;\" data-tablet-css=\"#sp-k8fw5a|height:10px;\" class=\"sp-spacer\" style=\"height: 60px;\"><\/div>\n<div id=\"sp-button-parent-k05x5g\" data-mobile-css=\"#sp-button-parent-k05x5g|text-align:center;\" data-tablet-css=\"#sp-button-parent-k05x5g|text-align:center;\" class=\"sp-button-wrapper sp-el-block\" style=\"margin: 0px; text-align: center;\"><a href=\"https:\/\/rooms.ibelsa.com\/de\/webbookingtwo\/33087407-0D61-16EF-2C67-3FD055C5CC82\/page\" id=\"sp-k05x5g\" data-mobile-css=\"\" data-tablet-css=\"\" data-mobile-visibility=\".sp-button-k05x5g|false\" data-tablet-visibility=\".sp-button-k05x5g|false\" data-desktop-visibility=\".sp-button-k05x5g|false\" target=\"_blank\" rel=\"\" class=\"sp-button sp-css-target sp-text-center sp-inline-block sp-leading-none sp-button-k05x5g\" style=\"font-size: 15px; background: linear-gradient(-180deg, rgb(124, 179, 66), rgb(106, 153, 56) 90%); color: rgb(255, 255, 255); width: auto; padding: 8px 12px; border-radius: 4px; box-shadow: rgba(255, 255, 255, 0.2) 0px 1px 0px inset;\"><i class=\"sp-mr-2 fas fa-bed\"><\/i><span>Ich Will<\/span><span><span id=\"sp-button-sub-text-k05x5g\" data-mobile-css=\"\" data-tablet-css=\"\" class=\"sp-button-sub-txt sp-block sp-mt-1 sp-opacity-75\" style=\"font-size: 9px; line-height: 1;\">Buchen<\/span><\/span><\/a><\/div>\n<\/div>\n<div id=\"sp-lruroi\" data-mobile-visibility=\"#sp-lruroi|false\" data-tablet-visibility=\"#sp-lruroi|false\" data-desktop-visibility=\"#sp-lruroi|false\" data-mobile-css=\"\" data-tablet-css=\"\" class=\"sp-el-col  sp-w-full\" style=\"width: calc(35% + 0px);\">\n<figure id=\"sp-opq4d5\" data-mobile-css=\"#sp-opq4d5|text-align:center;\" data-tablet-css=\"#sp-opq4d5|text-align:center;\" class=\"sp-image-wrapper sp-el-block\" style=\"margin: 0px; text-align: center;\">\n<div><span><img loading=\"lazy\" decoding=\"async\" src=\"https:\/\/mikemuellers.com\/wp-content\/uploads\/2026\/02\/IMG_1571-scaled.jpeg\" alt=\"Fasten Plan\" width=\"1920\" height=\"2560\" data-dynamic-tag=\"\" data-image-src=\"wpmedia\" data-mobile-visibility=\".sp-image-block-opq4d5|false\" data-tablet-visibility=\".sp-image-block-opq4d5|false\" data-desktop-visibility=\".sp-image-block-opq4d5|false\" srcset=\" https:\/\/mikemuellers.com\/wp-content\/uploads\/2026\/02\/IMG_1571-150x150.jpeg 150w, https:\/\/mikemuellers.com\/wp-content\/uploads\/2026\/02\/IMG_1571-225x300.jpeg 225w, https:\/\/mikemuellers.com\/wp-content\/uploads\/2026\/02\/IMG_1571-768x1024.jpeg 768w, https:\/\/mikemuellers.com\/wp-content\/uploads\/2026\/02\/IMG_1571-scaled.jpeg 1920w\" class=\"sp-image-block-opq4d5 custom-preview-class\" style=\"width: 1920px; border-width: 1px; border-style: solid; border-color: rgb(222, 222, 222);\"><\/span><\/div>\n<div id=\"sp-image-dynamic-tags-js-opq4d5\"><script>jQuery(function() { image_dynamic_tags('opq4d5' );});<\/script><\/div>\n<\/figure>\n<\/div>\n<\/div>\n<\/section>","protected":false},"excerpt":{"rendered":"<p>Ja ich will!Buchen Mike Muellers Kompetenz, Empathie und Erfahrung Ihr Fasten-Coaching mit Mike M\u00fcllers Fasten ist mehr als Verzicht.Es ist der Moment, in dem der K\u00f6rper beginnt aufzur\u00e4umen \u2013und der Kopf endlich leiser wird. Genau in diesem Prozess begleite ich Sie. Nicht kompliziert.Nicht dogmatisch.Sondern klar, strukturiert und mit der Erfahrung, die es daf\u00fcr braucht. Im [&hellip;]<\/p>\n","protected":false},"author":1,"featured_media":0,"parent":0,"menu_order":0,"comment_status":"closed","ping_status":"closed","template":"","meta":{"footnotes":""},"class_list":["post-305","page","type-page","status-publish","hentry"],"_links":{"self":[{"href":"https:\/\/mikemuellers.com\/en\/wp-json\/wp\/v2\/pages\/305","targetHints":{"allow":["GET"]}}],"collection":[{"href":"https:\/\/mikemuellers.com\/en\/wp-json\/wp\/v2\/pages"}],"about":[{"href":"https:\/\/mikemuellers.com\/en\/wp-json\/wp\/v2\/types\/page"}],"author":[{"embeddable":true,"href":"https:\/\/mikemuellers.com\/en\/wp-json\/wp\/v2\/users\/1"}],"replies":[{"embeddable":true,"href":"https:\/\/mikemuellers.com\/en\/wp-json\/wp\/v2\/comments?post=305"}],"version-history":[{"count":10,"href":"https:\/\/mikemuellers.com\/en\/wp-json\/wp\/v2\/pages\/305\/revisions"}],"predecessor-version":[{"id":1042,"href":"https:\/\/mikemuellers.com\/en\/wp-json\/wp\/v2\/pages\/305\/revisions\/1042"}],"wp:attachment":[{"href":"https:\/\/mikemuellers.com\/en\/wp-json\/wp\/v2\/media?parent=305"}],"curies":[{"name":"wp","href":"https:\/\/api.w.org\/{rel}","templated":true}]}}