{"id":237,"date":"2026-02-16T18:28:38","date_gmt":"2026-02-16T17:28:38","guid":{"rendered":"https:\/\/mikemuellers.com\/?page_id=237"},"modified":"2026-04-18T11:47:00","modified_gmt":"2026-04-18T09:47:00","slug":"carmen-hubbig-yoga-im-quellenhof","status":"publish","type":"page","link":"https:\/\/mikemuellers.com\/en\/carmen-hubbig-yoga-im-quellenhof\/","title":{"rendered":"Carmen Hubbig Yoga im Quellenhof"},"content":{"rendered":"<section id=\"sp-pq5e6qwb0ulj\" data-mobile-visibility=\"#sp-pq5e6qwb0ulj|false\" data-tablet-visibility=\"#sp-pq5e6qwb0ulj|false\" data-desktop-visibility=\"#sp-pq5e6qwb0ulj|false\" data-mobile-css=\"\" data-tablet-css=\"\" class=\"sp-el-section  spBgcoverscroll\" style=\"background-image: linear-gradient(0deg, rgba(0, 0, 0, 0.15), rgba(0, 0, 0, 0.15)), url('https:\/\/mikemuellers.com\/wp-content\/uploads\/2026\/02\/IMG_5710-scaled.jpg'); width: 100%; max-width: 100%;\">\n<div id=\"sp-qwx3hvywvm38\" data-mobile-visibility=\"#sp-qwx3hvywvm38|false\" data-tablet-visibility=\"#sp-qwx3hvywvm38|false\" data-desktop-visibility=\"#sp-qwx3hvywvm38|false\" data-mobile-css=\"\" data-tablet-css=\"\" class=\"sp-el-row sp-w-full  sp-m-auto sm:sp-flex sp-justify-between\" style=\"width: auto; max-width: 1140px;\">\n<div id=\"sp-r4gme8mxpsft\" data-mobile-visibility=\"#sp-r4gme8mxpsft|false\" data-tablet-visibility=\"#sp-r4gme8mxpsft|false\" data-desktop-visibility=\"#sp-r4gme8mxpsft|false\" data-mobile-css=\"#sp-r4gme8mxpsft|margin-bottom:50px;\" data-tablet-css=\"\" class=\"sp-el-col  sp-w-full sm:sp-flex sp-flex-col sp-justify-center\" style=\"width: calc(33.3333% - 50px);\">\n<figure id=\"sp-i1au6lfqhxvs\" data-mobile-css=\"#sp-i1au6lfqhxvs|text-align:center;\" data-tablet-css=\"#sp-i1au6lfqhxvs|text-align:center;\" class=\"sp-image-wrapper sp-el-block\" style=\"margin: 0px; text-align: left;\">\n<div><span><a href=\"https:\/\/mikemuellers.com\/en\/\" target=\"\" rel=\"\" class=\"sp-inline-block\"><img loading=\"lazy\" decoding=\"async\" src=\"https:\/\/mikemuellers.com\/wp-content\/uploads\/2026\/03\/LogoFreiMike.png\" alt=\"\" width=\"512\" height=\"512\" srcset=\" https:\/\/mikemuellers.com\/wp-content\/uploads\/2026\/03\/LogoFreiMike-150x150.png 150w, https:\/\/mikemuellers.com\/wp-content\/uploads\/2026\/03\/LogoFreiMike-300x300.png 300w, https:\/\/mikemuellers.com\/wp-content\/uploads\/2026\/03\/LogoFreiMike-12x12.png 12w, https:\/\/mikemuellers.com\/wp-content\/uploads\/2026\/03\/LogoFreiMike.png 512w\" data-mobile-visibility=\".sp-image-block-i1au6lfqhxvs|false\" data-tablet-visibility=\".sp-image-block-i1au6lfqhxvs|false\" data-desktop-visibility=\".sp-image-block-i1au6lfqhxvs|false\" class=\"sp-image-block-i1au6lfqhxvs\" style=\"width: 150px;\"><\/a><\/span><\/div>\n<div id=\"sp-image-dynamic-tags-js-i1au6lfqhxvs\"><script>jQuery(function() { image_dynamic_tags('i1au6lfqhxvs' );});<\/script><\/div>\n<\/figure>\n<\/div>\n<div id=\"sp-m1i8zkt1z1v3i\" data-mobile-visibility=\"#sp-m1i8zkt1z1v3i|false\" data-tablet-visibility=\"#sp-m1i8zkt1z1v3i|false\" data-desktop-visibility=\"#sp-m1i8zkt1z1v3i|false\" data-mobile-css=\"#sp-m1i8zkt1z1v3i|margin-bottom:50px;\" data-tablet-css=\"\" class=\"sp-el-col  sp-w-full sm:sp-flex sp-flex-col sp-justify-center sp-items-center\" style=\"width: calc(33.3333% - 50px);\">\n<div id=\"sp-nyqxp0pj78a\" data-mobile-css=\"#sp-nyqxp0pj78a .nav-menu .menu-item |text-align:center;width:100%\" data-tablet-css=\"#sp-nyqxp0pj78a .nav-menu .menu-item |text-align:center\" data-mobile-visibility=\".sp-nav-menu-block-nyqxp0pj78a|false\" data-tablet-visibility=\".sp-nav-menu-block-nyqxp0pj78a|false\" data-desktop-visibility=\".sp-nav-menu-block-nyqxp0pj78a|false\" class=\"sp-nav sp-flex sp-el-block sp-justify-start sp-nav-menu-block-nyqxp0pj78a\" style=\"margin: 30px 30px 0px 0px; font-size: 18px; color: rgb(255, 255, 255); text-shadow: rgba(0, 0, 0, 0.3) 3px 3px 6px; padding: 10px;\">\n<style type=\"text\/css\" data-mobile-css=\"\" data-tablet-css=\"#sp-nyqxp0pj78a|justify-content:center\"><\/style>\n<style type=\"text\/css\" data-mobile-css=\"#sp-nyqxp0pj78a ul li a |text-align:center\" data-tablet-css=\"#sp-nyqxp0pj78a ul li a |text-align:center\"><\/style>\n<style type=\"text\/css\" data-mobile-css=\"\"><\/style>\n<style type=\"text\/css\" data-mobile-css=\"#sp-nyqxp0pj78a .nav-bar |align-items:center\"><\/style>\n<style type=\"text\/css\">     #sp-nyqxp0pj78a .seedprod-menu-horizontal .nav-menu .menu-item ,#sp-nyqxp0pj78a .seedprod-menu-horizontal .nav-menu .seedprod-menu-heading , #sp-nyqxp0pj78a .seedprod-menu-separator {padding:0px 10.5px}      #sp-nyqxp0pj78a .nav-menu ul.sub-menu {box-shadow:0 25px 50px -12px rgba(0, 0, 0, 0.25)}      #sp-nyqxp0pj78a ul li a {font-size:18px}      #sp-nyqxp0pj78a .seedprod-menu-horizontal .nav-menu .separator.menu-item { padding:0px; }      #sp-nyqxp0pj78a .custom-restricted-width .menu-item{padding:10.5px 0px}      #sp-nyqxp0pj78a .seedprod-menu-list li a {color:#FFFFFF;text-align:left}     #sp-nyqxp0pj78a .seedprod-menu-list li{color:#FFFFFF;text-align:left}      #sp-nyqxp0pj78a .seedprod-menu-list li a:hover {text-align:left}      #sp-nyqxp0pj78a .sub-menu {background-color:#fb8c00 !important;border-radius:6px}      #sp-nyqxp0pj78a .sub-menu a {color:#FFFFFF}      #sp-nyqxp0pj78a ul.seedprod-menu-list ul.sub-menu li a:hover{}      #sp-nyqxp0pj78a .bar{background-color:#FFFFFF;}   <\/style>\n<div class=\"sp-nested-nav-wrapper h sp-nav-classhead_menue\">\n<div class=\"seedprod-menu seedprod-menu-builder seedprod-menu-horizontal sp-mobile-menu-true\">\n<div class=\"\">\n<nav class=\"nav-bar\">\n<div class=\"hamburger\"><span class=\"bar\"><\/span><span class=\"bar\"><\/span><span class=\"bar\"><\/span><\/div>\n<div class=\"nav-menu\">\n<div>               <div class=\"nav-menu-bar\"><ul id=\"menu-head_menue\" class=\"seedprod-menu-list\"><li id=\"menu-item-890\" class=\"menu-item menu-item-type-post_type menu-item-object-page menu-item-home menu-item-890\"><a href=\"https:\/\/mikemuellers.com\/en\/\">Home<\/a><\/li>\n<li id=\"menu-item-901\" class=\"menu-item menu-item-type-post_type menu-item-object-page menu-item-has-children menu-item-901\"><a href=\"https:\/\/mikemuellers.com\/en\/kur-und-fastenhotel-quellenhof-bad-bertrich\/\">Das Fastenprogramm &#8211; Die Preise<\/a>\n<ul class=\"sub-menu\">\n\t<li id=\"menu-item-1000\" class=\"menu-item menu-item-type-post_type menu-item-object-page menu-item-1000\"><a href=\"https:\/\/mikemuellers.com\/en\/fasten-und-qigong\/\">Fasten und QiGong<\/a><\/li>\n\t<li id=\"menu-item-902\" class=\"menu-item menu-item-type-post_type menu-item-object-page menu-item-902\"><a href=\"https:\/\/mikemuellers.com\/en\/mike-muellers-fastencoach\/\">Mike Muellers, Fastencoach<\/a><\/li>\n\t<li id=\"menu-item-905\" class=\"menu-item menu-item-type-post_type menu-item-object-page menu-item-905\"><a href=\"https:\/\/mikemuellers.com\/en\/stanislav-hadzhiev-qigong\/\">Stanislav Hadzhiev QiGong<\/a><\/li>\n\t<li id=\"menu-item-989\" class=\"menu-item menu-item-type-post_type menu-item-object-page menu-item-989\"><a href=\"https:\/\/mikemuellers.com\/en\/fasten-yoga-spezial\/\">Fasten Yoga Spezial<\/a><\/li>\n\t<li id=\"menu-item-932\" class=\"menu-item menu-item-type-post_type menu-item-object-page menu-item-932\"><a href=\"https:\/\/mikemuellers.com\/en\/carmen-hubbig-yoga-im-quellenhof\/\">Carmen Hubbig Yoga im Quellenhof<\/a><\/li>\n<\/ul>\n<\/li>\n<li id=\"menu-item-964\" class=\"menu-item menu-item-type-custom menu-item-object-custom menu-item-964\"><a href=\"https:\/\/mikemuellers.com\/en\/contact-2\/\">Contact us<\/a><\/li>\n<li id=\"menu-item-939\" class=\"menu-item menu-item-type-post_type menu-item-object-page current_page_parent menu-item-939\"><a href=\"https:\/\/mikemuellers.com\/en\/blog\/\">Der Fastenblog<\/a><\/li>\n<\/ul><\/div>             <\/div>\n<div><script> jQuery(document).ready(function(){   initDropdowns(); }); <\/script><\/div>\n<\/div>\n<\/nav>\n<\/div>\n<\/div>\n<\/div>\n<\/div>\n<\/div>\n<div id=\"sp-mybp2d2s5tr\" data-mobile-visibility=\"#sp-mybp2d2s5tr|false\" data-tablet-visibility=\"#sp-mybp2d2s5tr|false\" data-desktop-visibility=\"#sp-mybp2d2s5tr|false\" data-mobile-css=\"#sp-mybp2d2s5tr|margin-bottom:50px;\" data-tablet-css=\"#sp-mybp2d2s5tr|margin:0px 0px 100px 0px ;\" class=\"sp-el-col  sp-w-full sm:sp-flex sp-flex-col sp-justify-start\" style=\"width: calc(34% - 50px); margin-bottom: 120px; margin-top: 20px;\">\n<div id=\"sp-button-parent-nhyid17qufqb\" data-mobile-css=\"#sp-button-parent-nhyid17qufqb|text-align:center;\" data-tablet-css=\"#sp-button-parent-nhyid17qufqb|text-align:center;\" class=\"sp-button-wrapper sp-el-block\" style=\"margin: 0px; text-align: right;\"><a href=\"https:\/\/rooms.ibelsa.com\/de\/webbookingtwo\/33087407-0D61-16EF-2C67-3FD055C5CC82\/page\" id=\"sp-nhyid17qufqb\" data-mobile-css=\"\" data-tablet-css=\"\" data-mobile-visibility=\".sp-button-nhyid17qufqb|false\" data-tablet-visibility=\".sp-button-nhyid17qufqb|false\" data-desktop-visibility=\".sp-button-nhyid17qufqb|false\" target=\"_blank\" rel=\"\" class=\"sp-button sp-css-target sp-text-center sp-inline-block sp-leading-none sp-button-nhyid17qufqb\" style=\"text-shadow: rgba(0, 0, 0, 0.4) 2px 2px 4px; font-size: 18px; background: rgb(251, 140, 0); color: rgb(255, 255, 255); width: auto; padding: 12px 18px; border-radius: 17px; box-shadow: rgba(0, 0, 0, 0.1) 0px 10px 15px -3px, rgba(0, 0, 0, 0.5) 0px 4px 6px -2px; border-bottom: 1px solid rgb(0, 0, 0);\"><i class=\"sp-mr-2 fas fa-bed\"><\/i><span>Ja ich will!<\/span><span><span id=\"sp-button-sub-text-nhyid17qufqb\" data-mobile-css=\"\" data-tablet-css=\"\" class=\"sp-button-sub-txt sp-block sp-mt-1 sp-opacity-75\" style=\"font-size: 12px; line-height: 1;\">Buchen<\/span><\/span><\/a><\/div>\n<\/div>\n<\/div>\n<\/section>\n<section id=\"sp-oap278aufry\" data-mobile-visibility=\"#sp-oap278aufry|false\" data-tablet-visibility=\"#sp-oap278aufry|false\" data-desktop-visibility=\"#sp-oap278aufry|false\" data-mobile-css=\"\" data-tablet-css=\"\" class=\"sp-el-section\" style=\"background-color: rgb(236, 253, 245); width: 100%; max-width: 100%; padding: 80px 60px;\">\n<div id=\"sp-zpiv74zyip4n\" data-mobile-visibility=\"#sp-zpiv74zyip4n|false\" data-tablet-visibility=\"#sp-zpiv74zyip4n|false\" data-desktop-visibility=\"#sp-zpiv74zyip4n|false\" data-mobile-css=\"#sp-zpiv74zyip4n|margin:50px 0px 50px 0px ;\" data-tablet-css=\"\" class=\"sp-el-row sp-w-full  sp-m-auto sm:sp-flex sp-justify-between\">\n<div id=\"sp-m19rsw\" data-mobile-visibility=\"#sp-m19rsw|false\" data-tablet-visibility=\"#sp-m19rsw|false\" data-desktop-visibility=\"#sp-m19rsw|false\" data-mobile-css=\"\" data-tablet-css=\"\" class=\"sp-el-col  sp-w-full\" style=\"width: calc(65% + 0px);\"><span href=\"\" target=\"\" rel=\"\" class=\"sp-header-block-link\" style=\"text-decoration: none;\"><\/p>\n<h1 id=\"sp-kbq929\" data-mobile-css=\".sp-headline-block-kbq929, #sp-kbq929, #kbq929|text-align:center;\" data-tablet-css=\".sp-headline-block-kbq929, #sp-kbq929, #kbq929|text-align:center;\" data-mobile-visibility=\".sp-headline-block-kbq929|false\" data-tablet-visibility=\".sp-headline-block-kbq929|false\" data-desktop-visibility=\".sp-headline-block-kbq929|false\" class=\"sp-css-target sp-el-block sp-headline-block-kbq929 sp-type-header\" style=\"text-align: center; margin: 0px;\">Carmen Hubig<\/h1>\n<p><\/span><\/p>\n<div id=\"sp-cw4v7y\" data-mobile-css=\".sp-text-wrapper-cw4v7y, #sp-cw4v7y, #cw4v7y|text-align:left;\" data-tablet-css=\".sp-text-wrapper-cw4v7y, #sp-cw4v7y, #cw4v7y|text-align:left;\" data-mobile-visibility=\".sp-text-wrapper-cw4v7y|false\" data-tablet-visibility=\".sp-text-wrapper-cw4v7y|false\" data-desktop-visibility=\".sp-text-wrapper-cw4v7y|false\" class=\"sp-css-target sp-text-wrapper sp-el-block sp-text-block-style sp-text-wrapper-cw4v7y\" style=\"margin: 0px; text-align: left;\">\n<h2 data-section-id=\"wg5i96\" data-start=\"255\" data-end=\"287\">Vom Kopf zur\u00fcck in den K\u00f6rper<\/h2>\n<blockquote data-start=\"289\" data-end=\"341\">\n<p data-start=\"291\" data-end=\"341\">\u201eErlaube dir zu leben, zu lieben und zu leuchten.\u201c<\/p>\n<\/blockquote>\n<p data-start=\"343\" data-end=\"435\">\u00dcber 25 Jahre war mein Leben von Zahlen gepr\u00e4gt.<br data-start=\"391\" data-end=\"394\">Struktur, Verantwortung, Verl\u00e4sslichkeit.<\/p>\n<p data-start=\"437\" data-end=\"504\">Bis Yoga in mein Leben kam \u2013<br data-start=\"465\" data-end=\"468\">und etwas grundlegend ver\u00e4ndert hat.<\/p>\n<p data-start=\"506\" data-end=\"679\">Was als Begegnung begann, wurde mein Weg.<br data-start=\"547\" data-end=\"550\">Ein Weg, der mich durch intensive Ausbildungen und Lehrer auf der ganzen Welt gef\u00fchrt hat \u2013<br data-start=\"641\" data-end=\"644\">und vor allem zur\u00fcck zu mir selbst.<\/p>\n<hr data-start=\"681\" data-end=\"684\">\n<h2 data-section-id=\"pz9e92\" data-start=\"686\" data-end=\"709\">Erfahrung, die tr\u00e4gt<\/h2>\n<p data-start=\"711\" data-end=\"841\">Mehr als 1.000 Ausbildungsstunden, internationale Teacher Trainings<br data-start=\"778\" data-end=\"781\">und meine T\u00e4tigkeit als Dozentin haben meine Arbeit gepr\u00e4gt.<\/p>\n<p data-start=\"843\" data-end=\"941\">Heute geht es mir nicht mehr darum, immer mehr zu lernen.<br data-start=\"900\" data-end=\"903\">Sondern das Wesentliche weiterzugeben.<\/p>\n<hr data-start=\"943\" data-end=\"946\">\n<h2 data-section-id=\"1qb78ug\" data-start=\"948\" data-end=\"960\">Mein Stil<\/h2>\n<p data-start=\"962\" data-end=\"1009\">Mein Unterricht ist ruhig, flie\u00dfend und klar.<\/p>\n<p data-start=\"1011\" data-end=\"1031\">Eine Verbindung aus:<\/p>\n<ul data-start=\"1033\" data-end=\"1101\">\n<li data-section-id=\"11aw9tr\" data-start=\"1033\" data-end=\"1053\">sanfter Bewegung<\/li>\n<li data-section-id=\"1qr5wi2\" data-start=\"1054\" data-end=\"1074\">bewusster Atmung<\/li>\n<li data-section-id=\"1anevcl\" data-start=\"1075\" data-end=\"1101\">Momenten echter Stille<\/li>\n<\/ul>\n<p data-start=\"1103\" data-end=\"1194\">Erg\u00e4nzt durch Mantren und Klang entsteht ein Raum,<br data-start=\"1153\" data-end=\"1156\">in dem Sie nicht funktionieren m\u00fcssen.<\/p>\n<p data-start=\"1196\" data-end=\"1228\"><strong data-start=\"1196\" data-end=\"1228\">Sondern einfach sein d\u00fcrfen.<\/strong><\/p>\n<hr data-start=\"1230\" data-end=\"1233\">\n<h2 data-section-id=\"lez63u\" data-start=\"1235\" data-end=\"1255\">Was Sie mitnehmen<\/h2>\n<ul data-start=\"1257\" data-end=\"1374\">\n<li data-section-id=\"1andjw0\" data-start=\"1257\" data-end=\"1282\">einen ruhigeren Geist<\/li>\n<li data-section-id=\"1nw511y\" data-start=\"1283\" data-end=\"1318\">einen sp\u00fcrbar leichteren K\u00f6rper<\/li>\n<li data-section-id=\"7pplat\" data-start=\"1319\" data-end=\"1374\">und das Gef\u00fchl, wieder mehr bei sich selbst zu sein<\/li>\n<\/ul>\n<hr data-start=\"1376\" data-end=\"1379\">\n<h2 data-section-id=\"1xuqphj\" data-start=\"1381\" data-end=\"1400\">Meine Begleitung<\/h2>\n<p data-start=\"1402\" data-end=\"1471\">Ich unterrichte auf Deutsch, Englisch, Franz\u00f6sisch und Italienisch.<\/p>\n<p data-start=\"1473\" data-end=\"1592\">Doch unabh\u00e4ngig von der Sprache bleibt mein Ziel immer dasselbe:<br data-start=\"1537\" data-end=\"1540\">Sie wieder in Verbindung mit sich selbst zu bringen.<\/p>\n<hr data-start=\"1594\" data-end=\"1597\">\n<h2 data-section-id=\"13fwr4r\" data-start=\"1599\" data-end=\"1631\">Am Ende geht es nicht um Yoga<\/h2>\n<p data-start=\"1633\" data-end=\"1700\">Sondern darum,<br data-start=\"1647\" data-end=\"1650\">wie Sie sich f\u00fchlen, wenn alles einmal still wird.<\/p>\n<hr data-start=\"1702\" data-end=\"1705\">\n<p data-start=\"1707\" data-end=\"1733\"><strong data-start=\"1707\" data-end=\"1718\">Namast\u00e9<\/strong><br data-start=\"1718\" data-end=\"1721\">Carmen Hubig<\/p>\n<\/div>\n<\/div>\n<div id=\"sp-lruroi\" data-mobile-visibility=\"#sp-lruroi|false\" data-tablet-visibility=\"#sp-lruroi|false\" data-desktop-visibility=\"#sp-lruroi|false\" data-mobile-css=\"\" data-tablet-css=\"\" class=\"sp-el-col  sp-w-full\" style=\"width: calc(35% + 0px);\">\n<div id=\"sp-button-parent-s2onk6gkanqq\" data-mobile-css=\"#sp-button-parent-s2onk6gkanqq|text-align:center;\" data-tablet-css=\"#sp-button-parent-s2onk6gkanqq|text-align:center;\" class=\"sp-button-wrapper sp-el-block\" style=\"margin: 4px 0px 0px; text-align: right;\"><a href=\"https:\/\/wa.me\/491755656696\" id=\"sp-s2onk6gkanqq\" data-mobile-css=\"\" data-tablet-css=\"\" data-mobile-visibility=\".sp-button-s2onk6gkanqq|false\" data-tablet-visibility=\".sp-button-s2onk6gkanqq|false\" data-desktop-visibility=\".sp-button-s2onk6gkanqq|false\" target=\"_blank\" rel=\"\" class=\"sp-button sp-css-target sp-text-center sp-inline-block sp-leading-none sp-button-s2onk6gkanqq\" style=\"font-size: 18px; background: rgb(30, 136, 229); color: rgb(255, 255, 255); width: auto; padding: 12px 16px; border-radius: 4px;\"><span>WhatsApp<\/span><span><span id=\"sp-button-sub-text-s2onk6gkanqq\" data-mobile-css=\"\" data-tablet-css=\"\" class=\"sp-button-sub-txt sp-block sp-mt-1 sp-opacity-75\" style=\"font-size: 12px; line-height: 1;\">Carmen<\/span><\/span><\/a><\/div>\n<figure id=\"sp-opq4d5\" data-mobile-css=\"#sp-opq4d5|text-align:center;\" data-tablet-css=\"#sp-opq4d5|text-align:center;\" class=\"sp-image-wrapper sp-el-block\" style=\"margin: 0px; text-align: center;\">\n<div><span><img loading=\"lazy\" decoding=\"async\" src=\"https:\/\/mikemuellers.com\/wp-content\/uploads\/2026\/02\/Bildschirmfoto-2026-02-16-um-17.06.34.png\" alt=\"Fasten Plan\" width=\"1286\" height=\"1592\" data-dynamic-tag=\"\" data-image-src=\"wpmedia\" data-mobile-visibility=\".sp-image-block-opq4d5|false\" data-tablet-visibility=\".sp-image-block-opq4d5|false\" data-desktop-visibility=\".sp-image-block-opq4d5|false\" srcset=\" https:\/\/mikemuellers.com\/wp-content\/uploads\/2026\/02\/Bildschirmfoto-2026-02-16-um-17.06.34-150x150.png 150w, https:\/\/mikemuellers.com\/wp-content\/uploads\/2026\/02\/Bildschirmfoto-2026-02-16-um-17.06.34-242x300.png 242w, https:\/\/mikemuellers.com\/wp-content\/uploads\/2026\/02\/Bildschirmfoto-2026-02-16-um-17.06.34-827x1024.png 827w, https:\/\/mikemuellers.com\/wp-content\/uploads\/2026\/02\/Bildschirmfoto-2026-02-16-um-17.06.34.png 1286w\" class=\"sp-image-block-opq4d5 custom-preview-class\" style=\"width: 1286px; border-width: 1px; border-style: solid; border-color: rgb(222, 222, 222);\"><\/span><\/div>\n<div id=\"sp-image-dynamic-tags-js-opq4d5\"><script>jQuery(function() { image_dynamic_tags('opq4d5' );});<\/script><\/div>\n<\/figure>\n<\/div>\n<\/div>\n<\/section>","protected":false},"excerpt":{"rendered":"<p>Ja ich will!Buchen Carmen Hubig Vom Kopf zur\u00fcck in den K\u00f6rper \u201eErlaube dir zu leben, zu lieben und zu leuchten.\u201c \u00dcber 25 Jahre war mein Leben von Zahlen gepr\u00e4gt.Struktur, Verantwortung, Verl\u00e4sslichkeit. Bis Yoga in mein Leben kam \u2013und etwas grundlegend ver\u00e4ndert hat. Was als Begegnung begann, wurde mein Weg.Ein Weg, der mich durch intensive Ausbildungen [&hellip;]<\/p>\n","protected":false},"author":1,"featured_media":0,"parent":0,"menu_order":0,"comment_status":"closed","ping_status":"closed","template":"","meta":{"footnotes":""},"class_list":["post-237","page","type-page","status-publish","hentry"],"_links":{"self":[{"href":"https:\/\/mikemuellers.com\/en\/wp-json\/wp\/v2\/pages\/237","targetHints":{"allow":["GET"]}}],"collection":[{"href":"https:\/\/mikemuellers.com\/en\/wp-json\/wp\/v2\/pages"}],"about":[{"href":"https:\/\/mikemuellers.com\/en\/wp-json\/wp\/v2\/types\/page"}],"author":[{"embeddable":true,"href":"https:\/\/mikemuellers.com\/en\/wp-json\/wp\/v2\/users\/1"}],"replies":[{"embeddable":true,"href":"https:\/\/mikemuellers.com\/en\/wp-json\/wp\/v2\/comments?post=237"}],"version-history":[{"count":10,"href":"https:\/\/mikemuellers.com\/en\/wp-json\/wp\/v2\/pages\/237\/revisions"}],"predecessor-version":[{"id":1041,"href":"https:\/\/mikemuellers.com\/en\/wp-json\/wp\/v2\/pages\/237\/revisions\/1041"}],"wp:attachment":[{"href":"https:\/\/mikemuellers.com\/en\/wp-json\/wp\/v2\/media?parent=237"}],"curies":[{"name":"wp","href":"https:\/\/api.w.org\/{rel}","templated":true}]}}